{"id":9417,"date":"2022-08-30T20:06:16","date_gmt":"2022-08-30T20:06:16","guid":{"rendered":"https:\/\/holali.local\/product\/funky-soap-slice-raspberry-compote\/"},"modified":"2024-10-03T20:53:06","modified_gmt":"2024-10-03T20:53:06","slug":"blanco-rosa-rojo-barra-de-jabon","status":"publish","type":"product","link":"https:\/\/holali.co.uk\/es\/product\/white-rose-red-soap-bar\/","title":{"rendered":"Pastilla de jab\u00f3n Rosa Blanca Roja"},"content":{"rendered":"<p><span style=\"color: #4b5058;\"><strong>White Rose Red <a href=\"https:\/\/holali.co.uk\/es\/product\/white-pink-soap-bar\/\">Soap Bar<\/a><\/strong><\/span><\/p>\n<p dir=\"auto\" data-pm-slice=\"1 1 []\">La pastilla de jab\u00f3n White Rose Red est\u00e1 especialmente formulada para el cuidado de la piel y tiene la capacidad de aliviar el dolor del acn\u00e9, el eczema y otras afecciones de la piel, con el resultado de suavizar y calmar la piel.<\/p>\n<p dir=\"auto\" data-pm-slice=\"1 1 []\">Esta barra est\u00e1 hecha con uno de los aceites esenciales m\u00e1s potentes. \u00a1Cons\u00edguela ahora!<\/p>\n<h6>CARACTER\u00cdSTICAS<\/h6>\n<ul>\n<li>Tipos de piel: Todos<\/li>\n<li>\u00c1rea de cuidado de la piel: Rostro, Cuerpo<\/li>\n<li>Peso: 115g aproximadamente<\/li>\n<\/ul>\n<p>NOTA: Comprar jab\u00f3n hecho a mano puede ser caro, pero este jab\u00f3n es asequible y est\u00e1 libre de parabenos y de crueldad. Ofrecemos una variedad de pastillas de jab\u00f3n, cada una con su propia apariencia \u00fanica, lo que las hace m\u00e1s adecuadas para diferentes usos y hechas con ingredientes naturales. El color o el dise\u00f1o pueden variar ligeramente con respecto a las im\u00e1genes mostradas. Si desea saber m\u00e1s sobre nuestros productos, no dude en ponerse en contacto con nosotros en cualquier momento.<\/p>\n<p>\u00bfBuscando una buena idea?\u00a0<a href=\"https:\/\/holali.co.uk\/es\/cuidado-del-cuerpo\/productos-para-el-cuidado-de-la-piel\/hojas-de-papel-jabon\/?wmc-currency=EUR\" target=\"_blank\" rel=\"noopener noreferrer\">S\u00d3LO TIENE QUE HACER CLIC AQU\u00cd<\/a><\/p>","protected":false},"excerpt":{"rendered":"<p>White Rose Red Soap Bar White Rose Red Soap Bar is specially formulated for skin care and has the ability to relieve pain from acne, eczema, and other skin conditions, with a result of softening and soothing the skin. This bar is made with one of the most powerful essential oils. Get it now! FEATURES&#8230;<\/p>","protected":false},"featured_media":11630,"comment_status":"open","ping_status":"closed","template":"","meta":{"_kad_blocks_custom_css":"","_kad_blocks_head_custom_js":"","_kad_blocks_body_custom_js":"","_kad_blocks_footer_custom_js":"","_kad_post_transparent":"default","_kad_post_title":"","_kad_post_layout":"default","_kad_post_sidebar_id":"","_kad_post_content_style":"default","_kad_post_vertical_padding":"default","_kad_post_feature":"","_kad_post_feature_position":"","_kad_post_header":false,"_kad_post_footer":false,"_kad_post_classname":"","_daim_seo_power":"","_daim_enable_ail":""},"product_brand":[],"product_cat":[631,709],"product_tag":[],"class_list":{"0":"post-9417","1":"product","2":"type-product","3":"status-publish","4":"has-post-thumbnail","6":"product_cat-pop-color-soap-bar","7":"product_cat-vegan-pop-color-soap-bar","9":"first","10":"instock","11":"taxable","12":"shipping-taxable","13":"purchasable","14":"product-type-simple","15":"entry","16":"content-bg","17":"loop-entry"},"taxonomy_info":{"product_cat":[{"value":631,"label":"Pop Color Soap Bar"},{"value":709,"label":"Vegan Pop Color Soap Bar"}]},"featured_image_src_large":["https:\/\/holali.co.uk\/wp-content\/uploads\/2022\/08\/raspberry-compote-soap-holali-1024x1024.jpeg",1024,1024,true],"author_info":[],"comment_info":0,"_links":{"self":[{"href":"https:\/\/holali.co.uk\/es\/wp-json\/wp\/v2\/product\/9417","targetHints":{"allow":["GET"]}}],"collection":[{"href":"https:\/\/holali.co.uk\/es\/wp-json\/wp\/v2\/product"}],"about":[{"href":"https:\/\/holali.co.uk\/es\/wp-json\/wp\/v2\/types\/product"}],"replies":[{"embeddable":true,"href":"https:\/\/holali.co.uk\/es\/wp-json\/wp\/v2\/comments?post=9417"}],"wp:featuredmedia":[{"embeddable":true,"href":"https:\/\/holali.co.uk\/es\/wp-json\/wp\/v2\/media\/11630"}],"wp:attachment":[{"href":"https:\/\/holali.co.uk\/es\/wp-json\/wp\/v2\/media?parent=9417"}],"wp:term":[{"taxonomy":"product_brand","embeddable":true,"href":"https:\/\/holali.co.uk\/es\/wp-json\/wp\/v2\/product_brand?post=9417"},{"taxonomy":"product_cat","embeddable":true,"href":"https:\/\/holali.co.uk\/es\/wp-json\/wp\/v2\/product_cat?post=9417"},{"taxonomy":"product_tag","embeddable":true,"href":"https:\/\/holali.co.uk\/es\/wp-json\/wp\/v2\/product_tag?post=9417"}],"curies":[{"name":"wp","href":"https:\/\/api.w.org\/{rel}","templated":true}]}}