{"id":9415,"date":"2022-08-30T20:06:16","date_gmt":"2022-08-30T20:06:16","guid":{"rendered":"https:\/\/holali.local\/product\/funky-soap-slice-angel\/"},"modified":"2025-09-11T22:26:06","modified_gmt":"2025-09-11T22:26:06","slug":"barra-de-jabon-multicolor","status":"publish","type":"product","link":"https:\/\/holali.co.uk\/es\/product\/multicolor-soap-bar\/","title":{"rendered":"MultiColor Soap Bar \u2014 Vibrant. Thick. Lasts Forever."},"content":{"rendered":"<h2 dir=\"auto\" data-pm-slice=\"1 1 []\"><strong data-spm-anchor-id=\"a2ty_o01.29997173.0.i66.59fdc921DRmf3l\">Multicolor Soap Bar \u2014 Big, Bold &amp; Built to Last!<\/strong><\/h2>\n<p><em data-spm-anchor-id=\"a2ty_o01.29997173.0.i58.59fdc921DRmf3l\">(Also known as: Colorful <a href=\"https:\/\/holali.co.uk\/es\/product\/white-pink-soap-bar\/\">Soap Bar<\/a> | Multicolor Soap Bar | Rainbow Luxury Lather)<\/em><\/p>\n<p>Say hello to the <strong>MultiColor Soap Bar<\/strong> \u2014 a dazzling, heavyweight champion of soap craftsmanship. Made with ultra-thick, premium soap flakes, this isn\u2019t just another bar\u2026 it\u2019s <em>the<\/em> longest, thickest, most eye-catching soap on the planet.<\/p>\n<p data-spm-anchor-id=\"a2ty_o01.29997173.0.i59.59fdc921DRmf3l\">Designed for <strong>all skin types<\/strong> and perfect for <strong>face + body<\/strong>, its bold, layered hues don\u2019t just look stunning \u2014 they transform your daily wash into a spa-like ritual. And yes \u2014 while we can\u2019t <em>literally<\/em> reshape your body , its unique ergonomic contours <em>do<\/em> enhance your grip and glide, turning every lather into a sculpting, massaging, sensory delight.<\/p>\n<div class=\"my-2\"><\/div>\n<p><strong>Why You\u2019ll Love It:<\/strong> &#8211; Ultra-rich, long-lasting lather<br \/>\n&#8211; Gentle enough for daily use \u2014 face &amp; body<br \/>\n&#8211; Visually stunning \u2014 a bathroom centerpiece<br \/>\n&#8211; Gender-neutral luxury \u2014 perfect for men &amp; women<br \/>\n&#8211; Approx. 115g of pure chromatic indulgence<\/p>\n<div class=\"my-2\"><\/div>\n<p data-spm-anchor-id=\"a2ty_o01.29997173.0.i60.59fdc921DRmf3l\">Treat your skin \u2014 and your senses \u2014 to the magic of the <strong>Colorful Soap Bar<\/strong>. Because clean shouldn\u2019t be boring\u2026 it should be <em>bold, beautiful, and brilliantly multicolored.<\/em><\/p>\n<p><strong>NOTA<\/strong>: Comprar jab\u00f3n hecho a mano puede ser caro, pero este jab\u00f3n es asequible y est\u00e1 libre de parabenos y de crueldad. Ofrecemos una variedad de pastillas de jab\u00f3n, cada una con su propia apariencia \u00fanica, lo que las hace m\u00e1s adecuadas para diferentes usos y hechas con ingredientes naturales. El color o el dise\u00f1o pueden variar ligeramente con respecto a las im\u00e1genes mostradas. Si desea saber m\u00e1s sobre nuestros productos, no dude en ponerse en contacto con nosotros en cualquier momento.<\/p>\n<p>Ready for a pop of color?<a href=\"https:\/\/holali.co.uk\/es\/producto\/barra-de-jabon-multicolor-claro\/?wmc-currency=EUR\"> Grab this vibrant soap now<\/a>\u2014fun, fresh, and totally addictive!<\/p>\n<p><img loading=\"lazy\" decoding=\"async\" class=\"alignnone\" src=\"https:\/\/holali.co.uk\/wp-content\/uploads\/2022\/08\/multicolor-soap-bar.webp\" width=\"1109\" height=\"1109\" alt=\"\" title=\"\"><\/p>\n<p><img loading=\"lazy\" decoding=\"async\" class=\"alignnone size-medium\" src=\"https:\/\/holali.co.uk\/wp-content\/uploads\/2022\/08\/model-using-multicolor-soap.webp\" width=\"1024\" height=\"1024\" alt=\"\" title=\"\"><\/p>","protected":false},"excerpt":{"rendered":"<p>MultiColor Soap Bar \u2014 Thick. Bold. Unforgettable. The world\u2019s most vibrant, long-lasting soap for face &amp; body. Lather in color. Wash in luxury.<\/p>","protected":false},"featured_media":11576,"comment_status":"open","ping_status":"closed","template":"","meta":{"_kad_blocks_custom_css":"","_kad_blocks_head_custom_js":"","_kad_blocks_body_custom_js":"","_kad_blocks_footer_custom_js":"","_kad_post_transparent":"default","_kad_post_title":"","_kad_post_layout":"default","_kad_post_sidebar_id":"","_kad_post_content_style":"default","_kad_post_vertical_padding":"default","_kad_post_feature":"","_kad_post_feature_position":"","_kad_post_header":false,"_kad_post_footer":false,"_kad_post_classname":"","_daim_seo_power":"1000","_daim_enable_ail":"1"},"product_brand":[],"product_cat":[631,709],"product_tag":[],"class_list":{"0":"post-9415","1":"product","2":"type-product","3":"status-publish","4":"has-post-thumbnail","6":"product_cat-pop-color-soap-bar","7":"product_cat-vegan-pop-color-soap-bar","9":"first","10":"instock","11":"taxable","12":"shipping-taxable","13":"purchasable","14":"product-type-simple","15":"entry","16":"content-bg","17":"loop-entry"},"taxonomy_info":{"product_cat":[{"value":631,"label":"Pop Color Soap Bar"},{"value":709,"label":"Vegan Pop Color Soap Bar"}]},"featured_image_src_large":["https:\/\/holali.co.uk\/wp-content\/uploads\/2022\/08\/angel-soap-holali-1024x1024.jpeg",1024,1024,true],"author_info":[],"comment_info":0,"_links":{"self":[{"href":"https:\/\/holali.co.uk\/es\/wp-json\/wp\/v2\/product\/9415","targetHints":{"allow":["GET"]}}],"collection":[{"href":"https:\/\/holali.co.uk\/es\/wp-json\/wp\/v2\/product"}],"about":[{"href":"https:\/\/holali.co.uk\/es\/wp-json\/wp\/v2\/types\/product"}],"replies":[{"embeddable":true,"href":"https:\/\/holali.co.uk\/es\/wp-json\/wp\/v2\/comments?post=9415"}],"wp:featuredmedia":[{"embeddable":true,"href":"https:\/\/holali.co.uk\/es\/wp-json\/wp\/v2\/media\/11576"}],"wp:attachment":[{"href":"https:\/\/holali.co.uk\/es\/wp-json\/wp\/v2\/media?parent=9415"}],"wp:term":[{"taxonomy":"product_brand","embeddable":true,"href":"https:\/\/holali.co.uk\/es\/wp-json\/wp\/v2\/product_brand?post=9415"},{"taxonomy":"product_cat","embeddable":true,"href":"https:\/\/holali.co.uk\/es\/wp-json\/wp\/v2\/product_cat?post=9415"},{"taxonomy":"product_tag","embeddable":true,"href":"https:\/\/holali.co.uk\/es\/wp-json\/wp\/v2\/product_tag?post=9415"}],"curies":[{"name":"wp","href":"https:\/\/api.w.org\/{rel}","templated":true}]}}