{"id":9409,"date":"2022-08-30T20:06:14","date_gmt":"2022-08-30T20:06:14","guid":{"rendered":"https:\/\/holali.local\/product\/funky-soap-slice-pink-cava\/"},"modified":"2026-03-12T23:57:42","modified_gmt":"2026-03-12T23:57:42","slug":"blanco-rosa-barra-de-jabon","status":"publish","type":"product","link":"https:\/\/holali.co.uk\/es\/product\/white-pink-soap-bar\/","title":{"rendered":"Pastilla de jab\u00f3n blanco-rosa"},"content":{"rendered":"<h2 dir=\"auto\" data-pm-slice=\"1 1 []\">Incre\u00edble pastilla de jab\u00f3n blanco rosa<\/h2>\n<p dir=\"auto\" data-pm-slice=\"1 1 []\"><a href=\"https:\/\/holali.co.uk\/wp-content\/uploads\/2022\/08\/pink-cava-soap-holali.jpeg\"><img loading=\"lazy\" decoding=\"async\" class=\"alignnone size-medium wp-image-11628\" src=\"https:\/\/holali.co.uk\/wp-content\/uploads\/2022\/08\/pink-cava-soap-holali-300x300.jpeg\" alt=\"Pastilla de jab\u00f3n blanco-rosa\" width=\"300\" height=\"300\" title=\"\" srcset=\"https:\/\/holali.co.uk\/wp-content\/uploads\/2022\/08\/pink-cava-soap-holali-300x300.jpeg 300w, https:\/\/holali.co.uk\/wp-content\/uploads\/2022\/08\/pink-cava-soap-holali-1024x1024.jpeg 1024w, https:\/\/holali.co.uk\/wp-content\/uploads\/2022\/08\/pink-cava-soap-holali-150x150.jpeg 150w, https:\/\/holali.co.uk\/wp-content\/uploads\/2022\/08\/pink-cava-soap-holali-768x768.jpeg 768w, https:\/\/holali.co.uk\/wp-content\/uploads\/2022\/08\/pink-cava-soap-holali-1536x1536.jpeg 1536w, https:\/\/holali.co.uk\/wp-content\/uploads\/2022\/08\/pink-cava-soap-holali-12x12.jpeg 12w, https:\/\/holali.co.uk\/wp-content\/uploads\/2022\/08\/pink-cava-soap-holali-465x465.jpeg 465w, https:\/\/holali.co.uk\/wp-content\/uploads\/2022\/08\/pink-cava-soap-holali-100x100.jpeg 100w, https:\/\/holali.co.uk\/wp-content\/uploads\/2022\/08\/pink-cava-soap-holali-930x930.jpeg 930w, https:\/\/holali.co.uk\/wp-content\/uploads\/2022\/08\/pink-cava-soap-holali-154x154.jpeg 154w, https:\/\/holali.co.uk\/wp-content\/uploads\/2022\/08\/pink-cava-soap-holali-77x77.jpeg 77w, https:\/\/holali.co.uk\/wp-content\/uploads\/2022\/08\/pink-cava-soap-holali.jpeg 1600w\" sizes=\"auto, (max-width: 300px) 100vw, 300px\" \/><\/a><\/p>\n<p dir=\"auto\" data-pm-slice=\"1 1 []\">Con White Pink Soap Bar, hemos creado una pastilla de jab\u00f3n que es la compa\u00f1era perfecta para todos los buenos y malos momentos de la vida. Tiene un sabor dulce y divertido, y es f\u00e1cil de usar.<\/p>\n<p dir=\"auto\" data-pm-slice=\"1 1 []\">Es lo suficientemente bonito como para que lo disfrute todo el mundo. \u00a1Cons\u00edguelo ahora!<\/p>\n<p>CARACTER\u00cdSTICAS<\/p>\n<ul>\n<li>Tipos de piel: Todos<\/li>\n<li>\u00c1rea de cuidado de la piel: Rostro, Cuerpo<\/li>\n<li>Peso: 115g aproximadamente<\/li>\n<\/ul>\n<p>NOTE: Buying handmade soap can be expensive, but this soap is affordable and <a href=\"https:\/\/en.wikipedia.org\/wiki\/Methylparaben\" target=\"_blank\" rel=\"noopener\">paraben-free<\/a>, and cruelty-free! We offer a variety of soap bars, each boasting its own unique appearance, which makes them better suited to different uses and made with natural ingredients. The color or design may slightly vary from the pictures shown. If you would like to know more about our products, feel free to contact us at any time!<\/p>\n<p>Experience gentle luxury with our White Pink Soap Bar, perfect for all skin types and both face and body. For a bold twist, try the <a class=\"daim-suggestion-link\" spellcheck=\"false\" href=\"https:\/\/holali.co.uk\/es\/producto\/barra-de-jabon-multicolor\/?wmc-currency=EUR\" target=\"_blank\" rel=\"noopener\" data-index=\"1\"><span class=\"daim-suggestion-title\">MultiColor Soap Bar \u2014 Vibrant. Thick. Lasts Forever.<\/span><\/a>\u00a0Both handmade, paraben-free, and cruelty-free, these bars offer a creamy lather and natural ingredients. Mix and match for a unique, spa-like cleansing routine.<\/p>\n<p>\u00bfBuscando una buena idea?\u00a0<a href=\"https:\/\/holali.co.uk\/es\/producto\/cara-sonriente-de-lufa-entera\/?wmc-currency=EUR\" target=\"_blank\" rel=\"noopener noreferrer\">S\u00d3LO TIENE QUE HACER CLIC AQU\u00cd<\/a><\/p>","protected":false},"excerpt":{"rendered":"<p>Discover the perfect companion for every moment with our White Pink Soap Bar \u2014 gentle, fun, and suitable for all skin types! Enjoy a creamy, natural lather that&#8217;s paraben-free, cruelty-free, and affordable. Ready to elevate your skincare routine? Don\u2019t wait\u2014click here now to shop our unique, <a href=\"https:\/\/holali.co.uk\/es\/producto\/jabon-barra-exfoliante-frambuesa\/?wmc-currency=EUR\" title=\"Jab\u00f3n exfoliante de frambuesa\" target=\"_blank\" rel=\"noopener\"  data-wpil-monitor-id=\"1417\">handmade soap bars<\/a> and treat yourself to a spa-like experience every day!<\/p>\n<p dir=\"auto\" data-pm-slice=\"1 1 []\">Con White Pink Soap Bar, hemos creado una pastilla de jab\u00f3n que es la compa\u00f1era perfecta para todos los buenos y malos momentos de la vida. Tiene un sabor dulce y divertido, y es f\u00e1cil de usar.<\/p>","protected":false},"featured_media":11628,"comment_status":"open","ping_status":"closed","template":"","meta":{"_kad_blocks_custom_css":"","_kad_blocks_head_custom_js":"","_kad_blocks_body_custom_js":"","_kad_blocks_footer_custom_js":"","_kad_post_transparent":"default","_kad_post_title":"","_kad_post_layout":"default","_kad_post_sidebar_id":"","_kad_post_content_style":"default","_kad_post_vertical_padding":"default","_kad_post_feature":"","_kad_post_feature_position":"","_kad_post_header":false,"_kad_post_footer":false,"_kad_post_classname":"","_daim_seo_power":"1000","_daim_enable_ail":"1"},"product_brand":[],"product_cat":[631,709],"product_tag":[],"class_list":{"0":"post-9409","1":"product","2":"type-product","3":"status-publish","4":"has-post-thumbnail","6":"product_cat-pop-color-soap-bar","7":"product_cat-vegan-pop-color-soap-bar","9":"first","10":"instock","11":"taxable","12":"shipping-taxable","13":"purchasable","14":"product-type-simple","15":"entry","16":"content-bg","17":"loop-entry"},"taxonomy_info":{"product_cat":[{"value":631,"label":"Pop Color Soap Bar"},{"value":709,"label":"Vegan Pop Color Soap Bar"}]},"featured_image_src_large":["https:\/\/holali.co.uk\/wp-content\/uploads\/2022\/08\/pink-cava-soap-holali-1024x1024.jpeg",1024,1024,true],"author_info":[],"comment_info":2,"_links":{"self":[{"href":"https:\/\/holali.co.uk\/es\/wp-json\/wp\/v2\/product\/9409","targetHints":{"allow":["GET"]}}],"collection":[{"href":"https:\/\/holali.co.uk\/es\/wp-json\/wp\/v2\/product"}],"about":[{"href":"https:\/\/holali.co.uk\/es\/wp-json\/wp\/v2\/types\/product"}],"replies":[{"embeddable":true,"href":"https:\/\/holali.co.uk\/es\/wp-json\/wp\/v2\/comments?post=9409"}],"wp:featuredmedia":[{"embeddable":true,"href":"https:\/\/holali.co.uk\/es\/wp-json\/wp\/v2\/media\/11628"}],"wp:attachment":[{"href":"https:\/\/holali.co.uk\/es\/wp-json\/wp\/v2\/media?parent=9409"}],"wp:term":[{"taxonomy":"product_brand","embeddable":true,"href":"https:\/\/holali.co.uk\/es\/wp-json\/wp\/v2\/product_brand?post=9409"},{"taxonomy":"product_cat","embeddable":true,"href":"https:\/\/holali.co.uk\/es\/wp-json\/wp\/v2\/product_cat?post=9409"},{"taxonomy":"product_tag","embeddable":true,"href":"https:\/\/holali.co.uk\/es\/wp-json\/wp\/v2\/product_tag?post=9409"}],"curies":[{"name":"wp","href":"https:\/\/api.w.org\/{rel}","templated":true}]}}