{"id":9407,"date":"2022-08-30T20:06:14","date_gmt":"2022-08-30T20:06:14","guid":{"rendered":"https:\/\/holali.local\/product\/funky-soap-slice-peach-melba\/"},"modified":"2024-10-03T20:53:07","modified_gmt":"2024-10-03T20:53:07","slug":"naranja-amarillo-barra-de-jabon","status":"publish","type":"product","link":"https:\/\/holali.co.uk\/es\/product\/orange-yellow-soap-bar\/","title":{"rendered":"Jab\u00f3n amarillo anaranjado en barra"},"content":{"rendered":"<h2 dir=\"auto\" data-pm-slice=\"1 1 []\">La mejor barra de jab\u00f3n amarillo anaranjado<\/h2>\n<p><span style=\"color: #4b5058;\">Orange Yellow <a href=\"https:\/\/holali.co.uk\/es\/product\/white-pink-soap-bar\/\">Soap Bar<\/a> is a<\/span> pastilla de jab\u00f3n de colores vivos, dise\u00f1ada para ser utilizada a diario.<\/p>\n<p>Nuestra pastilla de jab\u00f3n es como una experiencia de sushi de lujo: el aroma es delicioso, la textura es sedosa y no es t\u00f3xica. \u00a1Cons\u00edguelo ahora!<\/p>\n<p>CARACTER\u00cdSTICAS<\/p>\n<ul>\n<li>Tipos de piel: Todos<\/li>\n<li>\u00c1rea de cuidado de la piel: Rostro, Cuerpo<\/li>\n<li>Peso: 115g aproximadamente<\/li>\n<\/ul>\n<p>NOTA: Comprar jab\u00f3n hecho a mano puede ser caro, pero este jab\u00f3n es asequible y est\u00e1 libre de parabenos y de crueldad. Ofrecemos una variedad de pastillas de jab\u00f3n, cada una con su propia apariencia \u00fanica, lo que las hace m\u00e1s adecuadas para diferentes usos y hechas con ingredientes naturales. El color o el dise\u00f1o pueden variar ligeramente con respecto a las im\u00e1genes mostradas. Si desea saber m\u00e1s sobre nuestros productos, no dude en ponerse en contacto con nosotros en cualquier momento.<\/p>\n<p>\u00bfBuscando una buena idea?\u00a0<a href=\"https:\/\/holali.co.uk\/es\/producto\/cara-sonriente-de-lufa-entera\/?wmc-currency=EUR\" target=\"_blank\" rel=\"noopener noreferrer\">S\u00d3LO TIENE QUE HACER CLIC AQU\u00cd<\/a><\/p>","protected":false},"excerpt":{"rendered":"<p>Best Orange Yellow Soap Bar Orange Yellow Soap Bar is a brightly colored soap bar, designed to be used every day. Our soap bar it&#8217;s like a luxury sushi experience: the scent is delightful, the texture is silky, and it&#8217;s non-toxic. Get it now! FEATURES Skin Types: All Skin care area: Face, Body Weight: 115g&#8230;<\/p>","protected":false},"featured_media":11578,"comment_status":"open","ping_status":"closed","template":"","meta":{"_kad_blocks_custom_css":"","_kad_blocks_head_custom_js":"","_kad_blocks_body_custom_js":"","_kad_blocks_footer_custom_js":"","_kad_post_transparent":"default","_kad_post_title":"","_kad_post_layout":"default","_kad_post_sidebar_id":"","_kad_post_content_style":"default","_kad_post_vertical_padding":"default","_kad_post_feature":"","_kad_post_feature_position":"","_kad_post_header":false,"_kad_post_footer":false,"_kad_post_classname":"","_daim_seo_power":"","_daim_enable_ail":""},"product_brand":[],"product_cat":[631,709],"product_tag":[],"class_list":{"0":"post-9407","1":"product","2":"type-product","3":"status-publish","4":"has-post-thumbnail","6":"product_cat-pop-color-soap-bar","7":"product_cat-vegan-pop-color-soap-bar","9":"first","10":"instock","11":"taxable","12":"shipping-taxable","13":"purchasable","14":"product-type-simple","15":"entry","16":"content-bg","17":"loop-entry"},"taxonomy_info":{"product_cat":[{"value":631,"label":"Pop Color Soap Bar"},{"value":709,"label":"Vegan Pop Color Soap Bar"}]},"featured_image_src_large":["https:\/\/holali.co.uk\/wp-content\/uploads\/2022\/08\/peach-melba-soap-holali-1024x1024.jpeg",1024,1024,true],"author_info":[],"comment_info":0,"_links":{"self":[{"href":"https:\/\/holali.co.uk\/es\/wp-json\/wp\/v2\/product\/9407","targetHints":{"allow":["GET"]}}],"collection":[{"href":"https:\/\/holali.co.uk\/es\/wp-json\/wp\/v2\/product"}],"about":[{"href":"https:\/\/holali.co.uk\/es\/wp-json\/wp\/v2\/types\/product"}],"replies":[{"embeddable":true,"href":"https:\/\/holali.co.uk\/es\/wp-json\/wp\/v2\/comments?post=9407"}],"wp:featuredmedia":[{"embeddable":true,"href":"https:\/\/holali.co.uk\/es\/wp-json\/wp\/v2\/media\/11578"}],"wp:attachment":[{"href":"https:\/\/holali.co.uk\/es\/wp-json\/wp\/v2\/media?parent=9407"}],"wp:term":[{"taxonomy":"product_brand","embeddable":true,"href":"https:\/\/holali.co.uk\/es\/wp-json\/wp\/v2\/product_brand?post=9407"},{"taxonomy":"product_cat","embeddable":true,"href":"https:\/\/holali.co.uk\/es\/wp-json\/wp\/v2\/product_cat?post=9407"},{"taxonomy":"product_tag","embeddable":true,"href":"https:\/\/holali.co.uk\/es\/wp-json\/wp\/v2\/product_tag?post=9407"}],"curies":[{"name":"wp","href":"https:\/\/api.w.org\/{rel}","templated":true}]}}