{"id":9035,"date":"2022-08-30T20:04:39","date_gmt":"2022-08-30T20:04:39","guid":{"rendered":"https:\/\/holali.local\/product\/cherry-bath-dust-200g\/"},"modified":"2024-10-03T20:53:08","modified_gmt":"2024-10-03T20:53:08","slug":"polvo-de-cereza-200g","status":"publish","type":"product","link":"https:\/\/holali.co.uk\/es\/product\/cherry-bath-flakes-200g\/","title":{"rendered":"Copos de ba\u00f1o de cereza 200g"},"content":{"rendered":"<h2>Copos de ba\u00f1o de cereza 200g<\/h2>\n<p>Bath Bomb Flakes es perfecto para cualquiera que busque productos de alta calidad y novedosos para a\u00f1adir a su ba\u00f1o. Tambi\u00e9n es un gran regalo de San Valent\u00edn o de cumplea\u00f1os.<\/p>\n<p>Make your bath time more enjoyable, our bath flakes have the same effect as <a href=\"https:\/\/holali.co.uk\/es\/product\/angel-delight-bath-bomb\/\">bath bombs<\/a>, the difference is just in a powder form. Just sprinkle as many Bath Flakes as you like into your warm bath!<\/p>\n<p>Elija entre varias fragancias encantadoras y coloridas, su piel no s\u00f3lo oler\u00e1 bien sino que tambi\u00e9n estar\u00e1 suave, tersa y nutrida.<\/p>\n<p>Each Bath Dust is made of a mixture of <a href=\"https:\/\/holali.co.uk\/es\/producto\/polvo-de-bano-de-bayas-200g\/?wmc-currency=EUR\" title=\"Copos de ba\u00f1o de bayas 200g\" target=\"_blank\" rel=\"noopener\"  data-wpil-monitor-id=\"847\">citric acid and sodium bicarbonate<\/a> to soften the water. In addition, they all contain Shea Butter to make the skin soft.<\/p>\n<p>Echa un vistazo a nuestros <a href=\"https:\/\/holali.co.uk\/es\/productos-de-bano\/bombas-de-bano\/bano-fizzer\/?wmc-currency=EUR\"><strong>BOMBAS DE BA\u00d1O DE DONUTS<\/strong><\/a><\/p>","protected":false},"excerpt":{"rendered":"<p>Cherry Bath Flakes 200g Bath Bomb Flakes is perfect for anyone looking for high-quality and novelty products to add to your bathroom. It is also a great valentines gift or birthday gift. Make your bath time more enjoyable, our bath flakes have the same effect as bath bombs, the difference is just in a powder&#8230;<\/p>","protected":false},"featured_media":9036,"comment_status":"open","ping_status":"closed","template":"","meta":{"_kad_blocks_custom_css":"","_kad_blocks_head_custom_js":"","_kad_blocks_body_custom_js":"","_kad_blocks_footer_custom_js":"","_kad_post_transparent":"default","_kad_post_title":"","_kad_post_layout":"default","_kad_post_sidebar_id":"","_kad_post_content_style":"default","_kad_post_vertical_padding":"default","_kad_post_feature":"","_kad_post_feature_position":"","_kad_post_header":false,"_kad_post_footer":false,"_kad_post_classname":"","_daim_seo_power":"","_daim_enable_ail":""},"product_brand":[],"product_cat":[614],"product_tag":[],"class_list":{"0":"post-9035","1":"product","2":"type-product","3":"status-publish","4":"has-post-thumbnail","6":"product_cat-bath-flakes","8":"first","9":"instock","10":"taxable","11":"shipping-taxable","12":"purchasable","13":"product-type-simple","14":"entry","15":"content-bg","16":"loop-entry"},"taxonomy_info":{"product_cat":[{"value":614,"label":"Bath Flakes"}]},"featured_image_src_large":["https:\/\/holali.co.uk\/wp-content\/uploads\/2022\/08\/207472-1024x1024.jpeg",1024,1024,true],"author_info":[],"comment_info":0,"_links":{"self":[{"href":"https:\/\/holali.co.uk\/es\/wp-json\/wp\/v2\/product\/9035","targetHints":{"allow":["GET"]}}],"collection":[{"href":"https:\/\/holali.co.uk\/es\/wp-json\/wp\/v2\/product"}],"about":[{"href":"https:\/\/holali.co.uk\/es\/wp-json\/wp\/v2\/types\/product"}],"replies":[{"embeddable":true,"href":"https:\/\/holali.co.uk\/es\/wp-json\/wp\/v2\/comments?post=9035"}],"wp:featuredmedia":[{"embeddable":true,"href":"https:\/\/holali.co.uk\/es\/wp-json\/wp\/v2\/media\/9036"}],"wp:attachment":[{"href":"https:\/\/holali.co.uk\/es\/wp-json\/wp\/v2\/media?parent=9035"}],"wp:term":[{"taxonomy":"product_brand","embeddable":true,"href":"https:\/\/holali.co.uk\/es\/wp-json\/wp\/v2\/product_brand?post=9035"},{"taxonomy":"product_cat","embeddable":true,"href":"https:\/\/holali.co.uk\/es\/wp-json\/wp\/v2\/product_cat?post=9035"},{"taxonomy":"product_tag","embeddable":true,"href":"https:\/\/holali.co.uk\/es\/wp-json\/wp\/v2\/product_tag?post=9035"}],"curies":[{"name":"wp","href":"https:\/\/api.w.org\/{rel}","templated":true}]}}