{"id":9009,"date":"2022-08-30T20:04:32","date_gmt":"2022-08-30T20:04:32","guid":{"rendered":"https:\/\/holali.local\/product\/charcoal-soap-85g-lavender\/"},"modified":"2024-10-03T20:53:09","modified_gmt":"2024-10-03T20:53:09","slug":"jabon-de-cara-al-carbon-con-lavanda","status":"publish","type":"product","link":"https:\/\/holali.co.uk\/es\/product\/charcoal-face-soap-with-lavender\/","title":{"rendered":"Jab\u00f3n facial de carb\u00f3n vegetal con lavanda"},"content":{"rendered":"<h2>Jab\u00f3n facial de carb\u00f3n vegetal para reducir el acn\u00e9 y las arrugas<\/h2>\n<p>Discover the rejuvenating benefits of our <strong>Jab\u00f3n facial de carb\u00f3n vegetal con lavanda<\/strong>, a skincare essential designed to transform your complexion. This powerful yet gentle formula effectively cleanses your skin, removing impurities without the use of harsh chemicals, leaving it soft, silky, and refreshingly clean after every use.<\/p>\n<p>Crafted with the finest natural ingredients, our soap is not only 100% <a href=\"https:\/\/holali.co.uk\/es\/product\/white-pink-soap-bar\/\">vegan<\/a> and cruelty-free but also free from artificial fragrances and preservatives, ensuring you receive the purest care for your skin. The activated charcoal in our formula works wonders in deeply cleansing and detoxifying your pores, actively reducing acne and preventing future breakouts. Meanwhile, the calming lavender oil soothes inflammation, balances your skin&#8217;s natural oils, and promotes a relaxing, spa-like experience with every wash.<\/p>\n<p>But the benefits don\u2019t stop there. Our <strong><a href=\"https:\/\/holali.co.uk\/es\/producto\/jabon-de-carbon-para-el-acne-sin-perfume\/?wmc-currency=EUR\" title=\"Jab\u00f3n de carb\u00f3n vegetal para el acn\u00e9 - Sin perfume\" target=\"_blank\" rel=\"noopener\"  data-wpil-monitor-id=\"1273\">Charcoal Face Soap<\/a> With Lavender<\/strong> is also your ally in the fight against aging. The natural ingredients help minimize the appearance of wrinkles and fine lines, restoring a youthful glow to your skin. With regular use, you\u2019ll notice a clearer, smoother, and more radiant complexion, making it an indispensable part of your skincare routine.<\/p>\n<p>Indulge in the luxurious lather and the enchanting scent of lavender that make each use feel like a pampering ritual. Elevate your daily skincare with Holali\u2019s <strong>Jab\u00f3n facial de carb\u00f3n vegetal con lavanda<\/strong>, and give your skin the natural, gentle care it deserves for a healthier, more vibrant appearance.<\/p>","protected":false},"excerpt":{"rendered":"<p>Charcoal Face Soap for Reducing Acne, and Wrinkles Discover the rejuvenating benefits of our Charcoal Face Soap With Lavender, a skincare essential designed to transform your complexion. This powerful yet gentle formula effectively cleanses your skin, removing impurities without the use of harsh chemicals, leaving it soft, silky, and refreshingly clean after every use. Crafted&#8230;<\/p>","protected":false},"featured_media":9010,"comment_status":"open","ping_status":"closed","template":"","meta":{"_kad_blocks_custom_css":"","_kad_blocks_head_custom_js":"","_kad_blocks_body_custom_js":"","_kad_blocks_footer_custom_js":"","_kad_post_transparent":"default","_kad_post_title":"","_kad_post_layout":"default","_kad_post_sidebar_id":"","_kad_post_content_style":"default","_kad_post_vertical_padding":"default","_kad_post_feature":"","_kad_post_feature_position":"","_kad_post_header":false,"_kad_post_footer":false,"_kad_post_classname":"","_daim_seo_power":"","_daim_enable_ail":""},"product_brand":[],"product_cat":[613],"product_tag":[],"class_list":{"0":"post-9009","1":"product","2":"type-product","3":"status-publish","4":"has-post-thumbnail","6":"product_cat-charcoal-soap","8":"first","9":"instock","10":"taxable","11":"shipping-taxable","12":"purchasable","13":"product-type-simple","14":"entry","15":"content-bg","16":"loop-entry"},"taxonomy_info":{"product_cat":[{"value":613,"label":"Charcoal Soap"}]},"featured_image_src_large":["https:\/\/holali.co.uk\/wp-content\/uploads\/2022\/08\/206641-1024x1024.jpeg",1024,1024,true],"author_info":[],"comment_info":0,"_links":{"self":[{"href":"https:\/\/holali.co.uk\/es\/wp-json\/wp\/v2\/product\/9009","targetHints":{"allow":["GET"]}}],"collection":[{"href":"https:\/\/holali.co.uk\/es\/wp-json\/wp\/v2\/product"}],"about":[{"href":"https:\/\/holali.co.uk\/es\/wp-json\/wp\/v2\/types\/product"}],"replies":[{"embeddable":true,"href":"https:\/\/holali.co.uk\/es\/wp-json\/wp\/v2\/comments?post=9009"}],"wp:featuredmedia":[{"embeddable":true,"href":"https:\/\/holali.co.uk\/es\/wp-json\/wp\/v2\/media\/9010"}],"wp:attachment":[{"href":"https:\/\/holali.co.uk\/es\/wp-json\/wp\/v2\/media?parent=9009"}],"wp:term":[{"taxonomy":"product_brand","embeddable":true,"href":"https:\/\/holali.co.uk\/es\/wp-json\/wp\/v2\/product_brand?post=9009"},{"taxonomy":"product_cat","embeddable":true,"href":"https:\/\/holali.co.uk\/es\/wp-json\/wp\/v2\/product_cat?post=9009"},{"taxonomy":"product_tag","embeddable":true,"href":"https:\/\/holali.co.uk\/es\/wp-json\/wp\/v2\/product_tag?post=9009"}],"curies":[{"name":"wp","href":"https:\/\/api.w.org\/{rel}","templated":true}]}}