{"id":8995,"date":"2022-08-30T20:04:28","date_gmt":"2022-08-30T20:04:28","guid":{"rendered":"https:\/\/holali.local\/product\/fragranced-sugar-body-scrub-espresso-martini-300g\/"},"modified":"2025-07-18T17:44:37","modified_gmt":"2025-07-18T17:44:37","slug":"exfoliante-espresso-martini-300g","status":"publish","type":"product","link":"https:\/\/holali.co.uk\/es\/product\/fragranced-sugar-body-scrub-espresso-martini-300g\/","title":{"rendered":"Exfoliante corporal de az\u00facar perfumado - Espresso Martini 300g"},"content":{"rendered":"<p>Fragranced Sugar Body Scrub &#8211; Espresso Martini<\/p>\n<p><strong>Exfoliantes corporales de az\u00facar de c\u00f3ctel<\/strong> son uno de los mejores productos de belleza naturales para exfoliar la piel. Con maravillosas fragancias y la adici\u00f3n de manteca de karit\u00e9, elevan los sentidos y calman la piel. Sus clientes pueden utilizarlos durante todo el a\u00f1o para conseguir una piel suave y luminosa.<\/p>\n<p>Cocktail <a href=\"https:\/\/holali.co.uk\/es\/producto\/exfoliante-de-cuerpo-de-azucar-perfumado-melocoton-sangria-300g\/?wmc-currency=EUR\" title=\"Exfoliante corporal de az\u00facar perfumado - Sangr\u00eda de melocot\u00f3n 300g\"  data-wpil-monitor-id=\"183\">Sugar Body Scrubs<\/a> with their creamy texture gently exfoliate aid circulation and remove dead skin cells by scrubbing them away. They will help to remove all impurities and leave the skin feeling renewed and fresh. <a href=\"https:\/\/holali.co.uk\/es\/producto\/exfoliante-corporal-de-azucar-perfumado-sandia-daquiri-300g\/?wmc-currency=EUR\" title=\"Exfoliante corporal de az\u00facar con fragancia - Watermelon Daquiri 300g\"  data-wpil-monitor-id=\"184\">Fragranced Sugar Body Scrub<\/a> are the perfect way to indulge in some self-care.<\/p>\n<p>Peso aproximado de 300g. El tarro de cristal con tapa es <strong>reutilizable<\/strong>.<\/p>\n<p><strong>C\u00f3mo se usa:<\/strong> Aplique una cantidad generosa sobre la piel, h\u00fameda o seca. Realice movimientos circulares para masajear la superficie de la piel. Aclarar con agua tibia. S\u00e9cate y aplica tu crema hidratante favorita. Utilizar una o dos veces por semana. Gu\u00e1rdelo en un lugar fresco y seco.<\/p>\n<p><strong>CARACTER\u00cdSTICAS: <\/strong><\/p>\n<ul>\n<li>Hecho a mano<\/li>\n<li><a href=\"https:\/\/holali.co.uk\/es\/product\/white-pink-soap-bar\/\">Vegano<\/a> Friendly<\/li>\n<li>Sin crueldad<\/li>\n<li>Adecuado para todo tipo de pieles<\/li>\n<li>Fabricado en el Reino Unido<\/li>\n<\/ul>","protected":false},"excerpt":{"rendered":"<p>Fragranced Sugar Body Scrub &#8211; Espresso Martini Cocktail Sugar Body Scrubs are one of the best natural beauty products to exfoliate the skin. With wonderful fragrances and the addition of Shea butter, they uplift the senses and soothe the skin. Your customers can use them all year round for soft and bright skin. Cocktail Sugar&#8230;<\/p>","protected":false},"featured_media":8996,"comment_status":"open","ping_status":"closed","template":"","meta":{"_kad_blocks_custom_css":"","_kad_blocks_head_custom_js":"","_kad_blocks_body_custom_js":"","_kad_blocks_footer_custom_js":"","_kad_post_transparent":"default","_kad_post_title":"","_kad_post_layout":"default","_kad_post_sidebar_id":"","_kad_post_content_style":"default","_kad_post_vertical_padding":"default","_kad_post_feature":"","_kad_post_feature_position":"","_kad_post_header":false,"_kad_post_footer":false,"_kad_post_classname":"","_daim_seo_power":"","_daim_enable_ail":""},"product_brand":[],"product_cat":[612,702],"product_tag":[],"class_list":{"0":"post-8995","1":"product","2":"type-product","3":"status-publish","4":"has-post-thumbnail","6":"product_cat-body-scrub","7":"product_cat-vegan-body-scrub","9":"first","10":"instock","11":"taxable","12":"shipping-taxable","13":"purchasable","14":"product-type-simple","15":"entry","16":"content-bg","17":"loop-entry"},"taxonomy_info":{"product_cat":[{"value":612,"label":"Body Scrub"},{"value":702,"label":"Vegan Body Scrub"}]},"featured_image_src_large":["https:\/\/holali.co.uk\/wp-content\/uploads\/2022\/08\/207594.jpeg",700,700,false],"author_info":[],"comment_info":0,"_links":{"self":[{"href":"https:\/\/holali.co.uk\/es\/wp-json\/wp\/v2\/product\/8995","targetHints":{"allow":["GET"]}}],"collection":[{"href":"https:\/\/holali.co.uk\/es\/wp-json\/wp\/v2\/product"}],"about":[{"href":"https:\/\/holali.co.uk\/es\/wp-json\/wp\/v2\/types\/product"}],"replies":[{"embeddable":true,"href":"https:\/\/holali.co.uk\/es\/wp-json\/wp\/v2\/comments?post=8995"}],"wp:featuredmedia":[{"embeddable":true,"href":"https:\/\/holali.co.uk\/es\/wp-json\/wp\/v2\/media\/8996"}],"wp:attachment":[{"href":"https:\/\/holali.co.uk\/es\/wp-json\/wp\/v2\/media?parent=8995"}],"wp:term":[{"taxonomy":"product_brand","embeddable":true,"href":"https:\/\/holali.co.uk\/es\/wp-json\/wp\/v2\/product_brand?post=8995"},{"taxonomy":"product_cat","embeddable":true,"href":"https:\/\/holali.co.uk\/es\/wp-json\/wp\/v2\/product_cat?post=8995"},{"taxonomy":"product_tag","embeddable":true,"href":"https:\/\/holali.co.uk\/es\/wp-json\/wp\/v2\/product_tag?post=8995"}],"curies":[{"name":"wp","href":"https:\/\/api.w.org\/{rel}","templated":true}]}}