{"id":8755,"date":"2022-08-30T20:03:28","date_gmt":"2022-08-30T20:03:28","guid":{"rendered":"https:\/\/holali.local\/product\/soap-flower-gift-bouquet-14-cream-roses-round\/"},"modified":"2025-07-17T21:43:29","modified_gmt":"2025-07-17T21:43:29","slug":"14-rosas-de-jabon-blanco-para-adictos-a-los-jabones","status":"publish","type":"product","link":"https:\/\/holali.co.uk\/es\/product\/14-white-soap-roses-for-addicted-to-soaps\/","title":{"rendered":"14 Rosas de jab\u00f3n blancas para Adictos a los jabones"},"content":{"rendered":"<h2 dir=\"auto\" data-pm-slice=\"1 1 []\">14 Rosas de jab\u00f3n blancas para Adictos a los jabones<\/h2>\n<p dir=\"auto\" data-pm-slice=\"1 1 []\">Todo lo que necesitas saber sobre 14 Rosas de Jab\u00f3n Blancas est\u00e1 dentro de estos 14 jabones blancos. Todas las rosas de jab\u00f3n est\u00e1n hechas con ingredientes de la mejor calidad, y las flores tienen hermosos colores fuertes y vibrantes y aromas, y recuerdan a las rosas blancas, pero huelen a jab\u00f3n.<\/p>\n<p dir=\"auto\" data-pm-slice=\"1 1 []\">El ramo de jab\u00f3n es un excelente accesorio para un pasillo. Durar\u00e1 m\u00e1s que las propias flores.<\/p>\n<h5><span style=\"color: #4b5058;\">\u00bfC\u00d3MO USARLO?<\/span><\/h5>\n<p dir=\"auto\" data-pm-slice=\"1 1 []\">S\u00f3lo tiene que a\u00f1adir p\u00e9talos de rosa a un ba\u00f1o caliente, relajarse y ver c\u00f3mo se disuelven las flores.<\/p>\n<p><strong><span style=\"color: #4b5058;\">CARACTER\u00cdSTICAS: <\/span><\/strong><\/p>\n<ul>\n<li dir=\"auto\" data-pm-slice=\"1 1 []\">El <a href=\"https:\/\/holali.co.uk\/es\/producto\/5-pc-jabon-caja-de-regalo\/?wmc-currency=EUR\" title=\"Caja de regalo con 5 piezas de jab\u00f3n - La soluci\u00f3n para su pr\u00f3xima ocasi\u00f3n\"  data-wpil-monitor-id=\"3\">gift box contains 14 pieces of soap<\/a> roses which are beautifully arranged.<\/li>\n<li dir=\"auto\" data-pm-slice=\"1 1 []\">el peso es de 0,4Kg<\/li>\n<\/ul>\n<p dir=\"auto\" data-pm-slice=\"1 1 []\">Are you looking for a <a href=\"https:\/\/holali.co.uk\/es\/producto\/13-rosas-de-jabon-blanco-para-una-casa-perfectamente-bonita\/?wmc-currency=EUR\" title=\"13 rosas blancas de jab\u00f3n para un hogar perfectamente bonito\" target=\"_blank\" rel=\"noopener\"  data-wpil-monitor-id=\"1276\">unique gift idea<\/a>? <a href=\"https:\/\/holali.co.uk\/es\/ideas-regalo\/jabon-regalo-sets\/jabon-regalos-de-san-valentin\/?wmc-currency=EUR\">PULSE AQU\u00cd<\/a><\/p>","protected":false},"excerpt":{"rendered":"<p>14 White Soap Roses for Addicted to Soaps All you need to know about 14 White Soap Roses is inside these 14 white soaps. All the soap roses are made of the finest quality ingredients, and the flowers have beautiful strong vibrant colors and scents, and are reminiscent of white roses, but smell like soap&#8230;.<\/p>","protected":false},"featured_media":11475,"comment_status":"open","ping_status":"closed","template":"","meta":{"_kad_blocks_custom_css":"","_kad_blocks_head_custom_js":"","_kad_blocks_body_custom_js":"","_kad_blocks_footer_custom_js":"","_kad_post_transparent":"default","_kad_post_title":"","_kad_post_layout":"default","_kad_post_sidebar_id":"","_kad_post_content_style":"default","_kad_post_vertical_padding":"default","_kad_post_feature":"","_kad_post_feature_position":"","_kad_post_header":false,"_kad_post_footer":false,"_kad_post_classname":"","_daim_seo_power":"","_daim_enable_ail":""},"product_brand":[],"product_cat":[651],"product_tag":[],"class_list":{"0":"post-8755","1":"product","2":"type-product","3":"status-publish","4":"has-post-thumbnail","6":"product_cat-soap-gift-box","8":"first","9":"instock","10":"taxable","11":"shipping-taxable","12":"purchasable","13":"product-type-simple","14":"entry","15":"content-bg","16":"loop-entry"},"taxonomy_info":{"product_cat":[{"value":651,"label":"Soap Gift Box"}]},"featured_image_src_large":["https:\/\/holali.co.uk\/wp-content\/uploads\/2022\/08\/14-White-Soap-Roses-1024x1024.jpeg",1024,1024,true],"author_info":[],"comment_info":0,"_links":{"self":[{"href":"https:\/\/holali.co.uk\/es\/wp-json\/wp\/v2\/product\/8755","targetHints":{"allow":["GET"]}}],"collection":[{"href":"https:\/\/holali.co.uk\/es\/wp-json\/wp\/v2\/product"}],"about":[{"href":"https:\/\/holali.co.uk\/es\/wp-json\/wp\/v2\/types\/product"}],"replies":[{"embeddable":true,"href":"https:\/\/holali.co.uk\/es\/wp-json\/wp\/v2\/comments?post=8755"}],"wp:featuredmedia":[{"embeddable":true,"href":"https:\/\/holali.co.uk\/es\/wp-json\/wp\/v2\/media\/11475"}],"wp:attachment":[{"href":"https:\/\/holali.co.uk\/es\/wp-json\/wp\/v2\/media?parent=8755"}],"wp:term":[{"taxonomy":"product_brand","embeddable":true,"href":"https:\/\/holali.co.uk\/es\/wp-json\/wp\/v2\/product_brand?post=8755"},{"taxonomy":"product_cat","embeddable":true,"href":"https:\/\/holali.co.uk\/es\/wp-json\/wp\/v2\/product_cat?post=8755"},{"taxonomy":"product_tag","embeddable":true,"href":"https:\/\/holali.co.uk\/es\/wp-json\/wp\/v2\/product_tag?post=8755"}],"curies":[{"name":"wp","href":"https:\/\/api.w.org\/{rel}","templated":true}]}}