{"id":8753,"date":"2022-08-30T20:03:27","date_gmt":"2022-08-30T20:03:27","guid":{"rendered":"https:\/\/holali.local\/product\/soap-flower-gift-bouquet-13-cream-roses-heart\/"},"modified":"2025-07-17T21:43:30","modified_gmt":"2025-07-17T21:43:30","slug":"13-rosas-de-jabon-blanco-para-una-casa-perfectamente-bonita","status":"publish","type":"product","link":"https:\/\/holali.co.uk\/es\/product\/white-soap-roses-for-a-perfectly-pretty-home\/","title":{"rendered":"13 rosas blancas de jab\u00f3n para un hogar perfectamente bonito"},"content":{"rendered":"<h2 dir=\"auto\" data-pm-slice=\"1 1 []\">13 rosas blancas de jab\u00f3n para un hogar perfectamente bonito<\/h2>\n<p dir=\"auto\" data-pm-slice=\"1 1 []\">13 White Soap Roses es un hermoso jab\u00f3n hecho con aceites vegetales naturales. Es ideal para las manos, el cuerpo y el ba\u00f1o. Es un regalo impresionante que un amigo o familiar estar\u00eda m\u00e1s que feliz de recibir.<\/p>\n<p>El ramo de jab\u00f3n es un excelente accesorio para un pasillo. Durar\u00e1 m\u00e1s que las propias flores.<\/p>\n<h5><span style=\"color: #4b5058;\">\u00bfC\u00d3MO USARLO?<\/span><\/h5>\n<p>S\u00f3lo tiene que a\u00f1adir p\u00e9talos de rosa a un ba\u00f1o caliente, relajarse y ver c\u00f3mo se disuelven las flores.<\/p>\n<p><strong><span style=\"color: #4b5058;\">CARACTER\u00cdSTICAS: <\/span><\/strong><\/p>\n<ul>\n<li dir=\"auto\" data-pm-slice=\"1 1 []\">El <a href=\"https:\/\/holali.co.uk\/es\/producto\/5-pc-jabon-caja-de-regalo\/?wmc-currency=EUR\" title=\"Caja de regalo con 5 piezas de jab\u00f3n - La soluci\u00f3n para su pr\u00f3xima ocasi\u00f3n\"  data-wpil-monitor-id=\"9\">gift box contains 13 pieces of soap<\/a> roses which are beautifully arranged.<\/li>\n<li dir=\"auto\" data-pm-slice=\"1 1 []\">el peso es de 0,37Kg<\/li>\n<\/ul>\n<p>Are you looking for a <a href=\"https:\/\/holali.co.uk\/es\/producto\/aceite-de-masaje-de-sandalo-100ml\/?wmc-currency=EUR\" title=\"Aceite de Masaje Resplandor de S\u00e1ndalo - 100ml\" target=\"_blank\" rel=\"noopener\"  data-wpil-monitor-id=\"1487\">unique gift idea<\/a>? <a href=\"https:\/\/holali.co.uk\/es\/ideas-regalo\/jabon-regalo-sets\/jabon-regalos-de-san-valentin\/?wmc-currency=EUR\">PULSE AQU\u00cd<\/a><\/p>","protected":false},"excerpt":{"rendered":"<p>13 White Soap Roses for a Perfectly Pretty Home 13 White Soap Roses is a beautiful soap made of natural plant oils. It&#8217;s great for the hand, body, and bath. This is an awesome gift that a friend or relative would be more than happy to receive it. The soap bouquet is an excellent accessory&#8230;<\/p>","protected":false},"featured_media":11465,"comment_status":"open","ping_status":"closed","template":"","meta":{"_kad_blocks_custom_css":"","_kad_blocks_head_custom_js":"","_kad_blocks_body_custom_js":"","_kad_blocks_footer_custom_js":"","_kad_post_transparent":"default","_kad_post_title":"","_kad_post_layout":"default","_kad_post_sidebar_id":"","_kad_post_content_style":"default","_kad_post_vertical_padding":"default","_kad_post_feature":"","_kad_post_feature_position":"","_kad_post_header":false,"_kad_post_footer":false,"_kad_post_classname":"","_daim_seo_power":"","_daim_enable_ail":""},"product_brand":[],"product_cat":[651],"product_tag":[],"class_list":{"0":"post-8753","1":"product","2":"type-product","3":"status-publish","4":"has-post-thumbnail","6":"product_cat-soap-gift-box","8":"first","9":"instock","10":"taxable","11":"shipping-taxable","12":"purchasable","13":"product-type-simple","14":"entry","15":"content-bg","16":"loop-entry"},"taxonomy_info":{"product_cat":[{"value":651,"label":"Soap Gift Box"}]},"featured_image_src_large":["https:\/\/holali.co.uk\/wp-content\/uploads\/2022\/08\/13-White-Soap-Roses-1024x1024.jpeg",1024,1024,true],"author_info":[],"comment_info":0,"_links":{"self":[{"href":"https:\/\/holali.co.uk\/es\/wp-json\/wp\/v2\/product\/8753","targetHints":{"allow":["GET"]}}],"collection":[{"href":"https:\/\/holali.co.uk\/es\/wp-json\/wp\/v2\/product"}],"about":[{"href":"https:\/\/holali.co.uk\/es\/wp-json\/wp\/v2\/types\/product"}],"replies":[{"embeddable":true,"href":"https:\/\/holali.co.uk\/es\/wp-json\/wp\/v2\/comments?post=8753"}],"wp:featuredmedia":[{"embeddable":true,"href":"https:\/\/holali.co.uk\/es\/wp-json\/wp\/v2\/media\/11465"}],"wp:attachment":[{"href":"https:\/\/holali.co.uk\/es\/wp-json\/wp\/v2\/media?parent=8753"}],"wp:term":[{"taxonomy":"product_brand","embeddable":true,"href":"https:\/\/holali.co.uk\/es\/wp-json\/wp\/v2\/product_brand?post=8753"},{"taxonomy":"product_cat","embeddable":true,"href":"https:\/\/holali.co.uk\/es\/wp-json\/wp\/v2\/product_cat?post=8753"},{"taxonomy":"product_tag","embeddable":true,"href":"https:\/\/holali.co.uk\/es\/wp-json\/wp\/v2\/product_tag?post=8753"}],"curies":[{"name":"wp","href":"https:\/\/api.w.org\/{rel}","templated":true}]}}