{"id":8743,"date":"2022-08-30T20:03:25","date_gmt":"2022-08-30T20:03:25","guid":{"rendered":"https:\/\/holali.local\/product\/soap-flower-gift-bouquet-14-red-roses-round\/"},"modified":"2025-11-08T20:49:07","modified_gmt":"2025-11-08T20:49:07","slug":"14-rosas-de-jabon-rojo-la-forma-perfecta-de-demostrar-tu-amor","status":"publish","type":"product","link":"https:\/\/holali.co.uk\/es\/product\/14-red-soap-roses\/","title":{"rendered":"14 Rosas rojas de jab\u00f3n: La forma perfecta de demostrar su amor"},"content":{"rendered":"<h2>14 Rosas rojas de jab\u00f3n: La forma perfecta de demostrar su amor<\/h2>\n<p>\u00bfBusca un regalo \u00fanico? \u00bfPor qu\u00e9 no regalar a tus seres queridos 14 rosas rojas de jab\u00f3n?<\/p>\n<p>Estas hermosas flores se presentan en una caja de regalo cuadrada, lo que las convierte en el complemento perfecto para cualquier lista de destinatarios de regalos. Tanto si se trata de un regalo especial como si solo quiere a\u00f1adir un toque extra a su ba\u00f1o, estas rosas ser\u00e1n un complemento incre\u00edble.<\/p>\n<p>El ramo de jab\u00f3n es un excelente accesorio para un pasillo. Durar\u00e1 m\u00e1s que las propias flores.<\/p>\n<h5><span style=\"color: #4b5058;\">\u00bfC\u00d3MO USARLO?<\/span><\/h5>\n<p><span style=\"color: #4b5058;\">S\u00f3lo tiene que a\u00f1adir p\u00e9talos de rosa a un ba\u00f1o caliente, relajarse y ver c\u00f3mo se disuelven las flores. <\/span><\/p>\n<p><strong><span style=\"color: #4b5058;\">CARACTER\u00cdSTICAS: <\/span><\/strong><\/p>\n<ul>\n<li dir=\"auto\" data-pm-slice=\"1 1 []\">El <a href=\"https:\/\/holali.co.uk\/es\/producto\/cesta-de-mimbre-naranja-mediana\/?wmc-currency=EUR\" title=\"La mejor idea de regalo: Caja de flores de jab\u00f3n de naranja\"  data-wpil-monitor-id=\"454\">gift box contains 14 pieces of soap<\/a> roses which are beautifully arranged.<\/li>\n<li dir=\"auto\" data-pm-slice=\"1 1 []\">el peso es de 0,4Kg<\/li>\n<\/ul>\n<p>Are you looking for a <a href=\"https:\/\/holali.co.uk\/es\/producto\/set-de-24-flores-de-jabon-caja-de-corazon-rosas-azules\/?wmc-currency=EUR\" title=\"Ramo de 24 rosas azules de jab\u00f3n\" target=\"_blank\" rel=\"noopener\"  data-wpil-monitor-id=\"1652\">unique gift idea<\/a>? <a href=\"https:\/\/holali.co.uk\/es\/ideas-regalo\/jabon-regalo-sets\/jabon-regalos-de-san-valentin\/?wmc-currency=EUR\">PULSE AQU\u00cd<\/a><\/p>","protected":false},"excerpt":{"rendered":"<p>14 Red Soap Roses: The Perfect Way To Show Your Love Looking for a unique gift? Why not give your loved ones 14 red soap roses? These beautiful flowers are packaged in a square gift box, making them the perfect addition to any gift recipient list. Whether you&#8217;re giving it as a special present or&#8230;<\/p>","protected":false},"featured_media":11470,"comment_status":"open","ping_status":"closed","template":"","meta":{"_kad_blocks_custom_css":"","_kad_blocks_head_custom_js":"","_kad_blocks_body_custom_js":"","_kad_blocks_footer_custom_js":"","_kad_post_transparent":"default","_kad_post_title":"","_kad_post_layout":"default","_kad_post_sidebar_id":"","_kad_post_content_style":"default","_kad_post_vertical_padding":"default","_kad_post_feature":"","_kad_post_feature_position":"","_kad_post_header":false,"_kad_post_footer":false,"_kad_post_classname":"","_daim_seo_power":"","_daim_enable_ail":""},"product_brand":[],"product_cat":[651],"product_tag":[],"class_list":{"0":"post-8743","1":"product","2":"type-product","3":"status-publish","4":"has-post-thumbnail","6":"product_cat-soap-gift-box","8":"first","9":"instock","10":"taxable","11":"shipping-taxable","12":"purchasable","13":"product-type-simple","14":"entry","15":"content-bg","16":"loop-entry"},"taxonomy_info":{"product_cat":[{"value":651,"label":"Soap Gift Box"}]},"featured_image_src_large":["https:\/\/holali.co.uk\/wp-content\/uploads\/2022\/08\/14-Red-Soap-Roses-1024x1024.jpeg",1024,1024,true],"author_info":[],"comment_info":0,"_links":{"self":[{"href":"https:\/\/holali.co.uk\/es\/wp-json\/wp\/v2\/product\/8743","targetHints":{"allow":["GET"]}}],"collection":[{"href":"https:\/\/holali.co.uk\/es\/wp-json\/wp\/v2\/product"}],"about":[{"href":"https:\/\/holali.co.uk\/es\/wp-json\/wp\/v2\/types\/product"}],"replies":[{"embeddable":true,"href":"https:\/\/holali.co.uk\/es\/wp-json\/wp\/v2\/comments?post=8743"}],"wp:featuredmedia":[{"embeddable":true,"href":"https:\/\/holali.co.uk\/es\/wp-json\/wp\/v2\/media\/11470"}],"wp:attachment":[{"href":"https:\/\/holali.co.uk\/es\/wp-json\/wp\/v2\/media?parent=8743"}],"wp:term":[{"taxonomy":"product_brand","embeddable":true,"href":"https:\/\/holali.co.uk\/es\/wp-json\/wp\/v2\/product_brand?post=8743"},{"taxonomy":"product_cat","embeddable":true,"href":"https:\/\/holali.co.uk\/es\/wp-json\/wp\/v2\/product_cat?post=8743"},{"taxonomy":"product_tag","embeddable":true,"href":"https:\/\/holali.co.uk\/es\/wp-json\/wp\/v2\/product_tag?post=8743"}],"curies":[{"name":"wp","href":"https:\/\/api.w.org\/{rel}","templated":true}]}}