{"id":8626,"date":"2022-08-30T20:02:44","date_gmt":"2022-08-30T20:02:44","guid":{"rendered":"https:\/\/holali.local\/product\/ginger-orange-lotion-300ml\/"},"modified":"2024-10-03T20:53:11","modified_gmt":"2024-10-03T20:53:11","slug":"locion-jengibre-naranja-300ml","status":"publish","type":"product","link":"https:\/\/holali.co.uk\/es\/product\/ginger-and-orange-lotion-300ml\/","title":{"rendered":"Loci\u00f3n de jengibre y naranja 300ml"},"content":{"rendered":"<p><strong>Fragranced Hand &amp; Body Lotions &#8211; Ginger and Orange Lotion 300ml<\/strong> son perfectos para el uso diario. Si a tus clientes les gustan las fragancias edificantes y los precios asequibles, deber\u00edas plantearte pedirlos.<\/p>\n<p>Dise\u00f1ados para mantener la piel naturalmente suave, dejar\u00e1n las manos y el cuerpo perfectamente nutridos, protegidos y suavemente perfumados. Elija entre seis incre\u00edbles fragancias, su cliente apreciar\u00e1 que todas ellas est\u00e9n libres de parabenos, sulfatos y otros productos qu\u00edmicos.<\/p>\n<p>Tambi\u00e9n le puede gustar nuestro <span style=\"color: #000000;\">T\u00f3nicos faciales<\/span>. Ofr\u00e9zcales estas lociones para crear un set de regalo opcional ideal.<\/p>\n<p><em>* Made in UK * <a href=\"https:\/\/holali.co.uk\/es\/product\/white-pink-soap-bar\/\">Vegano<\/a> * Sustainable Materials * No Animal Testing *<\/em><\/p>","protected":false},"excerpt":{"rendered":"<p>Fragranced Hand &amp; Body Lotions &#8211; Ginger and Orange Lotion 300ml are perfect for daily use. If your customers like uplifting fragrances and affordable prices, you should definitely consider ordering these. Designed to keep skin naturally smooth, they will leave your hands and body feeling perfectly nourished, protected, and softly scented. Choose from six amazing&#8230;<\/p>","protected":false},"featured_media":8627,"comment_status":"open","ping_status":"closed","template":"","meta":{"_kad_blocks_custom_css":"","_kad_blocks_head_custom_js":"","_kad_blocks_body_custom_js":"","_kad_blocks_footer_custom_js":"","_kad_post_transparent":"default","_kad_post_title":"","_kad_post_layout":"default","_kad_post_sidebar_id":"","_kad_post_content_style":"default","_kad_post_vertical_padding":"default","_kad_post_feature":"","_kad_post_feature_position":"","_kad_post_header":false,"_kad_post_footer":false,"_kad_post_classname":"","_daim_seo_power":"","_daim_enable_ail":""},"product_brand":[],"product_cat":[576,691],"product_tag":[],"class_list":{"0":"post-8626","1":"product","2":"type-product","3":"status-publish","4":"has-post-thumbnail","6":"product_cat-hand-and-body-lotions","7":"product_cat-vegan-hand-body-lotions","9":"first","10":"instock","11":"taxable","12":"shipping-taxable","13":"purchasable","14":"product-type-simple","15":"entry","16":"content-bg","17":"loop-entry"},"taxonomy_info":{"product_cat":[{"value":576,"label":"Hand and Body Lotions"},{"value":691,"label":"Vegan Hand &amp; Body Lotions"}]},"featured_image_src_large":["https:\/\/holali.co.uk\/wp-content\/uploads\/2022\/08\/205445.jpeg",330,330,false],"author_info":[],"comment_info":0,"_links":{"self":[{"href":"https:\/\/holali.co.uk\/es\/wp-json\/wp\/v2\/product\/8626","targetHints":{"allow":["GET"]}}],"collection":[{"href":"https:\/\/holali.co.uk\/es\/wp-json\/wp\/v2\/product"}],"about":[{"href":"https:\/\/holali.co.uk\/es\/wp-json\/wp\/v2\/types\/product"}],"replies":[{"embeddable":true,"href":"https:\/\/holali.co.uk\/es\/wp-json\/wp\/v2\/comments?post=8626"}],"wp:featuredmedia":[{"embeddable":true,"href":"https:\/\/holali.co.uk\/es\/wp-json\/wp\/v2\/media\/8627"}],"wp:attachment":[{"href":"https:\/\/holali.co.uk\/es\/wp-json\/wp\/v2\/media?parent=8626"}],"wp:term":[{"taxonomy":"product_brand","embeddable":true,"href":"https:\/\/holali.co.uk\/es\/wp-json\/wp\/v2\/product_brand?post=8626"},{"taxonomy":"product_cat","embeddable":true,"href":"https:\/\/holali.co.uk\/es\/wp-json\/wp\/v2\/product_cat?post=8626"},{"taxonomy":"product_tag","embeddable":true,"href":"https:\/\/holali.co.uk\/es\/wp-json\/wp\/v2\/product_tag?post=8626"}],"curies":[{"name":"wp","href":"https:\/\/api.w.org\/{rel}","templated":true}]}}