{"id":8614,"date":"2022-08-30T20:02:41","date_gmt":"2022-08-30T20:02:41","guid":{"rendered":"https:\/\/holali.local\/product\/fruity-scrub-soap-on-a-rope-mango\/"},"modified":"2025-07-19T08:21:24","modified_gmt":"2025-07-19T08:21:24","slug":"mango-jabon-en-una-cuerda","status":"publish","type":"product","link":"https:\/\/holali.co.uk\/es\/product\/mango-soap-on-a-rope\/","title":{"rendered":"Jab\u00f3n de mango en una cuerda"},"content":{"rendered":"<h2 dir=\"auto\" data-pm-slice=\"1 1 []\">Jab\u00f3n de mango en una cuerda - Un jab\u00f3n exfoliante que te gustar\u00e1<\/h2>\n<p dir=\"auto\" data-pm-slice=\"1 1 []\">Our organic mango soap is packed with tons of mango goodness. The soap has a lather that will leave your skin clean and hydrated. The soap is made with natural ingredients and it&#8217;s sulfate, phthalates, and paraben free.<\/p>\n<p dir=\"auto\" data-pm-slice=\"1 1 []\">Mango <a href=\"https:\/\/holali.co.uk\/es\/producto\/windermere-vegan-soap-on-a-rope\/?wmc-currency=EUR\" title=\"Jab\u00f3n vegano de Windermere en una cuerda\"  data-wpil-monitor-id=\"829\">soap on a rope<\/a> is a perfect gift for that hard-to-buy-for person on your list. Makes a great stocking stuffer or add-on to other gifts. It&#8217;s fruity, it&#8217;s fun, and it&#8217;s long-lasting!<\/p>","protected":false},"excerpt":{"rendered":"<p>Mango Soap on a Rope &#8211; A Scrub Soap You&#8217;ll Enjoy Our organic mango soap is packed with tons of mango goodness. The soap has a lather that will leave your skin clean and hydrated. The soap is made with natural ingredients and it&#8217;s sulfate, phthalates, and paraben free. Mango soap on a rope is&#8230;<\/p>","protected":false},"featured_media":11566,"comment_status":"open","ping_status":"closed","template":"","meta":{"_kad_blocks_custom_css":"","_kad_blocks_head_custom_js":"","_kad_blocks_body_custom_js":"","_kad_blocks_footer_custom_js":"","_kad_post_transparent":"default","_kad_post_title":"","_kad_post_layout":"default","_kad_post_sidebar_id":"","_kad_post_content_style":"default","_kad_post_vertical_padding":"default","_kad_post_feature":"","_kad_post_feature_position":"","_kad_post_header":false,"_kad_post_footer":false,"_kad_post_classname":"","_daim_seo_power":"","_daim_enable_ail":""},"product_brand":[],"product_cat":[597,712],"product_tag":[],"class_list":{"0":"post-8614","1":"product","2":"type-product","3":"status-publish","4":"has-post-thumbnail","6":"product_cat-soap-on-a-rope","7":"product_cat-vegan-soap-on-a-rope","9":"first","10":"instock","11":"taxable","12":"shipping-taxable","13":"purchasable","14":"product-type-simple","15":"entry","16":"content-bg","17":"loop-entry"},"taxonomy_info":{"product_cat":[{"value":597,"label":"Soap On A Rope"},{"value":712,"label":"Vegan Soap On A Rope"}]},"featured_image_src_large":["https:\/\/holali.co.uk\/wp-content\/uploads\/2022\/08\/fruity-scrub-mango-2-1024x1024.jpeg",1024,1024,true],"author_info":[],"comment_info":0,"_links":{"self":[{"href":"https:\/\/holali.co.uk\/es\/wp-json\/wp\/v2\/product\/8614","targetHints":{"allow":["GET"]}}],"collection":[{"href":"https:\/\/holali.co.uk\/es\/wp-json\/wp\/v2\/product"}],"about":[{"href":"https:\/\/holali.co.uk\/es\/wp-json\/wp\/v2\/types\/product"}],"replies":[{"embeddable":true,"href":"https:\/\/holali.co.uk\/es\/wp-json\/wp\/v2\/comments?post=8614"}],"wp:featuredmedia":[{"embeddable":true,"href":"https:\/\/holali.co.uk\/es\/wp-json\/wp\/v2\/media\/11566"}],"wp:attachment":[{"href":"https:\/\/holali.co.uk\/es\/wp-json\/wp\/v2\/media?parent=8614"}],"wp:term":[{"taxonomy":"product_brand","embeddable":true,"href":"https:\/\/holali.co.uk\/es\/wp-json\/wp\/v2\/product_brand?post=8614"},{"taxonomy":"product_cat","embeddable":true,"href":"https:\/\/holali.co.uk\/es\/wp-json\/wp\/v2\/product_cat?post=8614"},{"taxonomy":"product_tag","embeddable":true,"href":"https:\/\/holali.co.uk\/es\/wp-json\/wp\/v2\/product_tag?post=8614"}],"curies":[{"name":"wp","href":"https:\/\/api.w.org\/{rel}","templated":true}]}}