{"id":8596,"date":"2022-08-30T20:02:37","date_gmt":"2022-08-30T20:02:37","guid":{"rendered":"https:\/\/holali.local\/product\/love-heart-bath-bomb-70g-passion-fruit\/"},"modified":"2025-11-08T20:19:30","modified_gmt":"2025-11-08T20:19:30","slug":"bomba-de-bano-de-amor-corazon-70g-fruta-de-la-pasion","status":"publish","type":"product","link":"https:\/\/holali.co.uk\/es\/product\/passion-fruit-love-heart-bath-bombs\/","title":{"rendered":"Bombas de Ba\u00f1o Coraz\u00f3n de Amor de Fruta de la Pasi\u00f3n"},"content":{"rendered":"<div class=\"flex flex-grow flex-col max-w-full\">\n<div class=\"min-h-[20px] text-message flex w-full flex-col items-end gap-2 whitespace-pre-wrap break-words [.text-message+&amp;]:mt-5 overflow-x-auto\" dir=\"auto\" data-message-author-role=\"assistant\" data-message-id=\"58aa47ba-440b-4ae7-821b-32194769212f\">\n<div class=\"flex w-full flex-col gap-1 empty:hidden first:pt-[3px]\">\n<div class=\"markdown prose w-full break-words dark:prose-invert dark\">\n<h2>Passion Fruit Love Heart Bath Bombs<\/h2>\n<p>Passion Fruit Love Heart <a href=\"https:\/\/holali.co.uk\/es\/product\/angel-delight-bath-bomb\/\">Bath Bombs<\/a> are designed to drop some fizz and love into your bathtubs, transforming your bathing experience into a tropical paradise. Infused with the exotic scent of passion fruit, these heart-shaped bath bombs create a luxurious and aromatic atmosphere, perfect for unwinding after a long day.<\/p>\n<p>An ideal romantic gift, these bath bombs are perfect for weddings, anniversaries, Valentine&#8217;s Day, or just to show someone special that you care. They also make a delightful addition to any gift basket, adding a touch of luxury and love.<\/p>\n<p>Each bath bomb weighs 70g, ensuring a generous amount of <a href=\"https:\/\/holali.co.uk\/product\/fizzy-bombs-for-him\/\" title=\"Fizzy Bombs For Him &#8211; 180g\" target=\"_blank\" rel=\"noopener\"  data-wpil-monitor-id=\"1473\">fizz and fragrance<\/a> to elevate your bath time. Indulge in the soothing and romantic ambiance of Passion Fruit <a href=\"https:\/\/holali.co.uk\/product\/love-heart-bath-bombs-70g-ylang-rose\/\" title=\"Ylang &#038; Rose Heart-Shaped Bath Bombs\"  data-wpil-monitor-id=\"240\">Love Heart Bath Bombs<\/a> and treat yourself or a loved one to a blissful escape.<\/p>\n<\/div>\n<\/div>\n<\/div>\n<\/div>\n<div class=\"mt-1 flex gap-3 empty:hidden ml-3\">\n<div class=\"items-center justify-start rounded-xl p-1 flex\">\n<div class=\"flex items-center\">\n<div class=\"flex items-center pb-0\">\n<div class=\"[&amp;_svg]:h-full [&amp;_svg]:w-full icon-md h-4 w-4\"><\/div>\n<\/div>\n<\/div>\n<\/div>\n<\/div>\n","protected":false},"excerpt":{"rendered":"<p>Passion Fruit Love Heart Bath Bombs Passion Fruit Love Heart Bath Bombs are designed to drop some fizz and love into your bathtubs, transforming your bathing experience into a tropical paradise. Infused with the exotic scent of passion fruit, these heart-shaped bath bombs create a luxurious and aromatic atmosphere, perfect for unwinding after a long&#8230;<\/p>","protected":false},"featured_media":8597,"comment_status":"open","ping_status":"closed","template":"","meta":{"_kad_blocks_custom_css":"","_kad_blocks_head_custom_js":"","_kad_blocks_body_custom_js":"","_kad_blocks_footer_custom_js":"","_kad_post_transparent":"default","_kad_post_title":"","_kad_post_layout":"default","_kad_post_sidebar_id":"","_kad_post_content_style":"default","_kad_post_vertical_padding":"default","_kad_post_feature":"","_kad_post_feature_position":"","_kad_post_header":false,"_kad_post_footer":false,"_kad_post_classname":"","_daim_seo_power":"","_daim_enable_ail":""},"product_brand":[],"product_cat":[596,686],"product_tag":[],"class_list":{"0":"post-8596","1":"product","2":"type-product","3":"status-publish","4":"has-post-thumbnail","6":"product_cat-cosmetic-bomb","7":"product_cat-vegan-cosmetic-bomb","9":"first","10":"instock","11":"taxable","12":"shipping-taxable","13":"purchasable","14":"product-type-simple","15":"entry","16":"content-bg","17":"loop-entry"},"taxonomy_info":{"product_cat":[{"value":596,"label":"Cosmetic Bomb"},{"value":686,"label":"Vegan Cosmetic Bomb"}]},"featured_image_src_large":["https:\/\/holali.co.uk\/wp-content\/uploads\/2022\/08\/203280.jpeg",330,330,false],"author_info":[],"comment_info":0,"_links":{"self":[{"href":"https:\/\/holali.co.uk\/es\/wp-json\/wp\/v2\/product\/8596","targetHints":{"allow":["GET"]}}],"collection":[{"href":"https:\/\/holali.co.uk\/es\/wp-json\/wp\/v2\/product"}],"about":[{"href":"https:\/\/holali.co.uk\/es\/wp-json\/wp\/v2\/types\/product"}],"replies":[{"embeddable":true,"href":"https:\/\/holali.co.uk\/es\/wp-json\/wp\/v2\/comments?post=8596"}],"wp:featuredmedia":[{"embeddable":true,"href":"https:\/\/holali.co.uk\/es\/wp-json\/wp\/v2\/media\/8597"}],"wp:attachment":[{"href":"https:\/\/holali.co.uk\/es\/wp-json\/wp\/v2\/media?parent=8596"}],"wp:term":[{"taxonomy":"product_brand","embeddable":true,"href":"https:\/\/holali.co.uk\/es\/wp-json\/wp\/v2\/product_brand?post=8596"},{"taxonomy":"product_cat","embeddable":true,"href":"https:\/\/holali.co.uk\/es\/wp-json\/wp\/v2\/product_cat?post=8596"},{"taxonomy":"product_tag","embeddable":true,"href":"https:\/\/holali.co.uk\/es\/wp-json\/wp\/v2\/product_tag?post=8596"}],"curies":[{"name":"wp","href":"https:\/\/api.w.org\/{rel}","templated":true}]}}