{"id":8343,"date":"2022-08-30T20:01:25","date_gmt":"2022-08-30T20:01:25","guid":{"rendered":"https:\/\/holali.local\/product\/goat-milk-olive-oil-soap-2\/"},"modified":"2025-11-08T20:51:27","modified_gmt":"2025-11-08T20:51:27","slug":"jabon-de-leche-de-cabra-con-aceite-de-oliva","status":"publish","type":"product","link":"https:\/\/holali.co.uk\/es\/product\/goat-milk-soap-is-a-great-facial-soap\/","title":{"rendered":"Nuestro jab\u00f3n de leche de cabra es un gran jab\u00f3n facial"},"content":{"rendered":"<h2 dir=\"auto\" data-pm-slice=\"1 1 []\">Nuestro jab\u00f3n de leche de cabra es un gran jab\u00f3n facial<\/h2>\n<p>Frustrated with your dry peeling skin? Get a healthy, happy, and squeaky clean with goat&#8217;s milk soap in olive oil! Our goat milk soap is a great facial soap with olive oil is handcrafted soap that is exfoliating and anti-aging.<\/p>\n<p>Our goat milk soap is a great <a href=\"https:\/\/holali.co.uk\/es\/producto\/jabones-hechos-a-mano-con-orquideas\/?wmc-currency=EUR\" title=\"Jabones hechos a mano con orqu\u00eddeas\" target=\"_blank\" rel=\"noopener\"  data-wpil-monitor-id=\"1451\">facial<\/a> soap, made from goat milk with olive oil, is packed with powerful antioxidants, and it&#8217;s a great choice for a daily facial routine.<\/p>\n<h5>PRESTACIONES<\/h5>\n<ul>\n<li>Containing <a href=\"https:\/\/holali.co.uk\/es\/producto\/jabon-de-kiwi-fruta-puro-natural-eficaz\/?wmc-currency=EUR\" title=\"Kiwi Soap \u2013 Pure, Natural &#038; Effective\"  data-wpil-monitor-id=\"410\">natural olive oil and 100% pure soap<\/a>, this soap is created to exfoliate while rejuvenating the skin.<\/li>\n<li>Sin productos qu\u00edmicos ni fragancias, este jab\u00f3n es seguro para todo tipo de pieles.<\/li>\n<li>Ayuda a que su piel est\u00e9 m\u00e1s suave, tersa e hidratada, sin dejar una pel\u00edcula desagradable en el rostro.<\/li>\n<li>Suficientemente suave para todo tipo de pieles, de normales a secas.<\/li>\n<li>Para quienes sufren los primeros signos de envejecimiento, como las arrugas y la hiperpigmentaci\u00f3n leve, la exfoliaci\u00f3n puede ayudar a disminuir estas imperfecciones.<\/li>\n<li><a href=\"https:\/\/holali.co.uk\/es\/producto\/jabon-de-lavanda-con-aceite-de-oliva\/?wmc-currency=EUR\" title=\"Jab\u00f3n de lavanda para una piel suave y tersa\"  data-wpil-monitor-id=\"296\">Olive oil soap<\/a> benefits help to hydrate the skin and increases the absorption of skincare products.<\/li>\n<\/ul>\n<p><a href=\"https:\/\/holali.co.uk\/es\/producto\/jabon-de-lujo-de-doble-manteca-aceite-de-tierra\/?wmc-currency=EUR\" title=\"100% Jab\u00f3n puro y natural con aceites de la tierra\"  data-wpil-monitor-id=\"408\">Natural olive oil soap<\/a> is a popular type of soap made with extra virgin olive oil and a variety of other ingredients. It is handmade through the traditional cold process-making method, which involves mixing oils, lye, and water together in a large pot.<\/p>\n<p>Los jabones de aceite de oliva existen desde hace siglos, pero s\u00f3lo recientemente se han tomado en serio como alternativa a los jabones tradicionales.<\/p>\n<p>El m\u00e9todo de elaboraci\u00f3n en fr\u00edo requiere mucho tiempo y es costoso de producir. El lento proceso de elaboraci\u00f3n del jab\u00f3n de aceite de oliva puede atribuirse a su popularidad en Europa durante el siglo XIX, cuando se utilizaba como remedio natural para muchas afecciones de la piel.<\/p>\n<h6>M\u00c9TODOS DE EXFOLIACI\u00d3N<\/h6>\n<ol>\n<li>Exfoliar el rostro puede ayudar a eliminar las c\u00e9lulas muertas, reducir las manchas oscuras y mejorar la salud de la piel. Utiliza nuestro jab\u00f3n exfoliante con peque\u00f1os movimientos circulares para exfoliar tu rostro.<\/li>\n<li>Utilizar un cepillo es la forma m\u00e1s popular de exfoliar el rostro. Te permitir\u00e1 entrar en los poros de la cara y eliminar toda la suciedad, la grasa y las c\u00e9lulas muertas que los obstruyen. Esto tambi\u00e9n ayudar\u00e1 a reducir las manchas oscuras de la cara al deshacerse de todas estas impurezas.<\/li>\n<\/ol>\n<h6>CARACTER\u00cdSTICAS<\/h6>\n<p>Tipos: Pieles normales, secas y sensibles<br \/>\n\u00c1rea de cuidado: Cara Cuerpo<br \/>\nPeso: 100g aproximadamente<\/p>\n<p><strong>NOTA:<\/strong> Buying handmade soap can be expensive, but this one is affordable and paraben-free, SLS-free, and cruelty-free! We offer a variety of soaps made with olive oil and other <a href=\"https:\/\/holali.co.uk\/es\/producto\/jabon-exfoliante-de-lavanda\/?wmc-currency=EUR\" title=\"Jab\u00f3n exfoliante de lavanda\" target=\"_blank\" rel=\"noopener\"  data-wpil-monitor-id=\"1655\">natural ingredients<\/a>. El color o el dise\u00f1o pueden variar ligeramente de las im\u00e1genes mostradas. Si desea saber m\u00e1s sobre nuestros productos, no dude en ponerse en contacto con nosotros en cualquier momento.<\/p>\n<p>\u00bfSabes qu\u00e9 es el jab\u00f3n de papel? Si no es as\u00ed, <a href=\"https:\/\/holali.co.uk\/es\/cuidado-del-cuerpo\/productos-para-el-cuidado-de-la-piel\/hojas-de-papel-jabon\/?wmc-currency=EUR\" target=\"_blank\" rel=\"noopener noreferrer\">S\u00d3LO TIENE QUE HACER CLIC AQU\u00cd<\/a><\/p>","protected":false},"excerpt":{"rendered":"<p>Our Goat Milk Soap is a Great Facial Soap Frustrated with your dry peeling skin? Get a healthy, happy, and squeaky clean with goat&#8217;s milk soap in olive oil! Our goat milk soap is a great facial soap with olive oil is handcrafted soap that is exfoliating and anti-aging. Our goat milk soap is a&#8230;<\/p>","protected":false},"featured_media":8344,"comment_status":"open","ping_status":"closed","template":"","meta":{"_kad_blocks_custom_css":"","_kad_blocks_head_custom_js":"","_kad_blocks_body_custom_js":"","_kad_blocks_footer_custom_js":"","_kad_post_transparent":"default","_kad_post_title":"","_kad_post_layout":"default","_kad_post_sidebar_id":"","_kad_post_content_style":"default","_kad_post_vertical_padding":"default","_kad_post_feature":"","_kad_post_feature_position":"","_kad_post_header":false,"_kad_post_footer":false,"_kad_post_classname":"","_daim_seo_power":"","_daim_enable_ail":""},"product_brand":[],"product_cat":[262,703],"product_tag":[],"class_list":{"0":"post-8343","1":"product","2":"type-product","3":"status-publish","4":"has-post-thumbnail","6":"product_cat-olive-oil-soaps","7":"product_cat-vegan-olive-oil-soaps","9":"first","10":"instock","11":"taxable","12":"shipping-taxable","13":"purchasable","14":"product-type-simple","15":"entry","16":"content-bg","17":"loop-entry"},"taxonomy_info":{"product_cat":[{"value":262,"label":"Olive Oil Soaps"},{"value":703,"label":"Vegan Olive Oil Soaps"}]},"featured_image_src_large":["https:\/\/holali.co.uk\/wp-content\/uploads\/2022\/08\/202275-1.jpeg",330,330,false],"author_info":[],"comment_info":0,"_links":{"self":[{"href":"https:\/\/holali.co.uk\/es\/wp-json\/wp\/v2\/product\/8343","targetHints":{"allow":["GET"]}}],"collection":[{"href":"https:\/\/holali.co.uk\/es\/wp-json\/wp\/v2\/product"}],"about":[{"href":"https:\/\/holali.co.uk\/es\/wp-json\/wp\/v2\/types\/product"}],"replies":[{"embeddable":true,"href":"https:\/\/holali.co.uk\/es\/wp-json\/wp\/v2\/comments?post=8343"}],"wp:featuredmedia":[{"embeddable":true,"href":"https:\/\/holali.co.uk\/es\/wp-json\/wp\/v2\/media\/8344"}],"wp:attachment":[{"href":"https:\/\/holali.co.uk\/es\/wp-json\/wp\/v2\/media?parent=8343"}],"wp:term":[{"taxonomy":"product_brand","embeddable":true,"href":"https:\/\/holali.co.uk\/es\/wp-json\/wp\/v2\/product_brand?post=8343"},{"taxonomy":"product_cat","embeddable":true,"href":"https:\/\/holali.co.uk\/es\/wp-json\/wp\/v2\/product_cat?post=8343"},{"taxonomy":"product_tag","embeddable":true,"href":"https:\/\/holali.co.uk\/es\/wp-json\/wp\/v2\/product_tag?post=8343"}],"curies":[{"name":"wp","href":"https:\/\/api.w.org\/{rel}","templated":true}]}}