{"id":8165,"date":"2022-08-30T20:00:43","date_gmt":"2022-08-30T20:00:43","guid":{"rendered":"https:\/\/holali.local\/product\/happy-scrub-soap-purple-grape\/"},"modified":"2024-10-03T20:53:13","modified_gmt":"2024-10-03T20:53:13","slug":"happy-face-purple-grape-scrub-soap","status":"publish","type":"product","link":"https:\/\/holali.co.uk\/es\/product\/happy-face-purple-grape-scrub-soap\/","title":{"rendered":"Jab\u00f3n exfoliante de uva p\u00farpura Happy Face"},"content":{"rendered":"<h2 dir=\"auto\" data-pm-slice=\"1 1 []\">\u00a1Jab\u00f3n exfoliante de uva p\u00farpura totalmente natural para una cara feliz!<\/h2>\n<p>Mantenerse limpio es mucho mejor con este jab\u00f3n s\u00faper bonito y picante. Nuestro jab\u00f3n exfoliante de uva p\u00farpura est\u00e1 hecho con un equilibrio perfecto de aceites y semillas de uva molidas para exfoliar y limpiar suavemente tu piel. Novato o experto, este jab\u00f3n exfoliante es la herramienta perfecta para que te limpies sin sentirte seco o irritado.<\/p>\n<p>Enjoy the refreshing scent of purple grapes as you transform your daily routine into a spa-like experience. The natural oils hydrate and nourish your skin, leaving it soft, supple, and glowing. Ideal for all skin types, our scrub soap is free from harsh chemicals, making it perfect for sensitive skin.<\/p>\n<p>Feel the difference with every wash as our scrub soap lifts away impurities and deeply cleanses your pores. Treat yourself to the ultimate cleansing experience with our all-natural, <a href=\"https:\/\/holali.co.uk\/es\/producto\/jabon-de-uva-purpura-en-una-cuerda\/?wmc-currency=EUR\" title=\"Jab\u00f3n de uva p\u00farpura en una cuerda\"  data-wpil-monitor-id=\"236\">Purple Grape Scrub Soap<\/a>!<\/p>","protected":false},"excerpt":{"rendered":"<p>All Natural, Purple Grape Scrub Soap for Happy Face! Staying clean just got a whole lot better with this super cute, tangy soap! Our Purple Grape Scrub Soap is made with a perfect balance of oils and ground-up grape seeds to gently exfoliate and clean your skin. Newbie or expert, this scrub soap is the&#8230;<\/p>","protected":false},"featured_media":8166,"comment_status":"open","ping_status":"closed","template":"","meta":{"_kad_blocks_custom_css":"","_kad_blocks_head_custom_js":"","_kad_blocks_body_custom_js":"","_kad_blocks_footer_custom_js":"","_kad_post_transparent":"default","_kad_post_title":"","_kad_post_layout":"default","_kad_post_sidebar_id":"","_kad_post_content_style":"default","_kad_post_vertical_padding":"default","_kad_post_feature":"","_kad_post_feature_position":"","_kad_post_header":false,"_kad_post_footer":false,"_kad_post_classname":"","_daim_seo_power":"","_daim_enable_ail":""},"product_brand":[],"product_cat":[277,711],"product_tag":[],"class_list":{"0":"post-8165","1":"product","2":"type-product","3":"status-publish","4":"has-post-thumbnail","6":"product_cat-exfoliating-soaps","7":"product_cat-vegan-exfoliating-soaps","9":"first","10":"instock","11":"taxable","12":"shipping-taxable","13":"purchasable","14":"product-type-simple","15":"entry","16":"content-bg","17":"loop-entry"},"taxonomy_info":{"product_cat":[{"value":277,"label":"Exfoliating Soaps"},{"value":711,"label":"Vegan Exfoliating Soaps"}]},"featured_image_src_large":["https:\/\/holali.co.uk\/wp-content\/uploads\/2022\/08\/201900.jpeg",280,280,false],"author_info":[],"comment_info":0,"_links":{"self":[{"href":"https:\/\/holali.co.uk\/es\/wp-json\/wp\/v2\/product\/8165","targetHints":{"allow":["GET"]}}],"collection":[{"href":"https:\/\/holali.co.uk\/es\/wp-json\/wp\/v2\/product"}],"about":[{"href":"https:\/\/holali.co.uk\/es\/wp-json\/wp\/v2\/types\/product"}],"replies":[{"embeddable":true,"href":"https:\/\/holali.co.uk\/es\/wp-json\/wp\/v2\/comments?post=8165"}],"wp:featuredmedia":[{"embeddable":true,"href":"https:\/\/holali.co.uk\/es\/wp-json\/wp\/v2\/media\/8166"}],"wp:attachment":[{"href":"https:\/\/holali.co.uk\/es\/wp-json\/wp\/v2\/media?parent=8165"}],"wp:term":[{"taxonomy":"product_brand","embeddable":true,"href":"https:\/\/holali.co.uk\/es\/wp-json\/wp\/v2\/product_brand?post=8165"},{"taxonomy":"product_cat","embeddable":true,"href":"https:\/\/holali.co.uk\/es\/wp-json\/wp\/v2\/product_cat?post=8165"},{"taxonomy":"product_tag","embeddable":true,"href":"https:\/\/holali.co.uk\/es\/wp-json\/wp\/v2\/product_tag?post=8165"}],"curies":[{"name":"wp","href":"https:\/\/api.w.org\/{rel}","templated":true}]}}