{"id":8143,"date":"2022-08-30T20:00:37","date_gmt":"2022-08-30T20:00:37","guid":{"rendered":"https:\/\/holali.local\/product\/herb-and-grace-olive-oil-soap-slice\/"},"modified":"2025-11-08T20:53:11","modified_gmt":"2025-11-08T20:53:11","slug":"jabon-de-hierbas-con-aceite-de-oliva-y-hierba-de-la-gracia","status":"publish","type":"product","link":"https:\/\/holali.co.uk\/es\/product\/herb-soap-with-olive-oil-herb-of-grace\/","title":{"rendered":"Jab\u00f3n de hierbas con aceite de oliva para una piel suave y limpia"},"content":{"rendered":"<h2 dir=\"auto\" data-pm-slice=\"1 1 []\">Jab\u00f3n de hierbas con aceite de oliva para una piel suave y limpia<\/h2>\n<p>El Jab\u00f3n de Hierbas con aceite de oliva, combinado con las ricas propiedades antioxidantes del aceite esencial de ruda, ayuda a reducir el riesgo de envejecimiento prematuro de la piel del rostro.<\/p>\n<p>Se trata de una f\u00f3rmula que protege la piel contra los efectos nocivos de los radicales libres y es lo suficientemente suave para su uso diario. Tiene una fragancia sutil gracias al aceite esencial de ruda, con propiedades curativas, y deja la piel suave e hidratada.<\/p>\n<h5>LOS BENEFICIOS DE USAR NUESTRO JAB\u00d3N, HECHO CON ACEITE DE RUDA PARA SU RUTINA DE CUIDADO DE LA PIEL.<\/h5>\n<p>Cuando se trata del cuidado de la piel, no existe una soluci\u00f3n \u00fanica. La piel de cada persona es distinta y necesita cuidados diferentes.<\/p>\n<ol>\n<li>El aceite de ruda tiene propiedades antiinflamatorias que pueden ayudar con la piel seca, el acn\u00e9 y otros problemas cut\u00e1neos.<\/li>\n<li>Tambi\u00e9n tiene propiedades antioxidantes que pueden ayudar a reducir los signos del envejecimiento en la cara y el cuerpo.<\/li>\n<\/ol>\n<h6>HIERBA DE GRACIA LLAMADA RUDA<\/h6>\n<ul>\n<li>Los curanderos tradicionales suelen utilizar una planta como remedio para muchas dolencias.<\/li>\n<li>Rica en antioxidantes y vitaminas, puede utilizarse como medicamento.<\/li>\n<li>Esta hierba se conoce tradicionalmente como la \"planta m\u00e1gica de la audacia\", ya que se cree que infunde valor y ayuda a protegerse de las fuerzas del mal.<\/li>\n<\/ul>\n<p>Natural <a href=\"https:\/\/holali.co.uk\/es\/producto\/jabon-violeta-organico-para-piel-sensible\/?wmc-currency=EUR\" title=\"Jab\u00f3n ecol\u00f3gico de violeta para pieles sensibles\" target=\"_blank\" rel=\"noopener\"  data-wpil-monitor-id=\"1658\">olive oil soap<\/a> is a popular type of soap made with extra virgin olive oil and a variety of other ingredients. It is handmade through the traditional cold process-making method, which involves mixing oils, lye, and water together in a large pot.<\/p>\n<p>Los jabones de aceite de oliva existen desde hace siglos, pero s\u00f3lo recientemente se han tomado en serio como alternativa a los jabones elaborados tradicionalmente. El m\u00e9todo de elaboraci\u00f3n en fr\u00edo requiere mucho tiempo y es costoso de producir.<\/p>\n<p>El lento proceso de elaboraci\u00f3n del jab\u00f3n de aceite de oliva puede atribuirse a su popularidad en Europa durante el siglo XIX, cuando se utilizaba como remedio natural para muchas afecciones de la piel.<\/p>\n<h6>CARACTER\u00cdSTICAS<\/h6>\n<p>Tipos: Pieles normales, secas y sensibles<br \/>\n\u00c1rea de cuidado: Cara Cuerpo<br \/>\nPeso: 100g aproximadamente<\/p>\n<p><strong>NOTA:<\/strong> Buying handmade soap can be expensive, but this one is affordable and paraben-free, SLS-free, and cruelty-free! We offer a variety of soaps made with <a href=\"https:\/\/holali.co.uk\/es\/producto\/jabon-de-kiwi-fruta-puro-natural-eficaz\/?wmc-currency=EUR\" title=\"Kiwi Soap \u2013 Pure, Natural &#038; Effective\"  data-wpil-monitor-id=\"412\">olive oil<\/a> and other natural ingredients. The color or design may slightly vary from the pictures shown. If you would like to know more about our products, feel free to contact us at any time!<\/p>\n<p>\u00bfSabes qu\u00e9 es el jab\u00f3n de papel? Si no es as\u00ed, <a href=\"https:\/\/holali.co.uk\/es\/cuidado-del-cuerpo\/productos-para-el-cuidado-de-la-piel\/hojas-de-papel-jabon\/?wmc-currency=EUR\" target=\"_blank\" rel=\"noopener noreferrer\">S\u00d3LO TIENE QUE HACER CLIC AQU\u00cd<\/a><\/p>","protected":false},"excerpt":{"rendered":"<p>Herb Soap With Olive Oil For Soft, Clean Skin The Herb Soap with olive oil, combined with the rich antioxidant properties of rue herb essential oil, helps to reduce the risk of premature aging of your facial skin. This is a formula that protects your skin against the harmful effects of free radicals and is&#8230;<\/p>","protected":false},"featured_media":8144,"comment_status":"open","ping_status":"closed","template":"","meta":{"_kad_blocks_custom_css":"","_kad_blocks_head_custom_js":"","_kad_blocks_body_custom_js":"","_kad_blocks_footer_custom_js":"","_kad_post_transparent":"default","_kad_post_title":"","_kad_post_layout":"default","_kad_post_sidebar_id":"","_kad_post_content_style":"default","_kad_post_vertical_padding":"default","_kad_post_feature":"","_kad_post_feature_position":"","_kad_post_header":false,"_kad_post_footer":false,"_kad_post_classname":"","_daim_seo_power":"","_daim_enable_ail":""},"product_brand":[],"product_cat":[262,703],"product_tag":[],"class_list":{"0":"post-8143","1":"product","2":"type-product","3":"status-publish","4":"has-post-thumbnail","6":"product_cat-olive-oil-soaps","7":"product_cat-vegan-olive-oil-soaps","9":"first","10":"instock","11":"taxable","12":"shipping-taxable","13":"purchasable","14":"product-type-simple","15":"entry","16":"content-bg","17":"loop-entry"},"taxonomy_info":{"product_cat":[{"value":262,"label":"Olive Oil Soaps"},{"value":703,"label":"Vegan Olive Oil Soaps"}]},"featured_image_src_large":["https:\/\/holali.co.uk\/wp-content\/uploads\/2022\/08\/201746.jpeg",280,280,false],"author_info":[],"comment_info":0,"_links":{"self":[{"href":"https:\/\/holali.co.uk\/es\/wp-json\/wp\/v2\/product\/8143","targetHints":{"allow":["GET"]}}],"collection":[{"href":"https:\/\/holali.co.uk\/es\/wp-json\/wp\/v2\/product"}],"about":[{"href":"https:\/\/holali.co.uk\/es\/wp-json\/wp\/v2\/types\/product"}],"replies":[{"embeddable":true,"href":"https:\/\/holali.co.uk\/es\/wp-json\/wp\/v2\/comments?post=8143"}],"wp:featuredmedia":[{"embeddable":true,"href":"https:\/\/holali.co.uk\/es\/wp-json\/wp\/v2\/media\/8144"}],"wp:attachment":[{"href":"https:\/\/holali.co.uk\/es\/wp-json\/wp\/v2\/media?parent=8143"}],"wp:term":[{"taxonomy":"product_brand","embeddable":true,"href":"https:\/\/holali.co.uk\/es\/wp-json\/wp\/v2\/product_brand?post=8143"},{"taxonomy":"product_cat","embeddable":true,"href":"https:\/\/holali.co.uk\/es\/wp-json\/wp\/v2\/product_cat?post=8143"},{"taxonomy":"product_tag","embeddable":true,"href":"https:\/\/holali.co.uk\/es\/wp-json\/wp\/v2\/product_tag?post=8143"}],"curies":[{"name":"wp","href":"https:\/\/api.w.org\/{rel}","templated":true}]}}