{"id":8141,"date":"2022-08-30T20:00:37","date_gmt":"2022-08-30T20:00:37","guid":{"rendered":"https:\/\/holali.local\/product\/exfoliating-olive-oil-soap-slice\/"},"modified":"2025-11-08T20:27:08","modified_gmt":"2025-11-08T20:27:08","slug":"jabon-exfoliante-con-aceite-de-oliva","status":"publish","type":"product","link":"https:\/\/holali.co.uk\/es\/product\/exfoliating-soap-with-olive-oil\/","title":{"rendered":"Jab\u00f3n exfoliante: sano, seguro y eficaz"},"content":{"rendered":"<h2>Jab\u00f3n exfoliante: sano, seguro y eficaz<\/h2>\n<p>\u00bfBusca deshacerse de la suciedad incrustada, refrescar su piel y ayudar a la absorci\u00f3n de sueros e hidratantes beneficiosos para la piel? \u00a1No busques m\u00e1s que el Jab\u00f3n Exfoliante con aceite de oliva!<\/p>\n<p>Este jab\u00f3n es un exfoliante suave que ayuda a eliminar la suciedad y los residuos y a refrescar la piel y puede ayudar a reducir los signos de envejecimiento prematuro.<\/p>\n<p>Plus, that type of exfoliation with olive oil is great for those who are overexposed to the sun; it helps keep your skin looking young and fresh. It&#8217;s also a good <a href=\"https:\/\/holali.co.uk\/es\/producto\/producto-de-jengibre-jabon-y-clavo-de-olor-para-el-cuidado-de-la-piel\/?wmc-currency=EUR\" title=\"Jab\u00f3n de jengibre y clavo de olor Producto definitivo para el cuidado de la piel\"  data-wpil-monitor-id=\"124\">skin care product<\/a> that you can use in your beauty routine.<\/p>\n<h5>PRESTACIONES<\/h5>\n<ul>\n<li>Containing <a href=\"https:\/\/holali.co.uk\/es\/producto\/jabon-de-te-verde-con-aceite-de-oliva\/?wmc-currency=EUR\" title=\"Jab\u00f3n natural de t\u00e9 verde con aceite de oliva\"  data-wpil-monitor-id=\"323\">natural olive oil and 100% pure soap<\/a>, this soap is created to exfoliate while rejuvenating the skin.<\/li>\n<li>Free of chemicals and fragrances, this soap is <a href=\"https:\/\/holali.co.uk\/es\/producto\/jabon-hecho-a-mano-pan-de-galleta-dulce-aproximadamente-100g\/?wmc-currency=EUR\" title=\"Jab\u00f3n artesanal de galletas dulces\" target=\"_blank\" rel=\"noopener\"  data-wpil-monitor-id=\"1575\">safe to use on all skin types<\/a>.<\/li>\n<li>Ayuda a que su piel est\u00e9 m\u00e1s suave, tersa e hidratada, sin dejar una pel\u00edcula desagradable en el rostro.<\/li>\n<li>Suficientemente suave para todo tipo de pieles, de normales a secas.<\/li>\n<li>Para quienes sufren los primeros signos de envejecimiento, como las arrugas y la hiperpigmentaci\u00f3n leve, la exfoliaci\u00f3n puede ayudar a disminuir estas imperfecciones.<\/li>\n<li>Unique <a href=\"https:\/\/holali.co.uk\/es\/producto\/jabon-de-pina-para-pieles-ligeras\/?wmc-currency=EUR\" title=\"Jab\u00f3n de pi\u00f1a para pieles ligeras\" target=\"_blank\" rel=\"noopener\"  data-wpil-monitor-id=\"1214\">natural ingredients<\/a> like olive oil and vitamin B5 help to hydrate the skin and increase the absorption of skincare products.<\/li>\n<\/ul>\n<p><a href=\"https:\/\/holali.co.uk\/es\/producto\/best-natural-cocoa-butter-in-soap\/?wmc-currency=EUR\" title=\"La mejor manteca de cacao natural en el jab\u00f3n\"  data-wpil-monitor-id=\"312\">Olive oil soap<\/a> is a popular type of soap made with extra virgin olive oil and a variety of other ingredients. It is handmade through the traditional cold process-making method, which involves mixing oils, lye, and water together in a large pot.<\/p>\n<p>Los jabones de aceite de oliva existen desde hace siglos, pero s\u00f3lo recientemente se han tomado en serio como alternativa a los jabones tradicionales. El m\u00e9todo de elaboraci\u00f3n en fr\u00edo es largo y costoso de producir. T<\/p>\n<p>he slow process of making <a href=\"https:\/\/holali.co.uk\/es\/producto\/jabon-de-hierbas-con-aceite-de-oliva-y-hierba-de-la-gracia\/?wmc-currency=EUR\" title=\"Jab\u00f3n de hierbas con aceite de oliva para una piel suave y limpia\"  data-wpil-monitor-id=\"293\">olive oil soap<\/a> can be attributed to its popularity in Europe during the 1800s, when it was used as a natural remedy for many skin conditions.<\/p>\n<h6>M\u00c9TODOS DE EXFOLIACI\u00d3N:<\/h6>\n<ol>\n<li>Exfoliating your face can help remove dead skin cells, reduce dark spots and improve the health of your skin. Use our <a href=\"https:\/\/holali.co.uk\/es\/producto\/happy-face-bubblegum-scrub-soap\/?wmc-currency=EUR\" title=\"Jab\u00f3n exfoliante Happy Face Bubblegum\"  data-wpil-monitor-id=\"279\">exfoliating<\/a> soap with small circular motions to exfoliate your face.<\/li>\n<li>Utilizar un cepillo es la forma m\u00e1s popular de exfoliar el rostro. Te permitir\u00e1 entrar en los poros de la cara y eliminar toda la suciedad, la grasa y las c\u00e9lulas muertas que los obstruyen. Esto tambi\u00e9n ayudar\u00e1 a reducir las manchas oscuras de la cara al deshacerse de todas estas impurezas.<\/li>\n<\/ol>\n<h6>CARACTER\u00cdSTICAS<\/h6>\n<p>Tipos de piel: Todos<br \/>\n\u00c1rea de cuidado de la piel: Rostro, Cuerpo<br \/>\nPeso: 100g aproximadamente<\/p>\n<p><strong>NOTA:<\/strong> Buying handmade soap can be expensive, but this one is affordable and paraben-free, SLS-free, and cruelty-free! We offer a variety of soaps made with olive oil and other <a href=\"https:\/\/holali.co.uk\/es\/producto\/jabon-exfoliante-de-uva\/?wmc-currency=EUR\" title=\"Jab\u00f3n exfoliante de uva\" target=\"_blank\" rel=\"noopener\"  data-wpil-monitor-id=\"1215\">natural ingredients<\/a>. El color o el dise\u00f1o pueden variar ligeramente de las im\u00e1genes mostradas. Si desea saber m\u00e1s sobre nuestros productos, no dude en ponerse en contacto con nosotros en cualquier momento.<\/p>\n<p>\u00bfSabes qu\u00e9 es el jab\u00f3n de papel? Si no es as\u00ed, <a href=\"https:\/\/holali.co.uk\/es\/cuidado-del-cuerpo\/productos-para-el-cuidado-de-la-piel\/hojas-de-papel-jabon\/?wmc-currency=EUR\" target=\"_blank\" rel=\"noopener noreferrer\">S\u00d3LO TIENE QUE HACER CLIC AQU\u00cd<\/a><\/p>","protected":false},"excerpt":{"rendered":"<p>Exfoliating Soap &#8211; Healthy, Safe, and Effective Looking to get rid of ingrained dirt, refresh your skin, and help the absorption of beneficial skin serums and moisturizers? Look no further than Exfoliating Soap with olive oil! This soap is a gently exfoliating that helps remove dirt and debris and refresh skin and can help reduce&#8230;<\/p>","protected":false},"featured_media":8142,"comment_status":"open","ping_status":"closed","template":"","meta":{"_kad_blocks_custom_css":"","_kad_blocks_head_custom_js":"","_kad_blocks_body_custom_js":"","_kad_blocks_footer_custom_js":"","_kad_post_transparent":"default","_kad_post_title":"","_kad_post_layout":"default","_kad_post_sidebar_id":"","_kad_post_content_style":"default","_kad_post_vertical_padding":"default","_kad_post_feature":"","_kad_post_feature_position":"","_kad_post_header":false,"_kad_post_footer":false,"_kad_post_classname":"","_daim_seo_power":"","_daim_enable_ail":""},"product_brand":[],"product_cat":[262,703],"product_tag":[],"class_list":{"0":"post-8141","1":"product","2":"type-product","3":"status-publish","4":"has-post-thumbnail","6":"product_cat-olive-oil-soaps","7":"product_cat-vegan-olive-oil-soaps","9":"first","10":"instock","11":"taxable","12":"shipping-taxable","13":"purchasable","14":"product-type-simple","15":"entry","16":"content-bg","17":"loop-entry"},"taxonomy_info":{"product_cat":[{"value":262,"label":"Olive Oil Soaps"},{"value":703,"label":"Vegan Olive Oil Soaps"}]},"featured_image_src_large":["https:\/\/holali.co.uk\/wp-content\/uploads\/2022\/08\/201745.jpeg",280,280,false],"author_info":[],"comment_info":0,"_links":{"self":[{"href":"https:\/\/holali.co.uk\/es\/wp-json\/wp\/v2\/product\/8141","targetHints":{"allow":["GET"]}}],"collection":[{"href":"https:\/\/holali.co.uk\/es\/wp-json\/wp\/v2\/product"}],"about":[{"href":"https:\/\/holali.co.uk\/es\/wp-json\/wp\/v2\/types\/product"}],"replies":[{"embeddable":true,"href":"https:\/\/holali.co.uk\/es\/wp-json\/wp\/v2\/comments?post=8141"}],"wp:featuredmedia":[{"embeddable":true,"href":"https:\/\/holali.co.uk\/es\/wp-json\/wp\/v2\/media\/8142"}],"wp:attachment":[{"href":"https:\/\/holali.co.uk\/es\/wp-json\/wp\/v2\/media?parent=8141"}],"wp:term":[{"taxonomy":"product_brand","embeddable":true,"href":"https:\/\/holali.co.uk\/es\/wp-json\/wp\/v2\/product_brand?post=8141"},{"taxonomy":"product_cat","embeddable":true,"href":"https:\/\/holali.co.uk\/es\/wp-json\/wp\/v2\/product_cat?post=8141"},{"taxonomy":"product_tag","embeddable":true,"href":"https:\/\/holali.co.uk\/es\/wp-json\/wp\/v2\/product_tag?post=8141"}],"curies":[{"name":"wp","href":"https:\/\/api.w.org\/{rel}","templated":true}]}}