{"id":8137,"date":"2022-08-30T20:00:36","date_gmt":"2022-08-30T20:00:36","guid":{"rendered":"https:\/\/holali.local\/product\/dead-sea-mud-olive-oil-soap-slice\/"},"modified":"2025-11-08T20:16:16","modified_gmt":"2025-11-08T20:16:16","slug":"jabon-de-mar-muerto-con-aceite-de-oliva","status":"publish","type":"product","link":"https:\/\/holali.co.uk\/es\/product\/dead-sea-soap-with-olive-oil\/","title":{"rendered":"Jab\u00f3n del Mar Muerto para una piel y un cabello sanos"},"content":{"rendered":"<h2 dir=\"auto\" data-pm-slice=\"1 1 []\">Jab\u00f3n del Mar Muerto para una piel y un cabello sanos<\/h2>\n<p>Experimente el poder curativo del Mar Muerto. Un jab\u00f3n \u00fanico para el rostro elaborado con ingredientes naturales, como la sal marina y el aceite de oliva extra\u00eddo de las aguas de la tierra.<\/p>\n<p>Esta lujosa experiencia, muy suave para la piel, le dejar\u00e1 una sensaci\u00f3n de suavidad, tersura y preparaci\u00f3n para cualquier tarea. Creemos que un jab\u00f3n natural puede proporcionar una gran cantidad de beneficios.<\/p>\n<p>Por ejemplo, un estudio descubri\u00f3 que la sal del Mar Muerto tiene la capacidad de prevenir el crecimiento de bacterias y mejorar las defensas naturales de la piel para evitar el desarrollo de la bacteria MRSA (Staphylococcus aureus resistente a la meticilina).<\/p>\n<p>Nuestro <a href=\"https:\/\/holali.co.uk\/es\/producto\/jabon-de-mangostan-para-una-piel-sana\/?wmc-currency=EUR\" title=\"Jab\u00f3n de mangost\u00e1n para una piel sana\" target=\"_blank\" rel=\"noopener\"  data-wpil-monitor-id=\"1425\">natural skincare products nourish your skin<\/a>, leaving it feeling soft and supple. <a href=\"https:\/\/holali.co.uk\/es\/producto\/jabon-de-mar-sal-musgo-vegano-en-una-cuerda\/?wmc-currency=EUR\" title=\"Jab\u00f3n vegano de sal marina y musgo en una cuerda\"  data-wpil-monitor-id=\"43\">sea<\/a>rch for a bar of soap for blackheads, a soap for acne our dead sea soap is the one. Look for further advantages of our organic soap below.<\/p>\n<ul>\n<li>Elaborado con un aceite natural como el de Arg\u00e1n que es una rica fuente de antioxidantes.<\/li>\n<li>The Dead Sea <a href=\"https:\/\/holali.co.uk\/es\/producto\/jabon-de-leche-de-cabra-con-aceite-de-oliva\/?wmc-currency=EUR\" title=\"Nuestro jab\u00f3n de leche de cabra es un gran jab\u00f3n facial\"  data-wpil-monitor-id=\"258\">soap is a facial<\/a> soap to be effective at removing dead skin cells,<\/li>\n<li>Un buen limpiador facial ayuda a eliminar la acumulaci\u00f3n en la piel.<\/li>\n<\/ul>\n<h6>CARACTER\u00cdSTICAS<\/h6>\n<ul>\n<li>Tipos de piel: Pieles sensibles.<\/li>\n<li>\u00c1rea de cuidado de la piel: Cara<\/li>\n<li>Peso: 100g aproximadamente.<\/li>\n<\/ul>\n<p><strong>NOTA:<\/strong> Buying handmade soap can be expensive, but this soap is affordable and paraben-free, SLS-free, and cruelty-free! We offer a variety of soaps made with olive oil and other <a href=\"https:\/\/holali.co.uk\/es\/producto\/jabon-de-pomelo-para-una-piel-sana\/?wmc-currency=EUR\" title=\"Jab\u00f3n de pomelo para una piel y un cabello sanos\" target=\"_blank\" rel=\"noopener\"  data-wpil-monitor-id=\"1426\">natural ingredients<\/a>. El color o el dise\u00f1o pueden variar ligeramente de las im\u00e1genes mostradas. Si desea saber m\u00e1s sobre nuestros productos, no dude en ponerse en contacto con nosotros en cualquier momento.<\/p>\n<p>\u00bfSabes qu\u00e9 es el jab\u00f3n de papel? Si no es as\u00ed, <a href=\"https:\/\/holali.co.uk\/es\/vegana\/jabones-naturales-veganos\/hojas-de-jabon-de-papel-vegano\/?wmc-currency=EUR\" target=\"_blank\" rel=\"noopener noreferrer\">S\u00d3LO TIENE QUE HACER CLIC AQU\u00cd<\/a><\/p>","protected":false},"excerpt":{"rendered":"<p>Dead Sea Soap For Healthy Skin and Hair Experience the healing power of the Dead Sea. A unique soap for the face made from natural ingredients, including marine salt and olive oil extracted from the earth&#8217;s waters. Ever so gentle on your skin, this luxurious experience will leave your skin feeling soft, smooth, and ready&#8230;<\/p>","protected":false},"featured_media":8138,"comment_status":"open","ping_status":"closed","template":"","meta":{"_kad_blocks_custom_css":"","_kad_blocks_head_custom_js":"","_kad_blocks_body_custom_js":"","_kad_blocks_footer_custom_js":"","_kad_post_transparent":"default","_kad_post_title":"","_kad_post_layout":"default","_kad_post_sidebar_id":"","_kad_post_content_style":"default","_kad_post_vertical_padding":"default","_kad_post_feature":"","_kad_post_feature_position":"","_kad_post_header":false,"_kad_post_footer":false,"_kad_post_classname":"","_daim_seo_power":"","_daim_enable_ail":""},"product_brand":[],"product_cat":[262,703],"product_tag":[],"class_list":{"0":"post-8137","1":"product","2":"type-product","3":"status-publish","4":"has-post-thumbnail","6":"product_cat-olive-oil-soaps","7":"product_cat-vegan-olive-oil-soaps","9":"first","10":"instock","11":"taxable","12":"shipping-taxable","13":"purchasable","14":"product-type-simple","15":"entry","16":"content-bg","17":"loop-entry"},"taxonomy_info":{"product_cat":[{"value":262,"label":"Olive Oil Soaps"},{"value":703,"label":"Vegan Olive Oil Soaps"}]},"featured_image_src_large":["https:\/\/holali.co.uk\/wp-content\/uploads\/2022\/08\/201743.jpeg",280,280,false],"author_info":[],"comment_info":0,"_links":{"self":[{"href":"https:\/\/holali.co.uk\/es\/wp-json\/wp\/v2\/product\/8137","targetHints":{"allow":["GET"]}}],"collection":[{"href":"https:\/\/holali.co.uk\/es\/wp-json\/wp\/v2\/product"}],"about":[{"href":"https:\/\/holali.co.uk\/es\/wp-json\/wp\/v2\/types\/product"}],"replies":[{"embeddable":true,"href":"https:\/\/holali.co.uk\/es\/wp-json\/wp\/v2\/comments?post=8137"}],"wp:featuredmedia":[{"embeddable":true,"href":"https:\/\/holali.co.uk\/es\/wp-json\/wp\/v2\/media\/8138"}],"wp:attachment":[{"href":"https:\/\/holali.co.uk\/es\/wp-json\/wp\/v2\/media?parent=8137"}],"wp:term":[{"taxonomy":"product_brand","embeddable":true,"href":"https:\/\/holali.co.uk\/es\/wp-json\/wp\/v2\/product_brand?post=8137"},{"taxonomy":"product_cat","embeddable":true,"href":"https:\/\/holali.co.uk\/es\/wp-json\/wp\/v2\/product_cat?post=8137"},{"taxonomy":"product_tag","embeddable":true,"href":"https:\/\/holali.co.uk\/es\/wp-json\/wp\/v2\/product_tag?post=8137"}],"curies":[{"name":"wp","href":"https:\/\/api.w.org\/{rel}","templated":true}]}}