{"id":8129,"date":"2022-08-30T20:00:35","date_gmt":"2022-08-30T20:00:35","guid":{"rendered":"https:\/\/holali.local\/product\/lemon-olive-oil-soap-slice-slice\/"},"modified":"2025-09-13T17:16:07","modified_gmt":"2025-09-13T17:16:07","slug":"jabon-de-limon-con-aceite-de-oliva","status":"publish","type":"product","link":"https:\/\/holali.co.uk\/es\/product\/lemon-soap-with-olive-oil\/","title":{"rendered":"Jab\u00f3n de lim\u00f3n: limpio, suave e hidratante"},"content":{"rendered":"<h2>Jab\u00f3n de lim\u00f3n: limpio, suave e hidratante<\/h2>\n<p><a href=\"https:\/\/holali.co.uk\/wp-content\/uploads\/2022\/08\/Lemon-Soap-\u2013-Clean-Gentle-and-Moisturizing.jpeg\"><img loading=\"lazy\" decoding=\"async\" class=\"alignnone size-medium wp-image-12179\" src=\"https:\/\/holali.co.uk\/wp-content\/uploads\/2022\/08\/Lemon-Soap-\u2013-Clean-Gentle-and-Moisturizing-300x300.jpeg\" alt=\"\" width=\"300\" height=\"300\" title=\"\" srcset=\"https:\/\/holali.co.uk\/wp-content\/uploads\/2022\/08\/Lemon-Soap-\u2013-Clean-Gentle-and-Moisturizing-300x300.jpeg 300w, https:\/\/holali.co.uk\/wp-content\/uploads\/2022\/08\/Lemon-Soap-\u2013-Clean-Gentle-and-Moisturizing-150x150.jpeg 150w, https:\/\/holali.co.uk\/wp-content\/uploads\/2022\/08\/Lemon-Soap-\u2013-Clean-Gentle-and-Moisturizing-768x768.jpeg 768w, https:\/\/holali.co.uk\/wp-content\/uploads\/2022\/08\/Lemon-Soap-\u2013-Clean-Gentle-and-Moisturizing-12x12.jpeg 12w, https:\/\/holali.co.uk\/wp-content\/uploads\/2022\/08\/Lemon-Soap-\u2013-Clean-Gentle-and-Moisturizing-465x465.jpeg 465w, https:\/\/holali.co.uk\/wp-content\/uploads\/2022\/08\/Lemon-Soap-\u2013-Clean-Gentle-and-Moisturizing-100x100.jpeg 100w, https:\/\/holali.co.uk\/wp-content\/uploads\/2022\/08\/Lemon-Soap-\u2013-Clean-Gentle-and-Moisturizing-930x930.jpeg 930w, https:\/\/holali.co.uk\/wp-content\/uploads\/2022\/08\/Lemon-Soap-\u2013-Clean-Gentle-and-Moisturizing-154x154.jpeg 154w, https:\/\/holali.co.uk\/wp-content\/uploads\/2022\/08\/Lemon-Soap-\u2013-Clean-Gentle-and-Moisturizing-77x77.jpeg 77w, https:\/\/holali.co.uk\/wp-content\/uploads\/2022\/08\/Lemon-Soap-\u2013-Clean-Gentle-and-Moisturizing.jpeg 1024w\" sizes=\"auto, (max-width: 300px) 100vw, 300px\" \/><\/a><\/p>\n<p>Cuando se trata de una piel bonita y sana, el jab\u00f3n de lim\u00f3n es la herramienta perfecta. El aceite de oliva tiene propiedades reafirmantes y ayuda a controlar las manchas de acn\u00e9 y las impurezas en general.<\/p>\n<p>El jab\u00f3n de lim\u00f3n puede utilizarse en la cara, pero debe usarse con cuidado porque es un limpiador \u00e1cido. Adem\u00e1s, revitaliza la piel y le da un aspecto m\u00e1s joven.<\/p>\n<h5>LOS BENEFICIOS DE USAR JAB\u00d3N DE LIM\u00d3N CON ACEITE DE OLIVA COMO RUTINA DE CUIDADO DE LA PIEL<\/h5>\n<ol>\n<li>Elaborado con aceites org\u00e1nicos y lim\u00f3n real que crea un aroma refrescante y picante<\/li>\n<li>Su piel le agradecer\u00e1 el uso de este producto.<\/li>\n<li>Apto para todas las edades, seguro para toda la familia.<\/li>\n<li>Este jab\u00f3n es una forma natural de reducir la sequedad, adem\u00e1s del aroma a lim\u00f3n.<\/li>\n<li>Las propiedades del jab\u00f3n, como el tratamiento del acn\u00e9 y el rejuvenecimiento de la piel, lo convierten en un gran limpiador facial profundo.<\/li>\n<\/ol>\n<p>El jab\u00f3n de aceite de oliva natural es un tipo de jab\u00f3n muy popular que se elabora con aceite de oliva virgen extra y una variedad de otros ingredientes. Se hace a mano mediante el m\u00e9todo tradicional de elaboraci\u00f3n en fr\u00edo, que consiste en mezclar aceites, lej\u00eda y agua en una olla grande.<\/p>\n<p>Los jabones de aceite de oliva existen desde hace siglos, pero s\u00f3lo recientemente se han tomado en serio como alternativa a los jabones elaborados tradicionalmente. El m\u00e9todo de elaboraci\u00f3n en fr\u00edo requiere mucho tiempo y es costoso de producir.<\/p>\n<p>El lento proceso de elaboraci\u00f3n del jab\u00f3n de aceite de oliva puede atribuirse a su popularidad en Europa durante el siglo XIX, cuando se utilizaba como remedio natural para muchas afecciones de la piel.<\/p>\n<h6>CARACTER\u00cdSTICAS<\/h6>\n<ul>\n<li>Tipos: Pieles normales, secas y sensibles<\/li>\n<li>\u00c1rea de cuidado: Cara Cuerpo<\/li>\n<li>Peso: 100g aproximadamente<\/li>\n<\/ul>\n<p><strong>NOTA:<\/strong> Comprar un jab\u00f3n hecho a mano puede ser caro, pero \u00e9ste es asequible y est\u00e1 libre de parabenos, SLS y crueldad. Ofrecemos una variedad de jabones hechos con aceite de oliva y otros ingredientes naturales. El color o el dise\u00f1o pueden variar ligeramente respecto a las fotos mostradas. Si desea saber m\u00e1s sobre nuestros productos, \u00a1no dude en ponerse en contacto con nosotros en cualquier momento!<\/p>\n<p>Do you know what <a title=\"Jab\u00f3n de carb\u00f3n activado con lim\u00f3n\" href=\"https:\/\/holali.co.uk\/es\/producto\/jabon-de-carbon-activado-con-limon\/?wmc-currency=EUR\" data-wpil-monitor-id=\"174\">lemon paper soap<\/a> is? If not, <a href=\"https:\/\/holali.co.uk\/es\/cuidado-del-cuerpo\/productos-para-el-cuidado-de-la-piel\/hojas-de-papel-jabon\/?wmc-currency=EUR\">S\u00d3LO TIENE QUE HACER CLIC AQU\u00cd<\/a><\/p>","protected":false},"excerpt":{"rendered":"<p>https:\/\/www.youtube.com\/shorts\/lQH8dUEqNgY<\/p>","protected":false},"featured_media":8130,"comment_status":"open","ping_status":"closed","template":"","meta":{"_kad_blocks_custom_css":"","_kad_blocks_head_custom_js":"","_kad_blocks_body_custom_js":"","_kad_blocks_footer_custom_js":"","_kad_post_transparent":"default","_kad_post_title":"","_kad_post_layout":"default","_kad_post_sidebar_id":"","_kad_post_content_style":"default","_kad_post_vertical_padding":"default","_kad_post_feature":"","_kad_post_feature_position":"","_kad_post_header":false,"_kad_post_footer":false,"_kad_post_classname":"","_daim_seo_power":"1000","_daim_enable_ail":"1"},"product_brand":[],"product_cat":[262,703],"product_tag":[],"class_list":{"0":"post-8129","1":"product","2":"type-product","3":"status-publish","4":"has-post-thumbnail","6":"product_cat-olive-oil-soaps","7":"product_cat-vegan-olive-oil-soaps","9":"first","10":"instock","11":"taxable","12":"shipping-taxable","13":"purchasable","14":"product-type-simple","15":"entry","16":"content-bg","17":"loop-entry"},"taxonomy_info":{"product_cat":[{"value":262,"label":"Olive Oil Soaps"},{"value":703,"label":"Vegan Olive Oil Soaps"}]},"featured_image_src_large":["https:\/\/holali.co.uk\/wp-content\/uploads\/2022\/08\/201738.jpeg",280,280,false],"author_info":[],"comment_info":0,"_links":{"self":[{"href":"https:\/\/holali.co.uk\/es\/wp-json\/wp\/v2\/product\/8129","targetHints":{"allow":["GET"]}}],"collection":[{"href":"https:\/\/holali.co.uk\/es\/wp-json\/wp\/v2\/product"}],"about":[{"href":"https:\/\/holali.co.uk\/es\/wp-json\/wp\/v2\/types\/product"}],"replies":[{"embeddable":true,"href":"https:\/\/holali.co.uk\/es\/wp-json\/wp\/v2\/comments?post=8129"}],"wp:featuredmedia":[{"embeddable":true,"href":"https:\/\/holali.co.uk\/es\/wp-json\/wp\/v2\/media\/8130"}],"wp:attachment":[{"href":"https:\/\/holali.co.uk\/es\/wp-json\/wp\/v2\/media?parent=8129"}],"wp:term":[{"taxonomy":"product_brand","embeddable":true,"href":"https:\/\/holali.co.uk\/es\/wp-json\/wp\/v2\/product_brand?post=8129"},{"taxonomy":"product_cat","embeddable":true,"href":"https:\/\/holali.co.uk\/es\/wp-json\/wp\/v2\/product_cat?post=8129"},{"taxonomy":"product_tag","embeddable":true,"href":"https:\/\/holali.co.uk\/es\/wp-json\/wp\/v2\/product_tag?post=8129"}],"curies":[{"name":"wp","href":"https:\/\/api.w.org\/{rel}","templated":true}]}}