{"id":8127,"date":"2022-08-30T20:00:34","date_gmt":"2022-08-30T20:00:34","guid":{"rendered":"https:\/\/holali.local\/product\/lavender-olive-oil-soap-slice\/"},"modified":"2025-11-08T20:28:55","modified_gmt":"2025-11-08T20:28:55","slug":"jabon-de-lavanda-con-aceite-de-oliva","status":"publish","type":"product","link":"https:\/\/holali.co.uk\/es\/product\/lavender-soap-with-olive-oil\/","title":{"rendered":"Jab\u00f3n de lavanda para una piel suave y tersa"},"content":{"rendered":"<h2 dir=\"auto\" data-pm-slice=\"1 1 []\">Jab\u00f3n de lavanda para una piel suave y tersa<\/h2>\n<p>Nuestro jab\u00f3n de lavanda es una mezcla \u00fanica de aceite de oliva y lavanda, que es perfecta no s\u00f3lo para el cuidado de la piel y la higiene personal, sino tambi\u00e9n para el uso de sus productos caseros para el cuidado de la piel.<\/p>\n<p>El aroma calmante y vigorizante de los aceites esenciales puros le ayudar\u00e1 a sentirse m\u00e1s relajado y saludable. El jab\u00f3n de lavanda es un gran complemento para cualquier ba\u00f1o.<\/p>\n<p>Tiene un aroma natural calmante que lo convierte en uno de los tipos de jab\u00f3n m\u00e1s populares de la actualidad.<\/p>\n<h5>LOS BENEFICIOS DE USAR JAB\u00d3N DE LAVANDA CON ACEITE DE OLIVA COMO RUTINA DE CUIDADO DE LA PIEL<\/h5>\n<ul>\n<li>Luxurious <a href=\"https:\/\/holali.co.uk\/es\/producto\/barra-de-jabon-blanco-lavanda\/?wmc-currency=EUR\" title=\"Jab\u00f3n blanco de lavanda\"  data-wpil-monitor-id=\"141\">soap with the scent of lavender<\/a>, which has been scientifically proven to have:<\/li>\n<\/ul>\n<ol>\n<li>propiedades antif\u00fangicas<\/li>\n<li>propiedades antibacterianas.<\/li>\n<\/ol>\n<ul>\n<li>Elaborado con aceite de oliva, que ayuda a prevenir la propagaci\u00f3n de bacterias al matar cualquier germen o bacteria que intente adherirse a \u00e9l con sus propiedades antis\u00e9pticas.<\/li>\n<\/ul>\n<p><a href=\"https:\/\/holali.co.uk\/es\/producto\/jabon-hecho-a-mano-pan-de-frambuesa-aprox-100g\/?wmc-currency=EUR\" title=\"Jab\u00f3n artesanal de frambuesa\" target=\"_blank\" rel=\"noopener\"  data-wpil-monitor-id=\"1201\">Natural olive oil soap<\/a> is a popular type of soap made with extra virgin olive oil and a variety of other ingredients. It is handmade through the traditional cold process-making method, which involves mixing oils, lye, and water together in a large pot.<\/p>\n<p><a href=\"https:\/\/holali.co.uk\/es\/producto\/jabon-de-manos-de-vainilla-con-aceite-de-oliva\/?wmc-currency=EUR\" title=\"El mejor jab\u00f3n de manos de vainilla para las manos secas\" target=\"_blank\" rel=\"noopener\"  data-wpil-monitor-id=\"1237\">Olive oil soaps<\/a> have been around for centuries, but only recently have they been taken seriously as an alternative to traditionally made soaps. The cold process-making method is time-consuming and costly to produce.<\/p>\n<p>The slow process of making <a href=\"https:\/\/holali.co.uk\/es\/producto\/jabon-organico-en-polvo-para-bebes\/?wmc-currency=EUR\" title=\"Jab\u00f3n en polvo para ni\u00f1os y mujeres embarazadas\" target=\"_blank\" rel=\"noopener\"  data-wpil-monitor-id=\"1594\">olive oil soap<\/a> can be attributed to its popularity in Europe during the 1800s when it was used as a natural remedy for many skin conditions.<\/p>\n<h6>CARACTER\u00cdSTICAS<\/h6>\n<ul>\n<li>Tipos: Pieles normales, secas y sensibles<\/li>\n<li>\u00c1rea de cuidado: Cara Cuerpo<\/li>\n<li>Peso: 100g aproximadamente<\/li>\n<\/ul>\n<p><strong>NOTA<\/strong>: Buying handmade soap can be expensive, but this one is affordable and paraben-free, SLS-free, and cruelty-free! We offer a variety of soaps made with olive oil and other <a href=\"https:\/\/holali.co.uk\/es\/producto\/jabon-hecho-a-mano-tortilla-de-sandia-aproximadamente-100g\/?wmc-currency=EUR\" title=\"Jab\u00f3n de sand\u00eda hecho a mano\" target=\"_blank\" rel=\"noopener\"  data-wpil-monitor-id=\"1577\">natural ingredients<\/a>. El color o el dise\u00f1o pueden variar ligeramente de las im\u00e1genes mostradas. Si desea saber m\u00e1s sobre nuestros productos, no dude en ponerse en contacto con nosotros en cualquier momento.<\/p>\n<p>\u00bfSabes qu\u00e9 es el jab\u00f3n de papel? Si no es as\u00ed, <a href=\"https:\/\/holali.co.uk\/es\/cuidado-del-cuerpo\/productos-para-el-cuidado-de-la-piel\/hojas-de-papel-jabon\/?wmc-currency=EUR\" target=\"_blank\" rel=\"noopener noreferrer\">S\u00d3LO TIENE QUE HACER CLIC AQU\u00cd<\/a><\/p>","protected":false},"excerpt":{"rendered":"<p>Lavender Soap for Soft, Smooth Skin Our lavender soap is a unique blend of olive oil and lavender, which is perfect not only for skin care and personal hygiene but also for the use of your homemade skin-care products. The soothing and invigorating scent of pure essential oils will help you feel more relaxed and&#8230;<\/p>","protected":false},"featured_media":8128,"comment_status":"open","ping_status":"closed","template":"","meta":{"_kad_blocks_custom_css":"","_kad_blocks_head_custom_js":"","_kad_blocks_body_custom_js":"","_kad_blocks_footer_custom_js":"","_kad_post_transparent":"default","_kad_post_title":"","_kad_post_layout":"default","_kad_post_sidebar_id":"","_kad_post_content_style":"default","_kad_post_vertical_padding":"default","_kad_post_feature":"","_kad_post_feature_position":"","_kad_post_header":false,"_kad_post_footer":false,"_kad_post_classname":"","_daim_seo_power":"","_daim_enable_ail":""},"product_brand":[],"product_cat":[262,703],"product_tag":[],"class_list":{"0":"post-8127","1":"product","2":"type-product","3":"status-publish","4":"has-post-thumbnail","6":"product_cat-olive-oil-soaps","7":"product_cat-vegan-olive-oil-soaps","9":"first","10":"instock","11":"taxable","12":"shipping-taxable","13":"purchasable","14":"product-type-simple","15":"entry","16":"content-bg","17":"loop-entry"},"taxonomy_info":{"product_cat":[{"value":262,"label":"Olive Oil Soaps"},{"value":703,"label":"Vegan Olive Oil Soaps"}]},"featured_image_src_large":["https:\/\/holali.co.uk\/wp-content\/uploads\/2022\/08\/201737.jpeg",280,280,false],"author_info":[],"comment_info":0,"_links":{"self":[{"href":"https:\/\/holali.co.uk\/es\/wp-json\/wp\/v2\/product\/8127","targetHints":{"allow":["GET"]}}],"collection":[{"href":"https:\/\/holali.co.uk\/es\/wp-json\/wp\/v2\/product"}],"about":[{"href":"https:\/\/holali.co.uk\/es\/wp-json\/wp\/v2\/types\/product"}],"replies":[{"embeddable":true,"href":"https:\/\/holali.co.uk\/es\/wp-json\/wp\/v2\/comments?post=8127"}],"wp:featuredmedia":[{"embeddable":true,"href":"https:\/\/holali.co.uk\/es\/wp-json\/wp\/v2\/media\/8128"}],"wp:attachment":[{"href":"https:\/\/holali.co.uk\/es\/wp-json\/wp\/v2\/media?parent=8127"}],"wp:term":[{"taxonomy":"product_brand","embeddable":true,"href":"https:\/\/holali.co.uk\/es\/wp-json\/wp\/v2\/product_brand?post=8127"},{"taxonomy":"product_cat","embeddable":true,"href":"https:\/\/holali.co.uk\/es\/wp-json\/wp\/v2\/product_cat?post=8127"},{"taxonomy":"product_tag","embeddable":true,"href":"https:\/\/holali.co.uk\/es\/wp-json\/wp\/v2\/product_tag?post=8127"}],"curies":[{"name":"wp","href":"https:\/\/api.w.org\/{rel}","templated":true}]}}