{"id":8125,"date":"2022-08-30T20:00:34","date_gmt":"2022-08-30T20:00:34","guid":{"rendered":"https:\/\/holali.local\/product\/rosemary-olive-oil-soap-slice\/"},"modified":"2025-09-15T02:39:35","modified_gmt":"2025-09-15T02:39:35","slug":"jabon-de-romero-con-aceite-de-oliva-para-pieles-secas-2","status":"publish","type":"product","link":"https:\/\/holali.co.uk\/es\/product\/rosemary-soap-with-olive-oil-for-dry-skin\/","title":{"rendered":"Jab\u00f3n de romero con aceite de oliva para pieles secas"},"content":{"rendered":"<h2 dir=\"auto\" data-pm-slice=\"1 1 []\">Jab\u00f3n de romero con aceite de oliva para pieles secas<\/h2>\n<p dir=\"auto\" data-pm-slice=\"1 1 []\">El jab\u00f3n de romero con aceite de oliva es un jab\u00f3n antiinflamatorio, calmante y que mejora la piel. Nuestros jabones hechos a mano se elaboran con una variedad de ingredientes naturales y org\u00e1nicos y aceites esenciales puros para obtener los mejores resultados. \u00a1Consiga su jab\u00f3n complementario hoy mismo!<\/p>\n<h5 dir=\"auto\" data-pm-slice=\"1 1 []\">PRESTACIONES<\/h5>\n<ul data-pm-slice=\"3 3 []\">\n<li>\n<p dir=\"auto\">El romero es una de las mejores hierbas para la piel. Hidrata, tensa y tonifica.<\/p>\n<\/li>\n<li>\n<p dir=\"auto\">El aceite de oliva tiene muchos beneficios que lo convierten en un ingrediente perfecto para una pastilla de jab\u00f3n.<\/p>\n<\/li>\n<li>\n<p dir=\"auto\">Desh\u00e1gase de los dolores musculares, de las articulaciones y de las arrugas de la frente en un abrir y cerrar de ojos con esta mezcla.<\/p>\n<\/li>\n<\/ul>\n<h6>HISTORIA DEL ACEITE DE OLIVA<\/h6>\n<p>Natural <a href=\"https:\/\/holali.co.uk\/es\/producto\/jabon-de-manos-de-vainilla-con-aceite-de-oliva\/?wmc-currency=EUR\" title=\"El mejor jab\u00f3n de manos de vainilla para las manos secas\" target=\"_blank\" rel=\"noopener\"  data-wpil-monitor-id=\"1242\">olive oil soap<\/a> is a popular type of soap made with extra virgin olive oil and a variety of other ingredients. It is handmade through the traditional cold process-making method, which involves mixing oils, lye, and water together in a large pot.<\/p>\n<p>Los jabones de aceite de oliva existen desde hace siglos, pero s\u00f3lo recientemente se han tomado en serio como alternativa a los jabones elaborados tradicionalmente. El m\u00e9todo de elaboraci\u00f3n en fr\u00edo requiere mucho tiempo y es costoso de producir.<\/p>\n<p>The slow process of making <a href=\"https:\/\/holali.co.uk\/es\/producto\/jabon-violeta-organico-para-piel-sensible\/?wmc-currency=EUR\" title=\"Jab\u00f3n ecol\u00f3gico de violeta para pieles sensibles\" target=\"_blank\" rel=\"noopener\"  data-wpil-monitor-id=\"1656\">olive oil soap<\/a> can be attributed to its popularity in Europe during the 1800s when it was used as a natural remedy for many skin conditions.<\/p>\n<h6>CARACTER\u00cdSTICAS<\/h6>\n<ul>\n<li>Tipos: Pieles normales, secas y sensibles<\/li>\n<li>\u00c1rea de cuidado: Cara Cuerpo<\/li>\n<li>Peso: 100g aproximadamente<\/li>\n<\/ul>\n<p><strong>NOTA:<\/strong>\u00a0Buying handmade soap can be expensive, but this one is affordable and paraben-free, SLS-free, and cruelty-free! We offer a variety of <a href=\"https:\/\/holali.co.uk\/es\/producto\/jabon-de-hierbas-con-aceite-de-oliva-y-hierba-de-la-gracia\/?wmc-currency=EUR\" title=\"Jab\u00f3n de hierbas con aceite de oliva para una piel suave y limpia\"  data-wpil-monitor-id=\"295\">soaps made with olive oil<\/a> and other natural ingredients. The color or design may slightly vary from the pictures shown. If you would like to know more about our products, feel free to contact us at any time!<\/p>\n<p>\u00bfEst\u00e1 familiarizado con el jab\u00f3n de papel? Si no es as\u00ed,\u00a0<a href=\"https:\/\/holali.co.uk\/es\/cuidado-del-cuerpo\/productos-para-el-cuidado-de-la-piel\/hojas-de-papel-jabon\/?wmc-currency=EUR\" target=\"_blank\" rel=\"noopener noreferrer\">S\u00d3LO TIENE QUE HACER CLIC AQU\u00cd<\/a><\/p>","protected":false},"excerpt":{"rendered":"<p>Rosemary Soap with Olive Oil for Dry Skin Rosemary Soap With Olive Oil is an anti-inflammatory, soothing, and skin-improving soap. Our handmade soaps are made from a variety of natural, organic ingredients and pure essential oils for the best results. Get your complementary soap today! BENEFITS Rosemary is one of the best herbs for your&#8230;<\/p>","protected":false},"featured_media":8126,"comment_status":"open","ping_status":"closed","template":"","meta":{"_kad_blocks_custom_css":"","_kad_blocks_head_custom_js":"","_kad_blocks_body_custom_js":"","_kad_blocks_footer_custom_js":"","_kad_post_transparent":"default","_kad_post_title":"","_kad_post_layout":"default","_kad_post_sidebar_id":"","_kad_post_content_style":"default","_kad_post_vertical_padding":"default","_kad_post_feature":"","_kad_post_feature_position":"","_kad_post_header":false,"_kad_post_footer":false,"_kad_post_classname":"","_daim_seo_power":"","_daim_enable_ail":""},"product_brand":[],"product_cat":[262,703],"product_tag":[],"class_list":{"0":"post-8125","1":"product","2":"type-product","3":"status-publish","4":"has-post-thumbnail","6":"product_cat-olive-oil-soaps","7":"product_cat-vegan-olive-oil-soaps","9":"first","10":"instock","11":"taxable","12":"shipping-taxable","13":"purchasable","14":"product-type-simple","15":"entry","16":"content-bg","17":"loop-entry"},"taxonomy_info":{"product_cat":[{"value":262,"label":"Olive Oil Soaps"},{"value":703,"label":"Vegan Olive Oil Soaps"}]},"featured_image_src_large":["https:\/\/holali.co.uk\/wp-content\/uploads\/2022\/08\/201736.jpeg",280,280,false],"author_info":[],"comment_info":0,"_links":{"self":[{"href":"https:\/\/holali.co.uk\/es\/wp-json\/wp\/v2\/product\/8125","targetHints":{"allow":["GET"]}}],"collection":[{"href":"https:\/\/holali.co.uk\/es\/wp-json\/wp\/v2\/product"}],"about":[{"href":"https:\/\/holali.co.uk\/es\/wp-json\/wp\/v2\/types\/product"}],"replies":[{"embeddable":true,"href":"https:\/\/holali.co.uk\/es\/wp-json\/wp\/v2\/comments?post=8125"}],"wp:featuredmedia":[{"embeddable":true,"href":"https:\/\/holali.co.uk\/es\/wp-json\/wp\/v2\/media\/8126"}],"wp:attachment":[{"href":"https:\/\/holali.co.uk\/es\/wp-json\/wp\/v2\/media?parent=8125"}],"wp:term":[{"taxonomy":"product_brand","embeddable":true,"href":"https:\/\/holali.co.uk\/es\/wp-json\/wp\/v2\/product_brand?post=8125"},{"taxonomy":"product_cat","embeddable":true,"href":"https:\/\/holali.co.uk\/es\/wp-json\/wp\/v2\/product_cat?post=8125"},{"taxonomy":"product_tag","embeddable":true,"href":"https:\/\/holali.co.uk\/es\/wp-json\/wp\/v2\/product_tag?post=8125"}],"curies":[{"name":"wp","href":"https:\/\/api.w.org\/{rel}","templated":true}]}}