{"id":8123,"date":"2022-08-30T20:00:34","date_gmt":"2022-08-30T20:00:34","guid":{"rendered":"https:\/\/holali.local\/product\/noni-olive-oil-soap-slice\/"},"modified":"2025-09-13T17:14:42","modified_gmt":"2025-09-13T17:14:42","slug":"jabon-de-noni-con-aceite-de-oliva","status":"publish","type":"product","link":"https:\/\/holali.co.uk\/es\/product\/noni-soap-for-eczema-with-olive-oil\/","title":{"rendered":"Jab\u00f3n de noni para el eczema, el acn\u00e9 y la ros\u00e1cea"},"content":{"rendered":"<h2>Jab\u00f3n de noni para el eczema, el acn\u00e9 y la ros\u00e1cea<\/h2>\n<p>Our noni soap for <a href=\"https:\/\/simple.wikipedia.org\/wiki\/Eczema\" target=\"_blank\" rel=\"noopener\">eczema<\/a> is a great way to support the natural regeneration of your skin. Noni juice has been used for centuries and has amazing healing properties as you can see below.<\/p>\n<h5>BENEFICIOS DEL ZUMO DE NONI<\/h5>\n<ul>\n<li>Resultado del uso de ingredientes naturales como fibra, vitaminas, antioxidantes y minerales.<\/li>\n<li>Es un remedio natural para muchas enfermedades y dolencias. Tambi\u00e9n se sabe que tiene efectos positivos sobre el sistema inmunitario.<\/li>\n<li>Ayuda a las personas a perder peso impulsando su metabolismo y haciendo que se sientan saciadas con menos ingesta de alimentos.<\/li>\n<\/ul>\n<p>In our <a href=\"https:\/\/holali.co.uk\/es\/vegana\/jabones-naturales-veganos\/jabones-veganos-de-aceite-de-oliva\/?wmc-currency=EUR\">noni soap for eczema<\/a>, we have combined all-natural ingredients with a special blend of oils that nourish and moisturize the skin for healthy and beautiful-looking skin, free of acne, rashes, and irritation.<\/p>\n<h6>NONI SOAP FOR ECZEMA WITH OLIVE OIL, THE SKIN REGENERATION, TO USE AS A SKIN CARE ROUTINE.<\/h6>\n<ol>\n<li>Un jab\u00f3n natural y suave que limpia y calma la piel, dej\u00e1ndola sana y revitalizada.<\/li>\n<li>El extracto frutal de aceite de oliva nutre la piel en profundidad para proporcionar una limpieza inmediata.<\/li>\n<li>Es ideal para las manos secas y las zonas \u00e1speras.<\/li>\n<li>Adecuado para todo tipo de pieles y cuerpos.<\/li>\n<\/ol>\n<p>El jab\u00f3n de aceite de oliva natural es un tipo de jab\u00f3n muy popular que se elabora con aceite de oliva virgen extra y una variedad de otros ingredientes. Se hace a mano mediante el m\u00e9todo tradicional de elaboraci\u00f3n en fr\u00edo, que consiste en mezclar aceites, lej\u00eda y agua en una olla grande.<\/p>\n<p>Los jabones de aceite de oliva existen desde hace siglos, pero s\u00f3lo recientemente se han tomado en serio como alternativa a los jabones elaborados tradicionalmente. El m\u00e9todo de elaboraci\u00f3n en fr\u00edo requiere mucho tiempo y es costoso de producir.<\/p>\n<p>El lento proceso de elaboraci\u00f3n del jab\u00f3n de aceite de oliva puede atribuirse a su popularidad en Europa durante el siglo XIX, cuando se utilizaba como remedio natural para muchas afecciones de la piel.<\/p>\n<h6>CARACTER\u00cdSTICAS<\/h6>\n<ul>\n<li>Tipos: Pieles normales, secas y sensibles<\/li>\n<li>\u00c1rea de cuidado: Cara Cuerpo<\/li>\n<li>Peso: 100g aproximadamente<\/li>\n<\/ul>\n<p><strong>NOTA:<\/strong> Comprar un jab\u00f3n hecho a mano puede ser caro, pero \u00e9ste es asequible y est\u00e1 libre de parabenos, SLS y crueldad. Ofrecemos una variedad de jabones hechos con aceite de oliva y otros ingredientes naturales. El color o el dise\u00f1o pueden variar ligeramente respecto a las fotos mostradas. Si desea saber m\u00e1s sobre nuestros productos, \u00a1no dude en ponerse en contacto con nosotros en cualquier momento!<\/p>\n<p>\u00bfSabes qu\u00e9 es el jab\u00f3n de papel? Si no es as\u00ed, <a href=\"https:\/\/holali.co.uk\/es\/cuidado-del-cuerpo\/productos-para-el-cuidado-de-la-piel\/hojas-de-papel-jabon\/?wmc-currency=EUR\" target=\"_blank\" rel=\"noopener noreferrer\">S\u00d3LO TIENE QUE HACER CLIC AQU\u00cd<\/a><\/p>\n<p><img loading=\"lazy\" decoding=\"async\" class=\"alignnone size-medium\" src=\"https:\/\/holali.co.uk\/wp-content\/uploads\/2022\/08\/noni-soap-beige-green.webp\" width=\"560\" height=\"560\" alt=\"\" title=\"\"><\/p>\n<p>&nbsp;<\/p>\n<p><img loading=\"lazy\" decoding=\"async\" class=\"alignnone size-medium\" src=\"https:\/\/holali.co.uk\/wp-content\/uploads\/2022\/08\/noni-soap-for-eczema.webp\" width=\"845\" height=\"409\" alt=\"\" title=\"\"><\/p>\n<p>&nbsp;<\/p>","protected":false},"excerpt":{"rendered":"<p>Soothe irritated skin with Noni Soap for Eczema \u2014 nature\u2019s gentle remedy infused with antioxidant-rich noni fruit to calm redness, reduce itching, and restore your skin\u2019s natural balance. Dermatologist-tested. Fragrance-free. Perfect for sensitive, eczema-prone skin. Wash away discomfort. Embrace relief.<\/p>\n<p>https:\/\/youtu.be\/EeMGy9lgu9Y?si=gBeTyptG8OEvi969<\/p>","protected":false},"featured_media":8124,"comment_status":"open","ping_status":"closed","template":"","meta":{"_kad_blocks_custom_css":"","_kad_blocks_head_custom_js":"","_kad_blocks_body_custom_js":"","_kad_blocks_footer_custom_js":"","_kad_post_transparent":"default","_kad_post_title":"","_kad_post_layout":"default","_kad_post_sidebar_id":"","_kad_post_content_style":"default","_kad_post_vertical_padding":"default","_kad_post_feature":"","_kad_post_feature_position":"","_kad_post_header":false,"_kad_post_footer":false,"_kad_post_classname":"","_daim_seo_power":"1000","_daim_enable_ail":"1"},"product_brand":[],"product_cat":[262,703],"product_tag":[],"class_list":{"0":"post-8123","1":"product","2":"type-product","3":"status-publish","4":"has-post-thumbnail","6":"product_cat-olive-oil-soaps","7":"product_cat-vegan-olive-oil-soaps","9":"first","10":"instock","11":"taxable","12":"shipping-taxable","13":"purchasable","14":"product-type-simple","15":"entry","16":"content-bg","17":"loop-entry"},"taxonomy_info":{"product_cat":[{"value":262,"label":"Olive Oil Soaps"},{"value":703,"label":"Vegan Olive Oil Soaps"}]},"featured_image_src_large":["https:\/\/holali.co.uk\/wp-content\/uploads\/2022\/08\/201735.jpeg",280,280,false],"author_info":[],"comment_info":0,"_links":{"self":[{"href":"https:\/\/holali.co.uk\/es\/wp-json\/wp\/v2\/product\/8123","targetHints":{"allow":["GET"]}}],"collection":[{"href":"https:\/\/holali.co.uk\/es\/wp-json\/wp\/v2\/product"}],"about":[{"href":"https:\/\/holali.co.uk\/es\/wp-json\/wp\/v2\/types\/product"}],"replies":[{"embeddable":true,"href":"https:\/\/holali.co.uk\/es\/wp-json\/wp\/v2\/comments?post=8123"}],"wp:featuredmedia":[{"embeddable":true,"href":"https:\/\/holali.co.uk\/es\/wp-json\/wp\/v2\/media\/8124"}],"wp:attachment":[{"href":"https:\/\/holali.co.uk\/es\/wp-json\/wp\/v2\/media?parent=8123"}],"wp:term":[{"taxonomy":"product_brand","embeddable":true,"href":"https:\/\/holali.co.uk\/es\/wp-json\/wp\/v2\/product_brand?post=8123"},{"taxonomy":"product_cat","embeddable":true,"href":"https:\/\/holali.co.uk\/es\/wp-json\/wp\/v2\/product_cat?post=8123"},{"taxonomy":"product_tag","embeddable":true,"href":"https:\/\/holali.co.uk\/es\/wp-json\/wp\/v2\/product_tag?post=8123"}],"curies":[{"name":"wp","href":"https:\/\/api.w.org\/{rel}","templated":true}]}}