{"id":8121,"date":"2022-08-30T20:00:33","date_gmt":"2022-08-30T20:00:33","guid":{"rendered":"https:\/\/holali.local\/product\/propolis-olive-oil-soap-slice\/"},"modified":"2025-09-11T21:15:52","modified_gmt":"2025-09-11T21:15:52","slug":"jabon-de-propoleo-con-aceite-de-oliva","status":"publish","type":"product","link":"https:\/\/holali.co.uk\/es\/product\/propolis-soap-with-olive-oil\/","title":{"rendered":"Jab\u00f3n de prop\u00f3leo para la curaci\u00f3n lenta"},"content":{"rendered":"<h2>Jab\u00f3n de prop\u00f3leo para la curaci\u00f3n lenta<\/h2>\n<p>El jab\u00f3n de aceite de oliva elaborado con aceite de oliva y prop\u00f3leo tiene un olor encantador y fresco. Limpia sin despojar la piel de su humedad y tiene propiedades antivirales, antibi\u00f3ticas, antial\u00e9rgicas y analg\u00e9sicas.<\/p>\n<p>Nuestro jab\u00f3n de prop\u00f3leo con aceite de oliva puede ayudar a calmar la piel y ser eficaz en el tratamiento del acn\u00e9 y la psoriasis.<\/p>\n<h5>PROPOLIS SOAP ENRICHED WITH PURE OLIVE OIL: A SKINCARE ESSENTIAL FOR DAILY RADIANCE.<\/h5>\n<ol>\n<li>F\u00f3rmula patentada elaborada con ingredientes naturales puros.<\/li>\n<li>Jab\u00f3n natural con un limpiador suave que ha demostrado ser antimicrobiano y antiinflamatorio.<\/li>\n<li>Sin productos qu\u00edmicos, pero eficaz incluso en las pieles m\u00e1s sensibles.<\/li>\n<li>Jab\u00f3n agradablemente alcalino, perfecto para usar en las manos, la piel y el cabello.<\/li>\n<li>La fragancia es natural y arom\u00e1tica.<\/li>\n<\/ol>\n<p>Our Propolis soap is a popular type of soap made with extra virgin olive oil and a variety of other ingredients. It is handmade through the traditional cold process-making method, which involves mixing oils, lye, and water together in a large pot.<\/p>\n<p>Los jabones de aceite de oliva existen desde hace siglos, pero s\u00f3lo recientemente se han tomado en serio como alternativa a los jabones elaborados tradicionalmente. El m\u00e9todo de elaboraci\u00f3n en fr\u00edo requiere mucho tiempo y es costoso de producir.<\/p>\n<p>El lento proceso de elaboraci\u00f3n del jab\u00f3n de aceite de oliva puede atribuirse a su popularidad en Europa durante el siglo XIX, cuando se utilizaba como remedio natural para muchas afecciones de la piel.<\/p>\n<h6>CARACTER\u00cdSTICAS<\/h6>\n<ul>\n<li>Tipos: Pieles normales, secas y sensibles<\/li>\n<li>\u00c1rea de cuidado: Cara Cuerpo<\/li>\n<li>Peso: 100g aproximadamente<\/li>\n<\/ul>\n<p><strong>NOTA:<\/strong> Comprar un jab\u00f3n hecho a mano puede ser caro, pero \u00e9ste es asequible y est\u00e1 libre de parabenos, SLS y crueldad. Ofrecemos una variedad de jabones hechos con aceite de oliva y otros ingredientes naturales. El color o el dise\u00f1o pueden variar ligeramente respecto a las fotos mostradas. Si desea saber m\u00e1s sobre nuestros productos, \u00a1no dude en ponerse en contacto con nosotros en cualquier momento!<\/p>\n<p>If you&#8217;re dealing with eczema, this <a href=\"https:\/\/holali.co.uk\/es\/producto\/jabon-de-noni-con-aceite-de-oliva\/?wmc-currency=EUR\">noni soap<\/a> is an excellent choice for soothing and caring for your skin.<\/p>\n<p><img loading=\"lazy\" decoding=\"async\" class=\"alignnone size-medium\" src=\"https:\/\/holali.co.uk\/wp-content\/uploads\/2022\/08\/propolis-soap-bar.webp\" width=\"553\" height=\"260\" alt=\"\" title=\"\"><\/p>\n<p><img loading=\"lazy\" decoding=\"async\" class=\"alignnone size-medium\" src=\"https:\/\/holali.co.uk\/wp-content\/uploads\/2022\/08\/model-using-propolis-soap.webp\" width=\"1024\" height=\"1024\" alt=\"\" title=\"\"><\/p>\n<p>&nbsp;<\/p>\n<p>&nbsp;<\/p>","protected":false},"excerpt":{"rendered":"<p>Propolis Soap For Slow Healing The Olive Oil soap made with olive oil and propolis has a charming and fresh smell. It cleans without stripping the skin of moisture, and it has antiviral, antibiotic, antiallergenic, and analgesic properties. Our Propolis soap with olive oil may help to soothe skin and to be effective in the&#8230;<\/p>","protected":false},"featured_media":8122,"comment_status":"open","ping_status":"closed","template":"","meta":{"_kad_blocks_custom_css":"","_kad_blocks_head_custom_js":"","_kad_blocks_body_custom_js":"","_kad_blocks_footer_custom_js":"","_kad_post_transparent":"default","_kad_post_title":"","_kad_post_layout":"default","_kad_post_sidebar_id":"","_kad_post_content_style":"default","_kad_post_vertical_padding":"default","_kad_post_feature":"","_kad_post_feature_position":"","_kad_post_header":false,"_kad_post_footer":false,"_kad_post_classname":"","_daim_seo_power":"1000","_daim_enable_ail":"1"},"product_brand":[],"product_cat":[262,703],"product_tag":[],"class_list":{"0":"post-8121","1":"product","2":"type-product","3":"status-publish","4":"has-post-thumbnail","6":"product_cat-olive-oil-soaps","7":"product_cat-vegan-olive-oil-soaps","9":"first","10":"instock","11":"taxable","12":"shipping-taxable","13":"purchasable","14":"product-type-simple","15":"entry","16":"content-bg","17":"loop-entry"},"taxonomy_info":{"product_cat":[{"value":262,"label":"Olive Oil Soaps"},{"value":703,"label":"Vegan Olive Oil Soaps"}]},"featured_image_src_large":["https:\/\/holali.co.uk\/wp-content\/uploads\/2022\/08\/201734.jpeg",280,280,false],"author_info":[],"comment_info":0,"_links":{"self":[{"href":"https:\/\/holali.co.uk\/es\/wp-json\/wp\/v2\/product\/8121","targetHints":{"allow":["GET"]}}],"collection":[{"href":"https:\/\/holali.co.uk\/es\/wp-json\/wp\/v2\/product"}],"about":[{"href":"https:\/\/holali.co.uk\/es\/wp-json\/wp\/v2\/types\/product"}],"replies":[{"embeddable":true,"href":"https:\/\/holali.co.uk\/es\/wp-json\/wp\/v2\/comments?post=8121"}],"wp:featuredmedia":[{"embeddable":true,"href":"https:\/\/holali.co.uk\/es\/wp-json\/wp\/v2\/media\/8122"}],"wp:attachment":[{"href":"https:\/\/holali.co.uk\/es\/wp-json\/wp\/v2\/media?parent=8121"}],"wp:term":[{"taxonomy":"product_brand","embeddable":true,"href":"https:\/\/holali.co.uk\/es\/wp-json\/wp\/v2\/product_brand?post=8121"},{"taxonomy":"product_cat","embeddable":true,"href":"https:\/\/holali.co.uk\/es\/wp-json\/wp\/v2\/product_cat?post=8121"},{"taxonomy":"product_tag","embeddable":true,"href":"https:\/\/holali.co.uk\/es\/wp-json\/wp\/v2\/product_tag?post=8121"}],"curies":[{"name":"wp","href":"https:\/\/api.w.org\/{rel}","templated":true}]}}