{"id":8119,"date":"2022-08-30T20:00:33","date_gmt":"2022-08-30T20:00:33","guid":{"rendered":"https:\/\/holali.local\/product\/seaweed-olive-oil-soap-slice\/"},"modified":"2025-09-11T21:37:07","modified_gmt":"2025-09-11T21:37:07","slug":"jabon-de-algas-con-aceite-de-oliva","status":"publish","type":"product","link":"https:\/\/holali.co.uk\/es\/product\/seaweed-soap-with-olive-oil\/","title":{"rendered":"Desh\u00e1gase de la celulitis con el jab\u00f3n de algas"},"content":{"rendered":"<h2 dir=\"auto\" data-pm-slice=\"1 1 []\">Desh\u00e1gase de la celulitis con el jab\u00f3n de algas<\/h2>\n<p dir=\"auto\" data-pm-slice=\"1 1 []\">Si est\u00e1 buscando un producto para cuidar su piel y deshacerse de esa fea celulitis, tenemos una soluci\u00f3n perfecta para usted. Nuestro jab\u00f3n de algas est\u00e1 hecho con aceite de oliva y es lo suficientemente suave como para usarlo a diario, sin resecar la piel.<\/p>\n<p dir=\"auto\" data-pm-slice=\"1 1 []\">This seaweed soap gently exfoliates to remove dead skin cells, leaving your skin soft and smooth. It also contains natural minerals which regenerate the skin and leave it healthy.<\/p>\n<h6>HISTORIA DEL ACEITE DE OLIVA<\/h6>\n<p>Natural <a title=\"Desh\u00e1gase de la celulitis con el jab\u00f3n de algas\" href=\"https:\/\/holali.co.uk\/es\/producto\/jabon-de-algas-con-aceite-de-oliva\/?wmc-currency=EUR\" data-wpil-monitor-id=\"298\">olive oil soap<\/a> is a popular type of soap made with extra virgin olive oil and a variety of other ingredients. It is handmade through the traditional cold process-making method, which involves mixing oils, lye, and water together in a large pot.<\/p>\n<p><a title=\"Desh\u00e1gase de la celulitis con el jab\u00f3n de algas\" href=\"https:\/\/holali.co.uk\/es\/producto\/jabon-de-algas-con-aceite-de-oliva\/?wmc-currency=EUR\" data-wpil-monitor-id=\"329\">Olive oil soaps<\/a> have been around for centuries, but only recently have they been taken seriously as an alternative to traditionally made soaps. The cold process-making method is time-consuming and costly to produce.<\/p>\n<p>El lento proceso de elaboraci\u00f3n del jab\u00f3n de aceite de oliva puede atribuirse a su popularidad en Europa durante el siglo XIX, cuando se utilizaba como remedio natural para muchas afecciones de la piel.<\/p>\n<h6>CARACTER\u00cdSTICAS<\/h6>\n<ul>\n<li>Tipos: Pieles normales, secas y sensibles<\/li>\n<li>\u00c1rea de cuidado: Cara Cuerpo<\/li>\n<li>Peso: 100g aproximadamente<\/li>\n<\/ul>\n<p><strong>NOTA:<\/strong>\u00a0Comprar un jab\u00f3n hecho a mano puede ser caro, pero \u00e9ste es asequible y est\u00e1 libre de parabenos, SLS y crueldad. Ofrecemos una variedad de jabones hechos con aceite de oliva y otros ingredientes naturales. El color o el dise\u00f1o pueden variar ligeramente respecto a las fotos mostradas. Si desea saber m\u00e1s sobre nuestros productos, \u00a1no dude en ponerse en contacto con nosotros en cualquier momento!<\/p>\n<p>Got acne? Our <a href=\"https:\/\/holali.co.uk\/es\/producto\/jabon-de-propoleo-con-aceite-de-oliva\/?wmc-currency=EUR\">Propolis Soap<\/a> fights breakouts naturally \u2014 antibacterial, soothing, and perfect for acne-prone skin.<\/p>\n<p><img loading=\"lazy\" decoding=\"async\" class=\"alignnone size-medium\" src=\"https:\/\/holali.co.uk\/wp-content\/uploads\/2022\/08\/seaweed-soap-bar.webp\" width=\"1034\" height=\"526\" alt=\"\" title=\"\"><\/p>\n<p><img loading=\"lazy\" decoding=\"async\" class=\"alignnone size-medium\" src=\"https:\/\/holali.co.uk\/wp-content\/uploads\/2022\/08\/model-using-seaweed-soap.webp\" width=\"1024\" height=\"1024\" alt=\"\" title=\"\"><\/p>\n<p>&nbsp;<\/p>\n<p>&nbsp;<\/p>\n<p>&nbsp;<\/p>","protected":false},"excerpt":{"rendered":"<p>Seaweed Soap: Deeply nourishing, mineral-rich cleanse that soothes dry, irritated skin\u2014nature\u2019s spa for a calm, glowing complexion.<\/p>","protected":false},"featured_media":12206,"comment_status":"open","ping_status":"closed","template":"","meta":{"_kad_blocks_custom_css":"","_kad_blocks_head_custom_js":"","_kad_blocks_body_custom_js":"","_kad_blocks_footer_custom_js":"","_kad_post_transparent":"default","_kad_post_title":"","_kad_post_layout":"default","_kad_post_sidebar_id":"","_kad_post_content_style":"default","_kad_post_vertical_padding":"default","_kad_post_feature":"","_kad_post_feature_position":"","_kad_post_header":false,"_kad_post_footer":false,"_kad_post_classname":"","_daim_seo_power":"1000","_daim_enable_ail":"1"},"product_brand":[],"product_cat":[262,703],"product_tag":[],"class_list":{"0":"post-8119","1":"product","2":"type-product","3":"status-publish","4":"has-post-thumbnail","6":"product_cat-olive-oil-soaps","7":"product_cat-vegan-olive-oil-soaps","9":"first","10":"instock","11":"taxable","12":"shipping-taxable","13":"purchasable","14":"product-type-simple","15":"entry","16":"content-bg","17":"loop-entry"},"taxonomy_info":{"product_cat":[{"value":262,"label":"Olive Oil Soaps"},{"value":703,"label":"Vegan Olive Oil Soaps"}]},"featured_image_src_large":["https:\/\/holali.co.uk\/wp-content\/uploads\/2022\/08\/seaweed-soap.webp",560,560,false],"author_info":[],"comment_info":0,"_links":{"self":[{"href":"https:\/\/holali.co.uk\/es\/wp-json\/wp\/v2\/product\/8119","targetHints":{"allow":["GET"]}}],"collection":[{"href":"https:\/\/holali.co.uk\/es\/wp-json\/wp\/v2\/product"}],"about":[{"href":"https:\/\/holali.co.uk\/es\/wp-json\/wp\/v2\/types\/product"}],"replies":[{"embeddable":true,"href":"https:\/\/holali.co.uk\/es\/wp-json\/wp\/v2\/comments?post=8119"}],"wp:featuredmedia":[{"embeddable":true,"href":"https:\/\/holali.co.uk\/es\/wp-json\/wp\/v2\/media\/12206"}],"wp:attachment":[{"href":"https:\/\/holali.co.uk\/es\/wp-json\/wp\/v2\/media?parent=8119"}],"wp:term":[{"taxonomy":"product_brand","embeddable":true,"href":"https:\/\/holali.co.uk\/es\/wp-json\/wp\/v2\/product_brand?post=8119"},{"taxonomy":"product_cat","embeddable":true,"href":"https:\/\/holali.co.uk\/es\/wp-json\/wp\/v2\/product_cat?post=8119"},{"taxonomy":"product_tag","embeddable":true,"href":"https:\/\/holali.co.uk\/es\/wp-json\/wp\/v2\/product_tag?post=8119"}],"curies":[{"name":"wp","href":"https:\/\/api.w.org\/{rel}","templated":true}]}}