{"id":8115,"date":"2022-08-30T20:00:32","date_gmt":"2022-08-30T20:00:32","guid":{"rendered":"https:\/\/holali.local\/product\/watermelon-olive-oil-soap-slice\/"},"modified":"2025-11-08T20:53:10","modified_gmt":"2025-11-08T20:53:10","slug":"jabon-de-sandia-con-aceite-de-oliva","status":"publish","type":"product","link":"https:\/\/holali.co.uk\/es\/product\/watermelon-soap-with-olive-oil\/","title":{"rendered":"Jab\u00f3n de sand\u00eda de alta calidad"},"content":{"rendered":"<h2 dir=\"auto\" data-pm-slice=\"1 1 []\">Jab\u00f3n de sand\u00eda de alta calidad<\/h2>\n<p dir=\"auto\" data-pm-slice=\"1 1 []\">\u00a1Dale un capricho a tu piel! Nuestro jab\u00f3n de sand\u00eda est\u00e1 elaborado con aceite de oliva hidratante para dar a tu piel la nutrici\u00f3n que se merece.<\/p>\n<p dir=\"auto\" data-pm-slice=\"1 1 []\">Adem\u00e1s, el aceite de coco de este jab\u00f3n contiene \u00e1cido l\u00e1urico, un \u00e1cido graso con propiedades reestructurantes que aporta a la piel la hidrataci\u00f3n y la protecci\u00f3n que tanto necesita. No solo huele a sand\u00eda jugosa y refrescante, sino que tambi\u00e9n deja la piel con una sensaci\u00f3n de belleza y salud.<\/p>\n<h6>HISTORIA DEL ACEITE DE OLIVA<\/h6>\n<p>Natural <a href=\"https:\/\/holali.co.uk\/es\/producto\/jabon-hecho-a-mano-tortilla-de-sandia-aproximadamente-100g\/?wmc-currency=EUR\" title=\"Jab\u00f3n de sand\u00eda hecho a mano\" target=\"_blank\" rel=\"noopener\"  data-wpil-monitor-id=\"1562\">olive oil soap<\/a> is a popular type of soap made with extra virgin olive oil and a variety of other ingredients. It is handmade through the traditional cold process-making method, which involves mixing oils, lye, and water together in a large pot.<\/p>\n<p><a href=\"https:\/\/holali.co.uk\/es\/producto\/jabon-violeta-organico-para-piel-sensible\/?wmc-currency=EUR\" title=\"Jab\u00f3n ecol\u00f3gico de violeta para pieles sensibles\" target=\"_blank\" rel=\"noopener\"  data-wpil-monitor-id=\"1657\">Olive oil soaps<\/a> have been around for centuries, but only recently have they been taken seriously as an alternative to traditionally made soaps. The cold process-making method is time-consuming and costly to produce.<\/p>\n<p>The slow process of making <a href=\"https:\/\/holali.co.uk\/es\/producto\/jabon-hecho-a-mano-pan-de-manzana-fruta-de-la-pasion-aprox-100g\/?wmc-currency=EUR\" title=\"Passion Handmade Soap\" target=\"_blank\" rel=\"noopener\"  data-wpil-monitor-id=\"1664\">olive oil soap<\/a> can be attributed to its popularity in Europe during the 1800s when it was used as a natural remedy for many skin conditions.<\/p>\n<h6>CARACTER\u00cdSTICAS<\/h6>\n<ul>\n<li>Tipos: Pieles normales, secas y sensibles<\/li>\n<li>\u00c1rea de cuidado: Cara Cuerpo<\/li>\n<li>Peso: 100g aproximadamente<\/li>\n<\/ul>\n<p><strong>NOTA:<\/strong>\u00a0Buying handmade soap can be expensive, but this one is affordable and paraben-free, SLS-free, and cruelty-free! We offer a variety of soaps made with olive oil and other <a href=\"https:\/\/holali.co.uk\/es\/producto\/mango-jabon-en-una-cuerda\/?wmc-currency=EUR\" title=\"Jab\u00f3n de mango en una cuerda\" target=\"_blank\" rel=\"noopener\"  data-wpil-monitor-id=\"1361\">natural ingredients<\/a>. El color o el dise\u00f1o pueden variar ligeramente de las im\u00e1genes mostradas. Si desea saber m\u00e1s sobre nuestros productos, no dude en ponerse en contacto con nosotros en cualquier momento.<\/p>\n<p>\u00bfEst\u00e1 familiarizado con el jab\u00f3n de papel? Si no es as\u00ed,\u00a0<a href=\"https:\/\/holali.co.uk\/es\/cuidado-del-cuerpo\/productos-para-el-cuidado-de-la-piel\/hojas-de-papel-jabon\/?wmc-currency=EUR\" target=\"_blank\" rel=\"noopener noreferrer\">S\u00d3LO TIENE QUE HACER CLIC AQU\u00cd<\/a><\/p>","protected":false},"excerpt":{"rendered":"<p>High-Quality Watermelon Soap Give your skin a treat! Our watermelon soap is made with moisturizing olive oil to give your skin the nourishment it deserves. Also, the coconut oil in this soap contains lauric acid, a fatty acid that has restructuring properties and gives your skin much-needed moisture and protection. Not only does it smell&#8230;<\/p>","protected":false},"featured_media":8116,"comment_status":"open","ping_status":"closed","template":"","meta":{"_kad_blocks_custom_css":"","_kad_blocks_head_custom_js":"","_kad_blocks_body_custom_js":"","_kad_blocks_footer_custom_js":"","_kad_post_transparent":"default","_kad_post_title":"","_kad_post_layout":"default","_kad_post_sidebar_id":"","_kad_post_content_style":"default","_kad_post_vertical_padding":"default","_kad_post_feature":"","_kad_post_feature_position":"","_kad_post_header":false,"_kad_post_footer":false,"_kad_post_classname":"","_daim_seo_power":"","_daim_enable_ail":""},"product_brand":[],"product_cat":[262,703],"product_tag":[],"class_list":{"0":"post-8115","1":"product","2":"type-product","3":"status-publish","4":"has-post-thumbnail","6":"product_cat-olive-oil-soaps","7":"product_cat-vegan-olive-oil-soaps","9":"first","10":"instock","11":"taxable","12":"shipping-taxable","13":"purchasable","14":"product-type-simple","15":"entry","16":"content-bg","17":"loop-entry"},"taxonomy_info":{"product_cat":[{"value":262,"label":"Olive Oil Soaps"},{"value":703,"label":"Vegan Olive Oil Soaps"}]},"featured_image_src_large":["https:\/\/holali.co.uk\/wp-content\/uploads\/2022\/08\/201731.jpeg",280,280,false],"author_info":[],"comment_info":0,"_links":{"self":[{"href":"https:\/\/holali.co.uk\/es\/wp-json\/wp\/v2\/product\/8115","targetHints":{"allow":["GET"]}}],"collection":[{"href":"https:\/\/holali.co.uk\/es\/wp-json\/wp\/v2\/product"}],"about":[{"href":"https:\/\/holali.co.uk\/es\/wp-json\/wp\/v2\/types\/product"}],"replies":[{"embeddable":true,"href":"https:\/\/holali.co.uk\/es\/wp-json\/wp\/v2\/comments?post=8115"}],"wp:featuredmedia":[{"embeddable":true,"href":"https:\/\/holali.co.uk\/es\/wp-json\/wp\/v2\/media\/8116"}],"wp:attachment":[{"href":"https:\/\/holali.co.uk\/es\/wp-json\/wp\/v2\/media?parent=8115"}],"wp:term":[{"taxonomy":"product_brand","embeddable":true,"href":"https:\/\/holali.co.uk\/es\/wp-json\/wp\/v2\/product_brand?post=8115"},{"taxonomy":"product_cat","embeddable":true,"href":"https:\/\/holali.co.uk\/es\/wp-json\/wp\/v2\/product_cat?post=8115"},{"taxonomy":"product_tag","embeddable":true,"href":"https:\/\/holali.co.uk\/es\/wp-json\/wp\/v2\/product_tag?post=8115"}],"curies":[{"name":"wp","href":"https:\/\/api.w.org\/{rel}","templated":true}]}}