{"id":8113,"date":"2022-08-30T20:00:31","date_gmt":"2022-08-30T20:00:31","guid":{"rendered":"https:\/\/holali.local\/product\/shea-butter-olive-oil-soap-slice\/"},"modified":"2025-11-08T20:28:56","modified_gmt":"2025-11-08T20:28:56","slug":"jabon-de-manteca-de-karite-con-aceite-de-oliva","status":"publish","type":"product","link":"https:\/\/holali.co.uk\/es\/product\/shea-butter-soap-with-olive-oil\/","title":{"rendered":"Jab\u00f3n de manteca de karit\u00e9 para una piel suave y delicada"},"content":{"rendered":"<h2 dir=\"auto\" data-pm-slice=\"1 1 []\">Jab\u00f3n de manteca de karit\u00e9 para una piel suave y delicada<\/h2>\n<p dir=\"auto\" data-pm-slice=\"1 1 []\">Mime su piel con un ba\u00f1o repleto de todos los beneficios del jab\u00f3n de manteca de karit\u00e9, aceite de oliva y vitamina E. Su piel quedar\u00e1 hidratada y fresca.<\/p>\n<p dir=\"auto\" data-pm-slice=\"1 1 []\">Al final te sentir\u00e1s relajado y sin estr\u00e9s. Nuestro jab\u00f3n deja la piel suave como la seda.<\/p>\n<h6>HISTORIA DEL ACEITE DE OLIVA<\/h6>\n<p>Natural <a href=\"https:\/\/holali.co.uk\/es\/producto\/jabon-organico-en-polvo-para-bebes\/?wmc-currency=EUR\" title=\"Jab\u00f3n en polvo para ni\u00f1os y mujeres embarazadas\" target=\"_blank\" rel=\"noopener\"  data-wpil-monitor-id=\"1599\">olive oil soap<\/a> is a popular type of soap made with extra virgin olive oil and a variety of other ingredients. It is handmade through the traditional cold process-making method, which involves mixing oils, lye, and water together in a large pot.<\/p>\n<p><a href=\"https:\/\/holali.co.uk\/es\/producto\/jabon-hecho-a-mano-tortilla-de-sandia-aproximadamente-100g\/?wmc-currency=EUR\" title=\"Jab\u00f3n de sand\u00eda hecho a mano\" target=\"_blank\" rel=\"noopener\"  data-wpil-monitor-id=\"1570\">Olive oil soaps<\/a> have been around for centuries, but only recently have they been taken seriously as an alternative to traditionally made soaps. The cold process-making method is time-consuming and costly to produce.<\/p>\n<p>The slow process of making <a href=\"https:\/\/holali.co.uk\/es\/producto\/jabon-de-manos-de-vainilla-con-aceite-de-oliva\/?wmc-currency=EUR\" title=\"El mejor jab\u00f3n de manos de vainilla para las manos secas\" target=\"_blank\" rel=\"noopener\"  data-wpil-monitor-id=\"1233\">olive oil soap<\/a> can be attributed to its popularity in Europe during the 1800s when it was used as a natural remedy for many skin conditions.<\/p>\n<h6>CARACTER\u00cdSTICAS<\/h6>\n<ul>\n<li>Tipos: Pieles normales, secas y sensibles<\/li>\n<li>\u00c1rea de cuidado: Cara Cuerpo<\/li>\n<li>Peso: 100g aproximadamente<\/li>\n<\/ul>\n<p><strong>NOTA:<\/strong>\u00a0Comprar un jab\u00f3n hecho a mano puede ser caro, pero \u00e9ste es asequible y est\u00e1 libre de parabenos, SLS y crueldad. Ofrecemos una variedad de jabones hechos con aceite de oliva y otros ingredientes naturales. El color o el dise\u00f1o pueden variar ligeramente respecto a las fotos mostradas. Si desea saber m\u00e1s sobre nuestros productos, \u00a1no dude en ponerse en contacto con nosotros en cualquier momento!<\/p>\n<p>\u00bfEst\u00e1 familiarizado con el jab\u00f3n de papel? Si no es as\u00ed,\u00a0<a href=\"https:\/\/holali.co.uk\/es\/cuidado-del-cuerpo\/productos-para-el-cuidado-de-la-piel\/hojas-de-papel-jabon\/?wmc-currency=EUR\" target=\"_blank\" rel=\"noopener noreferrer\">S\u00d3LO TIENE QUE HACER CLIC AQU\u00cd<\/a><\/p>","protected":false},"excerpt":{"rendered":"<p>Shea Butter Soap For Soft &amp; Tender Skin Treat your skin to a bath packed with all the benefits of Shea Butter Soap, Olive Oil, and Vitamin E. Your skin will be moisturized and refreshed. You&#8217;ll be left feeling relaxed and stressed out at the end. Our soap leaves your skin silky smooth! OLIVE OIL&#8230;<\/p>","protected":false},"featured_media":8114,"comment_status":"open","ping_status":"closed","template":"","meta":{"_kad_blocks_custom_css":"","_kad_blocks_head_custom_js":"","_kad_blocks_body_custom_js":"","_kad_blocks_footer_custom_js":"","_kad_post_transparent":"default","_kad_post_title":"","_kad_post_layout":"default","_kad_post_sidebar_id":"","_kad_post_content_style":"default","_kad_post_vertical_padding":"default","_kad_post_feature":"","_kad_post_feature_position":"","_kad_post_header":false,"_kad_post_footer":false,"_kad_post_classname":"","_daim_seo_power":"","_daim_enable_ail":""},"product_brand":[],"product_cat":[262,703],"product_tag":[],"class_list":{"0":"post-8113","1":"product","2":"type-product","3":"status-publish","4":"has-post-thumbnail","6":"product_cat-olive-oil-soaps","7":"product_cat-vegan-olive-oil-soaps","9":"first","10":"instock","11":"taxable","12":"shipping-taxable","13":"purchasable","14":"product-type-simple","15":"entry","16":"content-bg","17":"loop-entry"},"taxonomy_info":{"product_cat":[{"value":262,"label":"Olive Oil Soaps"},{"value":703,"label":"Vegan Olive Oil Soaps"}]},"featured_image_src_large":["https:\/\/holali.co.uk\/wp-content\/uploads\/2022\/08\/201730.jpeg",280,280,false],"author_info":[],"comment_info":0,"_links":{"self":[{"href":"https:\/\/holali.co.uk\/es\/wp-json\/wp\/v2\/product\/8113","targetHints":{"allow":["GET"]}}],"collection":[{"href":"https:\/\/holali.co.uk\/es\/wp-json\/wp\/v2\/product"}],"about":[{"href":"https:\/\/holali.co.uk\/es\/wp-json\/wp\/v2\/types\/product"}],"replies":[{"embeddable":true,"href":"https:\/\/holali.co.uk\/es\/wp-json\/wp\/v2\/comments?post=8113"}],"wp:featuredmedia":[{"embeddable":true,"href":"https:\/\/holali.co.uk\/es\/wp-json\/wp\/v2\/media\/8114"}],"wp:attachment":[{"href":"https:\/\/holali.co.uk\/es\/wp-json\/wp\/v2\/media?parent=8113"}],"wp:term":[{"taxonomy":"product_brand","embeddable":true,"href":"https:\/\/holali.co.uk\/es\/wp-json\/wp\/v2\/product_brand?post=8113"},{"taxonomy":"product_cat","embeddable":true,"href":"https:\/\/holali.co.uk\/es\/wp-json\/wp\/v2\/product_cat?post=8113"},{"taxonomy":"product_tag","embeddable":true,"href":"https:\/\/holali.co.uk\/es\/wp-json\/wp\/v2\/product_tag?post=8113"}],"curies":[{"name":"wp","href":"https:\/\/api.w.org\/{rel}","templated":true}]}}