{"id":8109,"date":"2022-08-30T20:00:30","date_gmt":"2022-08-30T20:00:30","guid":{"rendered":"https:\/\/holali.local\/product\/green-tea-olive-oil-soap-slice\/"},"modified":"2025-11-08T20:41:18","modified_gmt":"2025-11-08T20:41:18","slug":"jabon-de-te-verde-con-aceite-de-oliva","status":"publish","type":"product","link":"https:\/\/holali.co.uk\/es\/product\/natural-green-tea-soap-with-olive-oil\/","title":{"rendered":"Jab\u00f3n natural de t\u00e9 verde con aceite de oliva"},"content":{"rendered":"<h2>Jab\u00f3n natural de t\u00e9 verde con aceite de oliva<\/h2>\n<p>\u00bfQuiere tratar r\u00e1pidamente su piel y disfrutar de un refrescante jab\u00f3n diario? El jab\u00f3n de t\u00e9 verde con aceite de oliva es un hidratante de la piel rico en antioxidantes y polifenoles, y es ideal para el envejecimiento de la piel y la prevenci\u00f3n de las arrugas.<\/p>\n<p>It&#8217;s scented with the scent of olive oil, which you can use to enhance your mood or just smell like the Mediterranean. With a refreshing, spa-like scent, our <a href=\"https:\/\/holali.co.uk\/es\/producto\/14-rosas-de-jabon-rojo-la-forma-perfecta-de-demostrar-tu-amor\/?wmc-currency=EUR\" title=\"14 Rosas rojas de jab\u00f3n: La forma perfecta de demostrar su amor\"  data-wpil-monitor-id=\"224\">soap is the perfect way<\/a> to start the day &#8211; whether you&#8217;re getting ready in the morning or just taking a quick shower!<\/p>\n<p>This natural <a href=\"https:\/\/holali.co.uk\/es\/producto\/jabones-hechos-a-mano-con-jazmin-y-te-verde\/?wmc-currency=EUR\" title=\"Jabones hechos a mano con jazm\u00edn y t\u00e9 verde\"  data-wpil-monitor-id=\"526\">green tea soap<\/a> is perfect for people with sensitive skin, as it is delicate and not too harsh. Made from green tea and olive oil, which are great prevention of acne. It&#8217;s also great for those who want to try a natural, environmentally friendly alternative.<\/p>\n<h5>PRESTACIONES<\/h5>\n<ul>\n<li>Starts out with a refreshing green tea scent which is made with natural ingredients of <a href=\"https:\/\/holali.co.uk\/es\/producto\/greenman-soap-100g-gardeners-scrub\/?wmc-currency=EUR\" title=\"Natural Soap With Lemon &#038; Basil\" target=\"_blank\" rel=\"noopener\"  data-wpil-monitor-id=\"1617\">olive oil and other botanical<\/a> extracts.<\/li>\n<li>Las hojas y los aceites hacen que la piel se sienta sedosa, suave y fresca, mientras que los extractos naturales ayudan a desintoxicar, tonificar y calmar.<\/li>\n<li>Sin colorantes ni fragancias artificiales.<\/li>\n<li>Las hojas del jab\u00f3n ayudan a exfoliar y limpiar la piel.<\/li>\n<li>La piel se siente fresca e hidratada gracias a los extractos de aceite de oliva.<\/li>\n<li>Los beneficios del jab\u00f3n con aroma de oliva ayudan a hidratar la piel y aumentan la absorci\u00f3n de los productos de cuidado de la piel.<\/li>\n<\/ul>\n<p>Natural green tea <a href=\"https:\/\/holali.co.uk\/es\/producto\/jabon-de-aceite-de-oliva-con-aloe-vera\/?wmc-currency=EUR\" title=\"El mejor Aceite de Oliva Jab\u00f3n para el Cuidado de la Piel y de Belleza de Uso\"  data-wpil-monitor-id=\"309\">soap with olive oil<\/a> is a popular type of soap made with extra virgin olive oil and a variety of other ingredients. It is handmade through the traditional cold process-making method, which involves mixing oils, lye, and water together in a large pot.<\/p>\n<p><a href=\"https:\/\/holali.co.uk\/es\/producto\/best-natural-cocoa-butter-in-soap\/?wmc-currency=EUR\" title=\"La mejor manteca de cacao natural en el jab\u00f3n\"  data-wpil-monitor-id=\"310\">Olive oil soaps<\/a> have been around for centuries, but only recently have they been taken seriously as an alternative to traditionally made soaps. The cold process-making method is time-consuming and costly to produce.<\/p>\n<p>The slow process of making <a href=\"https:\/\/holali.co.uk\/es\/producto\/barra-de-jabon-de-aceite-de-oliva-con-aceite-de-argan\/?wmc-currency=EUR\" title=\"Jab\u00f3n puro de aceite de oliva con aceite de arg\u00e1n\"  data-wpil-monitor-id=\"288\">olive oil soap<\/a> can be attributed to its popularity in Europe during the 1800s when it was used as a natural remedy for many skin conditions.<\/p>\n<h6>CARACTER\u00cdSTICAS<\/h6>\n<p>Tipos: Pieles normales, secas y sensibles<br \/>\n\u00c1rea de cuidado: Cara Cuerpo<br \/>\nPeso: 100g aproximadamente<\/p>\n<p><strong>NOTA:<\/strong> Buying handmade soap can be expensive, but this one is affordable and paraben-free, SLS-free, and cruelty-free! We offer a variety of <a href=\"https:\/\/holali.co.uk\/es\/producto\/jabon-de-jojoba-con-aceite-de-oliva\/?wmc-currency=EUR\" title=\"Jab\u00f3n de jojoba con aceite de oliva para uso diario\"  data-wpil-monitor-id=\"336\">soaps made with olive oil<\/a> and other natural ingredients. The color or design may slightly vary from the pictures shown. If you would like to know more about our products, feel free to contact us at any time!<\/p>\n<p>\u00bfSabes qu\u00e9 es el jab\u00f3n de papel? Si no es as\u00ed, <a href=\"https:\/\/holali.co.uk\/es\/cuidado-del-cuerpo\/productos-para-el-cuidado-de-la-piel\/hojas-de-papel-jabon\/?wmc-currency=EUR\" target=\"_blank\" rel=\"noopener noreferrer\">S\u00d3LO TIENE QUE HACER CLIC AQU\u00cd<\/a><\/p>","protected":false},"excerpt":{"rendered":"<p>Natural Green Tea Soap With Olive Oil Looking to quickly treat your skin and enjoy a refreshing daily soap? Green Tea soap with olive oil is a skin moisturizer that is rich in antioxidants and polyphenols and great for skin aging and preventing wrinkles. It&#8217;s scented with the scent of olive oil, which you can&#8230;<\/p>","protected":false},"featured_media":8110,"comment_status":"open","ping_status":"closed","template":"","meta":{"_kad_blocks_custom_css":"","_kad_blocks_head_custom_js":"","_kad_blocks_body_custom_js":"","_kad_blocks_footer_custom_js":"","_kad_post_transparent":"default","_kad_post_title":"","_kad_post_layout":"default","_kad_post_sidebar_id":"","_kad_post_content_style":"default","_kad_post_vertical_padding":"default","_kad_post_feature":"","_kad_post_feature_position":"","_kad_post_header":false,"_kad_post_footer":false,"_kad_post_classname":"","_daim_seo_power":"","_daim_enable_ail":""},"product_brand":[],"product_cat":[262,703],"product_tag":[],"class_list":{"0":"post-8109","1":"product","2":"type-product","3":"status-publish","4":"has-post-thumbnail","6":"product_cat-olive-oil-soaps","7":"product_cat-vegan-olive-oil-soaps","9":"first","10":"instock","11":"taxable","12":"shipping-taxable","13":"purchasable","14":"product-type-simple","15":"entry","16":"content-bg","17":"loop-entry"},"taxonomy_info":{"product_cat":[{"value":262,"label":"Olive Oil Soaps"},{"value":703,"label":"Vegan Olive Oil Soaps"}]},"featured_image_src_large":["https:\/\/holali.co.uk\/wp-content\/uploads\/2022\/08\/201728.jpeg",280,280,false],"author_info":[],"comment_info":0,"_links":{"self":[{"href":"https:\/\/holali.co.uk\/es\/wp-json\/wp\/v2\/product\/8109","targetHints":{"allow":["GET"]}}],"collection":[{"href":"https:\/\/holali.co.uk\/es\/wp-json\/wp\/v2\/product"}],"about":[{"href":"https:\/\/holali.co.uk\/es\/wp-json\/wp\/v2\/types\/product"}],"replies":[{"embeddable":true,"href":"https:\/\/holali.co.uk\/es\/wp-json\/wp\/v2\/comments?post=8109"}],"wp:featuredmedia":[{"embeddable":true,"href":"https:\/\/holali.co.uk\/es\/wp-json\/wp\/v2\/media\/8110"}],"wp:attachment":[{"href":"https:\/\/holali.co.uk\/es\/wp-json\/wp\/v2\/media?parent=8109"}],"wp:term":[{"taxonomy":"product_brand","embeddable":true,"href":"https:\/\/holali.co.uk\/es\/wp-json\/wp\/v2\/product_brand?post=8109"},{"taxonomy":"product_cat","embeddable":true,"href":"https:\/\/holali.co.uk\/es\/wp-json\/wp\/v2\/product_cat?post=8109"},{"taxonomy":"product_tag","embeddable":true,"href":"https:\/\/holali.co.uk\/es\/wp-json\/wp\/v2\/product_tag?post=8109"}],"curies":[{"name":"wp","href":"https:\/\/api.w.org\/{rel}","templated":true}]}}