{"id":8105,"date":"2022-08-30T20:00:30","date_gmt":"2022-08-30T20:00:30","guid":{"rendered":"https:\/\/holali.local\/product\/chocolate-olive-oil-soap-slice\/"},"modified":"2025-11-08T20:16:14","modified_gmt":"2025-11-08T20:16:14","slug":"best-natural-cocoa-butter-in-soap","status":"publish","type":"product","link":"https:\/\/holali.co.uk\/es\/product\/best-natural-cocoa-butter-in-soap\/","title":{"rendered":"La mejor manteca de cacao natural en el jab\u00f3n"},"content":{"rendered":"<h2 dir=\"auto\">La mejor manteca de cacao natural en jab\u00f3n con aceite de oliva<\/h2>\n<p>\u00bfBusca un ba\u00f1o delicioso y relajante? No busque m\u00e1s que nuestro jab\u00f3n de manteca de cacao. Nuestro jab\u00f3n est\u00e1 hecho con aceites naturales de cacao y aceite de oliva para darle una experiencia de lujo. Nuestro jab\u00f3n le dejar\u00e1 la piel suave y sana, para que pueda disfrutar de cada momento. Busque m\u00e1s ventajas de nuestro jab\u00f3n de chocolate a continuaci\u00f3n.<\/p>\n<ul>\n<li>Se dice que el cacao ayuda a la relajaci\u00f3n.<\/li>\n<li>The olive <a href=\"https:\/\/holali.co.uk\/es\/producto\/aromaterapia-mantequilla-de-cuerpo-90g-menta\/?wmc-currency=EUR\" title=\"Aceite esencial de menta y manteca de karit\u00e9 cruda 90g\" target=\"_blank\" rel=\"noopener\"  data-wpil-monitor-id=\"1385\">oil base moisturizes and nourishes the skin<\/a>, great for a beauty routine.<\/li>\n<li>El jab\u00f3n de chocolate est\u00e1 hecho con granos de cacao, que son maravillosos para el estado de \u00e1nimo y la concentraci\u00f3n.<\/li>\n<li>El cacao es un antioxidante que ayuda a la mente y al cuerpo.<\/li>\n<\/ul>\n<p>Our Artisan pure <a href=\"https:\/\/holali.co.uk\/es\/producto\/jabon-de-lujo-con-doble-capa-de-aceite-de-menta\/?wmc-currency=EUR\" title=\"El mejor jab\u00f3n de lujo con aceites de menta\" target=\"_blank\" rel=\"noopener\"  data-wpil-monitor-id=\"1421\">cocoa butter soaps<\/a>! Made with natural ingredients, they are perfect for both your skin and the environment. Plus, they&#8217;re beautiful to look at too! Cold process <a href=\"https:\/\/holali.co.uk\/es\/producto\/14-rosas-de-jabon-rojo-la-forma-perfecta-de-demostrar-tu-amor\/?wmc-currency=EUR\" title=\"14 Rosas rojas de jab\u00f3n: La forma perfecta de demostrar su amor\"  data-wpil-monitor-id=\"225\">soap making is a perfect way<\/a> to preserve the vitamins, minerals, and enzymes from premium natural ingredients. Our natural cocoa butter in <a href=\"https:\/\/holali.co.uk\/es\/producto\/jabon-de-jojoba-con-aceite-de-oliva\/?wmc-currency=EUR\" title=\"Jab\u00f3n de jojoba con aceite de oliva para uso diario\"  data-wpil-monitor-id=\"339\">soap is made with olive oil<\/a> and chocolate extract, giving it a rich, indulgent smell. FEATURES<\/p>\n<ul>\n<li>Tipos de piel: Todos<\/li>\n<li>\u00c1rea de cuidado de la piel: Rostro, Cuerpo<\/li>\n<li>Peso: 100g aproximadamente<\/li>\n<\/ul>\n<p>NOTA: Comprar jab\u00f3n hecho a mano puede ser caro, pero este jab\u00f3n es asequible y sin parabenos, sin SLS y sin crueldad. Ofrecemos una variedad de jabones hechos con aceite de oliva, manteca de cacao y otros ingredientes naturales. El color o el dise\u00f1o pueden variar ligeramente de las fotos mostradas. Si quiere saber m\u00e1s sobre nuestros productos, \u00a1no dude en ponerse en contacto con nosotros en cualquier momento! \u00bfBusca una buena idea? <a href=\"https:\/\/holali.co.uk\/es\/categoria-de-producto\/cuidado-del-cuerpo\/productos-para-el-cuidado-de-la-piel\/paper-soap\/?wmc-currency=EUR\" target=\"_blank\" rel=\"noopener noreferrer\">S\u00d3LO TIENE QUE HACER CLIC AQU\u00cd<\/a><\/p>","protected":false},"excerpt":{"rendered":"<p>Best Natural Cocoa Butter In Soap with Olive Oil Looking for a delicious and relaxing bath? Look no further than our Cocoa Butter In Soap! Our soap is made with natural cocoa oils and olive oil to give you a luxurious experience. Our soap is sure to leave your skin soft and healthy, so you&#8230;<\/p>","protected":false},"featured_media":8106,"comment_status":"open","ping_status":"closed","template":"","meta":{"_kad_blocks_custom_css":"","_kad_blocks_head_custom_js":"","_kad_blocks_body_custom_js":"","_kad_blocks_footer_custom_js":"","_kad_post_transparent":"default","_kad_post_title":"","_kad_post_layout":"default","_kad_post_sidebar_id":"","_kad_post_content_style":"default","_kad_post_vertical_padding":"default","_kad_post_feature":"","_kad_post_feature_position":"","_kad_post_header":false,"_kad_post_footer":false,"_kad_post_classname":"","_daim_seo_power":"","_daim_enable_ail":""},"product_brand":[],"product_cat":[262,703],"product_tag":[],"class_list":{"0":"post-8105","1":"product","2":"type-product","3":"status-publish","4":"has-post-thumbnail","6":"product_cat-olive-oil-soaps","7":"product_cat-vegan-olive-oil-soaps","9":"first","10":"instock","11":"taxable","12":"shipping-taxable","13":"purchasable","14":"product-type-simple","15":"entry","16":"content-bg","17":"loop-entry"},"taxonomy_info":{"product_cat":[{"value":262,"label":"Olive Oil Soaps"},{"value":703,"label":"Vegan Olive Oil Soaps"}]},"featured_image_src_large":["https:\/\/holali.co.uk\/wp-content\/uploads\/2022\/08\/201726.jpeg",280,280,false],"author_info":[],"comment_info":0,"_links":{"self":[{"href":"https:\/\/holali.co.uk\/es\/wp-json\/wp\/v2\/product\/8105","targetHints":{"allow":["GET"]}}],"collection":[{"href":"https:\/\/holali.co.uk\/es\/wp-json\/wp\/v2\/product"}],"about":[{"href":"https:\/\/holali.co.uk\/es\/wp-json\/wp\/v2\/types\/product"}],"replies":[{"embeddable":true,"href":"https:\/\/holali.co.uk\/es\/wp-json\/wp\/v2\/comments?post=8105"}],"wp:featuredmedia":[{"embeddable":true,"href":"https:\/\/holali.co.uk\/es\/wp-json\/wp\/v2\/media\/8106"}],"wp:attachment":[{"href":"https:\/\/holali.co.uk\/es\/wp-json\/wp\/v2\/media?parent=8105"}],"wp:term":[{"taxonomy":"product_brand","embeddable":true,"href":"https:\/\/holali.co.uk\/es\/wp-json\/wp\/v2\/product_brand?post=8105"},{"taxonomy":"product_cat","embeddable":true,"href":"https:\/\/holali.co.uk\/es\/wp-json\/wp\/v2\/product_cat?post=8105"},{"taxonomy":"product_tag","embeddable":true,"href":"https:\/\/holali.co.uk\/es\/wp-json\/wp\/v2\/product_tag?post=8105"}],"curies":[{"name":"wp","href":"https:\/\/api.w.org\/{rel}","templated":true}]}}