{"id":8103,"date":"2022-08-30T20:00:29","date_gmt":"2022-08-30T20:00:29","guid":{"rendered":"https:\/\/holali.local\/product\/red-clay-olive-oil-soap-slice\/"},"modified":"2025-11-08T20:27:08","modified_gmt":"2025-11-08T20:27:08","slug":"jabon-de-arcilla-roja-con-aceite-de-oliva","status":"publish","type":"product","link":"https:\/\/holali.co.uk\/es\/product\/red-clay-soap-with-olive-oil\/","title":{"rendered":"Jab\u00f3n natural de arcilla roja con rosa mosqueta"},"content":{"rendered":"<h2 dir=\"auto\" data-pm-slice=\"1 1 []\">Jab\u00f3n natural de arcilla roja con rosa mosqueta<\/h2>\n<p>Sabemos que ha estado buscando una alternativa a los caros jabones cargados de productos qu\u00edmicos que encuentra en el supermercado.<\/p>\n<p>Hemos encontrado una alternativa saludable que va m\u00e1s all\u00e1 de las pastillas de jab\u00f3n convencionales: nuestro jab\u00f3n de arcilla roja est\u00e1 hecho con una mezcla de aceite de oliva org\u00e1nico y extracto de rosa mosqueta org\u00e1nico para obtener un hermoso y delicado aroma.<\/p>\n<h5>BENEFICIOS DE NUESTRO JAB\u00d3N ORG\u00c1NICO: UTIL\u00cdCELO COMO RUTINA DE CUIDADO DE LA PIEL.<\/h5>\n<ol>\n<li>El jab\u00f3n de arcilla roja con rosa mosqueta y aceite de oliva es rico en antioxidantes, vitamina C y \u00e1cidos vegetales.<\/li>\n<li>Hidrata, limpia y rejuvenece las c\u00e9lulas de la piel para darle la mejor oportunidad de curaci\u00f3n.<\/li>\n<li>Red <a href=\"https:\/\/holali.co.uk\/es\/producto\/blanco-rosa-rojo-barra-de-jabon\/?wmc-currency=EUR\" title=\"Pastilla de jab\u00f3n Rosa Blanca Roja\"  data-wpil-monitor-id=\"134\">Clay soap is a natural<\/a> <a href=\"https:\/\/holali.co.uk\/es\/product\/white-pink-soap-bar\/\">soap bar<\/a> that is Certified with organic ingredients<\/li>\n<\/ol>\n<p>Natural <a href=\"https:\/\/holali.co.uk\/es\/producto\/jabon-de-jojoba-con-aceite-de-oliva\/?wmc-currency=EUR\" title=\"Jab\u00f3n de jojoba con aceite de oliva para uso diario\"  data-wpil-monitor-id=\"332\">olive oil soap<\/a> is a popular type of soap made with extra virgin olive oil and a variety of other ingredients. It is handmade through the traditional cold process-making method, which involves mixing oils, lye, and water together in a large pot.<\/p>\n<p><a href=\"https:\/\/holali.co.uk\/es\/producto\/barra-de-jabon-de-aceite-de-oliva-con-aceite-de-argan\/?wmc-currency=EUR\" title=\"Jab\u00f3n puro de aceite de oliva con aceite de arg\u00e1n\"  data-wpil-monitor-id=\"283\">Olive oil soaps<\/a> have been around for centuries, but only recently have they been taken seriously as an alternative to traditionally made soaps. The cold process-making method is time-consuming and costly to produce.<\/p>\n<p>The slow process of making <a href=\"https:\/\/holali.co.uk\/es\/producto\/jabon-hecho-a-mano-tortilla-de-sandia-aproximadamente-100g\/?wmc-currency=EUR\" title=\"Jab\u00f3n de sand\u00eda hecho a mano\" target=\"_blank\" rel=\"noopener\"  data-wpil-monitor-id=\"1573\">olive oil soap<\/a> can be attributed to its popularity in Europe during the 1800s when it was used as a natural remedy for many skin conditions.<\/p>\n<h6>CARACTER\u00cdSTICAS<\/h6>\n<ul>\n<li>Tipos: Pieles normales, secas y sensibles<\/li>\n<li>\u00c1rea de cuidado: Cara Cuerpo<\/li>\n<li>Peso: 100g aproximadamente<\/li>\n<\/ul>\n<p><strong>NOTA:<\/strong> Buying handmade soap can be expensive, but this one is affordable and paraben-free, SLS-free, and cruelty-free! We offer a variety of soaps made with olive oil and other <a href=\"https:\/\/holali.co.uk\/es\/producto\/jabon-hecho-a-mano-pan-de-frambuesa-aprox-100g\/?wmc-currency=EUR\" title=\"Jab\u00f3n artesanal de frambuesa\" target=\"_blank\" rel=\"noopener\"  data-wpil-monitor-id=\"1200\">natural ingredients<\/a>. El color o el dise\u00f1o pueden variar ligeramente de las im\u00e1genes mostradas. Si desea saber m\u00e1s sobre nuestros productos, no dude en ponerse en contacto con nosotros en cualquier momento.<\/p>\n<p>\u00bfEst\u00e1 familiarizado con el jab\u00f3n de papel? Si no es as\u00ed, <a href=\"https:\/\/holali.co.uk\/es\/categoria-de-producto\/cuidado-del-cuerpo\/productos-para-el-cuidado-de-la-piel\/paper-soap\/?wmc-currency=EUR\" target=\"_blank\" rel=\"noopener noreferrer\">S\u00d3LO TIENE QUE HACER CLIC AQU\u00cd<\/a><\/p>","protected":false},"excerpt":{"rendered":"<p>Natural Red Clay Soap With Rosehip We know you&#8217;ve been looking for an alternative to the expensive chemical-laden soaps you find in the supermarket. We&#8217;ve found a healthy alternative that goes beyond conventional soap bars &#8211; our Red Clay Soap is made with a blend of organic olive oil and organic rosehip extract for a&#8230;<\/p>","protected":false},"featured_media":8104,"comment_status":"open","ping_status":"closed","template":"","meta":{"_kad_blocks_custom_css":"","_kad_blocks_head_custom_js":"","_kad_blocks_body_custom_js":"","_kad_blocks_footer_custom_js":"","_kad_post_transparent":"default","_kad_post_title":"","_kad_post_layout":"default","_kad_post_sidebar_id":"","_kad_post_content_style":"default","_kad_post_vertical_padding":"default","_kad_post_feature":"","_kad_post_feature_position":"","_kad_post_header":false,"_kad_post_footer":false,"_kad_post_classname":"","_daim_seo_power":"","_daim_enable_ail":""},"product_brand":[],"product_cat":[262,703],"product_tag":[],"class_list":{"0":"post-8103","1":"product","2":"type-product","3":"status-publish","4":"has-post-thumbnail","6":"product_cat-olive-oil-soaps","7":"product_cat-vegan-olive-oil-soaps","9":"first","10":"instock","11":"taxable","12":"shipping-taxable","13":"purchasable","14":"product-type-simple","15":"entry","16":"content-bg","17":"loop-entry"},"taxonomy_info":{"product_cat":[{"value":262,"label":"Olive Oil Soaps"},{"value":703,"label":"Vegan Olive Oil Soaps"}]},"featured_image_src_large":["https:\/\/holali.co.uk\/wp-content\/uploads\/2022\/08\/201748.jpeg",280,280,false],"author_info":[],"comment_info":0,"_links":{"self":[{"href":"https:\/\/holali.co.uk\/es\/wp-json\/wp\/v2\/product\/8103","targetHints":{"allow":["GET"]}}],"collection":[{"href":"https:\/\/holali.co.uk\/es\/wp-json\/wp\/v2\/product"}],"about":[{"href":"https:\/\/holali.co.uk\/es\/wp-json\/wp\/v2\/types\/product"}],"replies":[{"embeddable":true,"href":"https:\/\/holali.co.uk\/es\/wp-json\/wp\/v2\/comments?post=8103"}],"wp:featuredmedia":[{"embeddable":true,"href":"https:\/\/holali.co.uk\/es\/wp-json\/wp\/v2\/media\/8104"}],"wp:attachment":[{"href":"https:\/\/holali.co.uk\/es\/wp-json\/wp\/v2\/media?parent=8103"}],"wp:term":[{"taxonomy":"product_brand","embeddable":true,"href":"https:\/\/holali.co.uk\/es\/wp-json\/wp\/v2\/product_brand?post=8103"},{"taxonomy":"product_cat","embeddable":true,"href":"https:\/\/holali.co.uk\/es\/wp-json\/wp\/v2\/product_cat?post=8103"},{"taxonomy":"product_tag","embeddable":true,"href":"https:\/\/holali.co.uk\/es\/wp-json\/wp\/v2\/product_tag?post=8103"}],"curies":[{"name":"wp","href":"https:\/\/api.w.org\/{rel}","templated":true}]}}