{"id":8101,"date":"2022-08-30T20:00:29","date_gmt":"2022-08-30T20:00:29","guid":{"rendered":"https:\/\/holali.local\/product\/rosehip-olive-oil-soap-slice\/"},"modified":"2025-11-08T20:28:57","modified_gmt":"2025-11-08T20:28:57","slug":"jabon-de-rosa-mosqueta-con-aceite-de-oliva","status":"publish","type":"product","link":"https:\/\/holali.co.uk\/es\/product\/rosehip-soap-with-olive-oil\/","title":{"rendered":"Jab\u00f3n de rosa mosqueta \u00fanico y respetuoso con la piel sensible"},"content":{"rendered":"<h2 dir=\"auto\">Jab\u00f3n de rosa mosqueta \u00fanico y respetuoso con la piel sensible<\/h2>\n<p dir=\"auto\" data-pm-slice=\"1 1 []\">Sabemos que est\u00e1s mirando este Jab\u00f3n de Rosa Mosqueta con Aceite de Oliva porque quieres cuidar tu piel y a ti mismo. \u00bfY qui\u00e9n no?<\/p>\n<p dir=\"auto\" data-pm-slice=\"1 1 []\">La rosa mosqueta se ha utilizado durante siglos como remedio natural que ayuda a la salud de la piel y ahora est\u00e1 disponible en forma de jab\u00f3n.<\/p>\n<p dir=\"auto\" data-pm-slice=\"1 1 []\">Our soap made with 100% pure rosehip oil is your next <a href=\"https:\/\/holali.co.uk\/es\/producto\/nature-soap-bag-bamboo\/?wmc-currency=EUR\" title=\"Bolsa de jab\u00f3n de bamb\u00fa\" target=\"_blank\" rel=\"noopener\"  data-wpil-monitor-id=\"1132\">natural skin care<\/a> solution. Here below the benefits.<\/p>\n<h5 dir=\"auto\" data-pm-slice=\"1 1 []\">PRESTACIONES<\/h5>\n<ul data-pm-slice=\"3 3 []\">\n<li>\n<p dir=\"auto\">Nuestro <a href=\"https:\/\/holali.co.uk\/es\/producto\/jabon-hecho-a-mano-pan-de-frambuesa-aprox-100g\/?wmc-currency=EUR\" title=\"Jab\u00f3n artesanal de frambuesa\" target=\"_blank\" rel=\"noopener\"  data-wpil-monitor-id=\"1199\">natural soaps are handmade with all-natural ingredients<\/a>, like olive oil and rosehip.<\/p>\n<\/li>\n<li>\n<p dir=\"auto\">Ya no hay que preocuparse por los aditivos qu\u00edmicos nocivos.<\/p>\n<\/li>\n<li>\n<p dir=\"auto\">Nuestro <a href=\"https:\/\/holali.co.uk\/es\/producto\/jabon-fruta-dragon-eficaz-para-todos-los-tipos-de-piel\/?wmc-currency=EUR\" title=\"Jab\u00f3n de Fruta de Drag\u00f3n: Jab\u00f3n eficaz para todo tipo de pieles\"  data-wpil-monitor-id=\"415\">soaps are perfect for every skin type<\/a>,<\/p>\n<\/li>\n<li>\n<p dir=\"auto\">Es un regalo perfecto para la inauguraci\u00f3n de la casa y las vacaciones.<\/p>\n<\/li>\n<\/ul>\n<h6>HISTORIA DEL ACEITE DE OLIVA<\/h6>\n<p>Natural <a href=\"https:\/\/holali.co.uk\/es\/producto\/barra-de-jabon-de-aceite-de-oliva-con-aceite-de-argan\/?wmc-currency=EUR\" title=\"Jab\u00f3n puro de aceite de oliva con aceite de arg\u00e1n\"  data-wpil-monitor-id=\"281\">olive oil soap<\/a> is a popular type of soap made with extra virgin olive oil and a variety of other ingredients. It is handmade through the traditional cold process-making method, which involves mixing oils, lye, and water together in a large pot.<\/p>\n<p><a href=\"https:\/\/holali.co.uk\/es\/producto\/jabon-organico-en-polvo-para-bebes\/?wmc-currency=EUR\" title=\"Jab\u00f3n en polvo para ni\u00f1os y mujeres embarazadas\" target=\"_blank\" rel=\"noopener\"  data-wpil-monitor-id=\"1602\">Olive oil soaps<\/a> have been around for centuries, but only recently have they been taken seriously as an alternative to traditionally made soaps. The cold process-making method is time-consuming and costly to produce.<\/p>\n<p>The slow process of making <a href=\"https:\/\/holali.co.uk\/es\/producto\/best-natural-cocoa-butter-in-soap\/?wmc-currency=EUR\" title=\"La mejor manteca de cacao natural en el jab\u00f3n\"  data-wpil-monitor-id=\"301\">olive oil soap<\/a> can be attributed to its popularity in Europe during the 1800s when it was used as a natural remedy for many skin conditions.<\/p>\n<h6>CARACTER\u00cdSTICAS<\/h6>\n<ul>\n<li>Tipos: Pieles normales, secas y sensibles<\/li>\n<li>\u00c1rea de cuidado: Cara Cuerpo<\/li>\n<li>Peso: 100g aproximadamente<\/li>\n<\/ul>\n<p><strong>NOTA:<\/strong>\u00a0Buying handmade soap can be expensive, but this one is affordable and paraben-free, SLS-free, and cruelty-free! We offer a variety of soaps made with <a href=\"https:\/\/holali.co.uk\/es\/producto\/jabon-rosa-mejor-vegano\/?wmc-currency=EUR\" title=\"Jab\u00f3n rosa: El mejor jab\u00f3n vegano\" target=\"_blank\" rel=\"noopener\"  data-wpil-monitor-id=\"1169\">olive oil and other natural ingredients<\/a>. El color o el dise\u00f1o pueden variar ligeramente de las im\u00e1genes mostradas. Si desea saber m\u00e1s sobre nuestros productos, no dude en ponerse en contacto con nosotros en cualquier momento.<\/p>\n<p>\u00bfEst\u00e1 familiarizado con el jab\u00f3n de papel? Si no es as\u00ed,\u00a0<a href=\"https:\/\/holali.co.uk\/es\/categoria-de-producto\/cuidado-del-cuerpo\/productos-para-el-cuidado-de-la-piel\/paper-soap\/?wmc-currency=EUR\" target=\"_blank\" rel=\"noopener noreferrer\">S\u00d3LO TIENE QUE HACER CLIC AQU\u00cd<\/a><\/p>","protected":false},"excerpt":{"rendered":"<p>Unique and Sensitive-Skin Friendly Rosehip Soap We know you&#8217;re looking at this Rosehip Soap with Olive Oil because you want to take care of your skin and yourself. Who doesn&#8217;t? Rosehip has been used for centuries as a natural remedy that helps support the health of your skin and it&#8217;s now available in a soap&#8230;.<\/p>","protected":false},"featured_media":8102,"comment_status":"open","ping_status":"closed","template":"","meta":{"_kad_blocks_custom_css":"","_kad_blocks_head_custom_js":"","_kad_blocks_body_custom_js":"","_kad_blocks_footer_custom_js":"","_kad_post_transparent":"default","_kad_post_title":"","_kad_post_layout":"default","_kad_post_sidebar_id":"","_kad_post_content_style":"default","_kad_post_vertical_padding":"default","_kad_post_feature":"","_kad_post_feature_position":"","_kad_post_header":false,"_kad_post_footer":false,"_kad_post_classname":"","_daim_seo_power":"","_daim_enable_ail":""},"product_brand":[],"product_cat":[262,703],"product_tag":[],"class_list":{"0":"post-8101","1":"product","2":"type-product","3":"status-publish","4":"has-post-thumbnail","6":"product_cat-olive-oil-soaps","7":"product_cat-vegan-olive-oil-soaps","9":"first","10":"instock","11":"taxable","12":"shipping-taxable","13":"purchasable","14":"product-type-simple","15":"entry","16":"content-bg","17":"loop-entry"},"taxonomy_info":{"product_cat":[{"value":262,"label":"Olive Oil Soaps"},{"value":703,"label":"Vegan Olive Oil Soaps"}]},"featured_image_src_large":["https:\/\/holali.co.uk\/wp-content\/uploads\/2022\/08\/201724.jpeg",280,280,false],"author_info":[],"comment_info":0,"_links":{"self":[{"href":"https:\/\/holali.co.uk\/es\/wp-json\/wp\/v2\/product\/8101","targetHints":{"allow":["GET"]}}],"collection":[{"href":"https:\/\/holali.co.uk\/es\/wp-json\/wp\/v2\/product"}],"about":[{"href":"https:\/\/holali.co.uk\/es\/wp-json\/wp\/v2\/types\/product"}],"replies":[{"embeddable":true,"href":"https:\/\/holali.co.uk\/es\/wp-json\/wp\/v2\/comments?post=8101"}],"wp:featuredmedia":[{"embeddable":true,"href":"https:\/\/holali.co.uk\/es\/wp-json\/wp\/v2\/media\/8102"}],"wp:attachment":[{"href":"https:\/\/holali.co.uk\/es\/wp-json\/wp\/v2\/media?parent=8101"}],"wp:term":[{"taxonomy":"product_brand","embeddable":true,"href":"https:\/\/holali.co.uk\/es\/wp-json\/wp\/v2\/product_brand?post=8101"},{"taxonomy":"product_cat","embeddable":true,"href":"https:\/\/holali.co.uk\/es\/wp-json\/wp\/v2\/product_cat?post=8101"},{"taxonomy":"product_tag","embeddable":true,"href":"https:\/\/holali.co.uk\/es\/wp-json\/wp\/v2\/product_tag?post=8101"}],"curies":[{"name":"wp","href":"https:\/\/api.w.org\/{rel}","templated":true}]}}