{"id":8099,"date":"2022-08-30T20:00:28","date_gmt":"2022-08-30T20:00:28","guid":{"rendered":"https:\/\/holali.local\/product\/cinnamon-orange-olive-oil-soap-slice\/"},"modified":"2025-07-18T21:55:21","modified_gmt":"2025-07-18T21:55:21","slug":"jabon-de-naranja-y-canela-para-unas-manos-y-pies-sanos","status":"publish","type":"product","link":"https:\/\/holali.co.uk\/es\/product\/orange-cinnamon-soap-for-healthy-hands-body\/","title":{"rendered":"Jab\u00f3n de naranja y canela para unas manos, pies y cuerpo sanos"},"content":{"rendered":"<h2>Jab\u00f3n de Naranja y Canela para Manos, Pies y Cuerpo Saludables<\/h2>\n<p>\u00bfQu\u00e9 hay mejor que un olor celestial? El jab\u00f3n de naranja y canela est\u00e1 repleto de nutrientes para la piel. La naranja calma e hidrata la piel seca, mientras que la canela exfolia y calma la piel. Lo mejor de todo es que huele divinamente. A continuaci\u00f3n, podr\u00e1s ver otros beneficios para la salud.<\/p>\n<ul>\n<li>Ingredientes org\u00e1nicos y naturales para cuidar tu cuerpo y el medio ambiente.<\/li>\n<li>Jab\u00f3n puro y potente elaborado con el m\u00e9todo tradicional en fr\u00edo.<\/li>\n<\/ul>\n<p>Organic <a href=\"https:\/\/holali.co.uk\/es\/producto\/jabon-ylang-ylang-anaranjado-aceite-ecologico\/?wmc-currency=EUR\" title=\"Jab\u00f3n Ecol\u00f3gico de Ylang Ylang y Aceite de Naranja\"  data-wpil-monitor-id=\"131\">Orange and Cinnamon soap<\/a> is scented with essential oils and other natural ingredients that are always expertly blended to leave your skin feeling crisp, clean, and smooth. Made with cold-process that preserves the vitamins, minerals, and enzymes from the premium, natural ingredients so the bar stays fresh and effective for up to a year.<\/p>\n<h6>CARACTER\u00cdSTICAS<\/h6>\n<ul>\n<li>Tipos: Pieles secas y otras<\/li>\n<li>\u00c1rea de cuidado de la piel: Rostro, Cuerpo<\/li>\n<li>Peso: 100g aproximadamente<\/li>\n<\/ul>\n<p><strong>NOTA:<\/strong> Buying handmade soap can be expensive, but this one is affordable and paraben-free, SLS-free, and cruelty-free! We offer a variety of <a href=\"https:\/\/holali.co.uk\/es\/producto\/jabon-de-jojoba-con-aceite-de-oliva\/?wmc-currency=EUR\" title=\"Jab\u00f3n de jojoba con aceite de oliva para uso diario\"  data-wpil-monitor-id=\"338\">soaps made with olive oil<\/a>, cinnamon, orange, and other natural ingredients. The color or design may slightly vary from the pictures shown. If you would like to know more about our products, feel free to contact us at any time! Do you know what paper soap is? If not, <a href=\"https:\/\/holali.co.uk\/es\/categoria-de-producto\/cuidado-del-cuerpo\/productos-para-el-cuidado-de-la-piel\/paper-soap\/?wmc-currency=EUR\" target=\"_blank\" rel=\"noopener noreferrer\">S\u00d3LO TIENE QUE HACER CLIC AQU\u00cd<\/a><\/p>","protected":false},"excerpt":{"rendered":"<p>Orange &amp; Cinnamon Soap for Healthy Hands, Feet, Body What&#8217;s better than a heavenly smell? Orange &amp; Cinnamon soap is packed with nutrients for the skin. Orange calms and moisturizes dry skin while cinnamon exfoliates and soothes the skin. Best of all, it smells divine! Look for further health benefits below. Organic and natural ingredients&#8230;<\/p>","protected":false},"featured_media":8100,"comment_status":"open","ping_status":"closed","template":"","meta":{"_kad_blocks_custom_css":"","_kad_blocks_head_custom_js":"","_kad_blocks_body_custom_js":"","_kad_blocks_footer_custom_js":"","_kad_post_transparent":"default","_kad_post_title":"","_kad_post_layout":"default","_kad_post_sidebar_id":"","_kad_post_content_style":"default","_kad_post_vertical_padding":"default","_kad_post_feature":"","_kad_post_feature_position":"","_kad_post_header":false,"_kad_post_footer":false,"_kad_post_classname":"","_daim_seo_power":"","_daim_enable_ail":""},"product_brand":[],"product_cat":[262,703],"product_tag":[],"class_list":{"0":"post-8099","1":"product","2":"type-product","3":"status-publish","4":"has-post-thumbnail","6":"product_cat-olive-oil-soaps","7":"product_cat-vegan-olive-oil-soaps","9":"first","10":"instock","11":"taxable","12":"shipping-taxable","13":"purchasable","14":"product-type-simple","15":"entry","16":"content-bg","17":"loop-entry"},"taxonomy_info":{"product_cat":[{"value":262,"label":"Olive Oil Soaps"},{"value":703,"label":"Vegan Olive Oil Soaps"}]},"featured_image_src_large":["https:\/\/holali.co.uk\/wp-content\/uploads\/2022\/08\/201723.jpeg",280,280,false],"author_info":[],"comment_info":0,"_links":{"self":[{"href":"https:\/\/holali.co.uk\/es\/wp-json\/wp\/v2\/product\/8099","targetHints":{"allow":["GET"]}}],"collection":[{"href":"https:\/\/holali.co.uk\/es\/wp-json\/wp\/v2\/product"}],"about":[{"href":"https:\/\/holali.co.uk\/es\/wp-json\/wp\/v2\/types\/product"}],"replies":[{"embeddable":true,"href":"https:\/\/holali.co.uk\/es\/wp-json\/wp\/v2\/comments?post=8099"}],"wp:featuredmedia":[{"embeddable":true,"href":"https:\/\/holali.co.uk\/es\/wp-json\/wp\/v2\/media\/8100"}],"wp:attachment":[{"href":"https:\/\/holali.co.uk\/es\/wp-json\/wp\/v2\/media?parent=8099"}],"wp:term":[{"taxonomy":"product_brand","embeddable":true,"href":"https:\/\/holali.co.uk\/es\/wp-json\/wp\/v2\/product_brand?post=8099"},{"taxonomy":"product_cat","embeddable":true,"href":"https:\/\/holali.co.uk\/es\/wp-json\/wp\/v2\/product_cat?post=8099"},{"taxonomy":"product_tag","embeddable":true,"href":"https:\/\/holali.co.uk\/es\/wp-json\/wp\/v2\/product_tag?post=8099"}],"curies":[{"name":"wp","href":"https:\/\/api.w.org\/{rel}","templated":true}]}}