{"id":8047,"date":"2022-08-30T20:00:16","date_gmt":"2022-08-30T20:00:16","guid":{"rendered":"https:\/\/holali.local\/product\/scented-shea-body-butter-90g-juicy-grapes\/"},"modified":"2024-10-03T20:53:14","modified_gmt":"2024-10-03T20:53:14","slug":"mantequilla-corporal-de-karite-perfumada-90g-uvas-de-jazmin","status":"publish","type":"product","link":"https:\/\/holali.co.uk\/es\/product\/grapes-scented-shea-butter\/","title":{"rendered":"Manteca de karit\u00e9 perfumada de uvas 90g"},"content":{"rendered":"<h2>Grapes Scented Shea Butter<\/h2>\n<p>La manteca de karit\u00e9 perfumada con uvas es ideal para el uso diario despu\u00e9s del ba\u00f1o o la ducha, as\u00ed como para los masajes corporales.<\/p>\n<p>These amazing <a href=\"https:\/\/holali.co.uk\/es\/product\/white-pink-soap-bar\/\">Vegano<\/a> Scented Body Butters contain fragrance oils.<\/p>\n<p>La concentraci\u00f3n de vitaminas y \u00e1cidos grasos naturales de la manteca de karit\u00e9 ayuda a hidratar y nutrir la piel. Su alto contenido en grasa la convierte en un excelente emoliente y humectante natural, que retiene la humedad y mantiene la piel hidratada. Garantiza la conservaci\u00f3n de los aceites naturales de la piel. Esto se traduce en una piel buena y suave.<\/p>\n<p><strong>\u00bfC\u00d3MO USARLO?<\/strong><\/p>\n<p>Antes de la aplicaci\u00f3n, limpia la piel en una ducha o ba\u00f1o de agua caliente para ayudar a abrir los poros. Masajea suavemente una peque\u00f1a porci\u00f3n de nuestra manteca sobre la piel. Deja que la manteca se absorba durante unos minutos antes de vestirte.<\/p>","protected":false},"excerpt":{"rendered":"<p>Grapes Scented Shea Butter Grapes Scented Shea Butter is ideal for everyday use after a bath or shower as well as for body massages. These amazing Vegan Scented Body Butters contain fragrance oils. The concentration of natural vitamins and fatty acids in shea butter helps moisturize and nourish the skin. Its high-fat content makes it&#8230;<\/p>","protected":false},"featured_media":8048,"comment_status":"open","ping_status":"closed","template":"","meta":{"_kad_blocks_custom_css":"","_kad_blocks_head_custom_js":"","_kad_blocks_body_custom_js":"","_kad_blocks_footer_custom_js":"","_kad_post_transparent":"default","_kad_post_title":"","_kad_post_layout":"default","_kad_post_sidebar_id":"","_kad_post_content_style":"default","_kad_post_vertical_padding":"default","_kad_post_feature":"","_kad_post_feature_position":"","_kad_post_header":false,"_kad_post_footer":false,"_kad_post_classname":"","_daim_seo_power":"","_daim_enable_ail":""},"product_brand":[],"product_cat":[570,692],"product_tag":[],"class_list":{"0":"post-8047","1":"product","2":"type-product","3":"status-publish","4":"has-post-thumbnail","6":"product_cat-body-butter","7":"product_cat-vegan-body-butter","9":"first","10":"instock","11":"taxable","12":"shipping-taxable","13":"purchasable","14":"product-type-simple","15":"entry","16":"content-bg","17":"loop-entry"},"taxonomy_info":{"product_cat":[{"value":570,"label":"Body Butter"},{"value":692,"label":"Vegan Body Butter"}]},"featured_image_src_large":["https:\/\/holali.co.uk\/wp-content\/uploads\/2022\/08\/200398.jpeg",700,700,false],"author_info":[],"comment_info":0,"_links":{"self":[{"href":"https:\/\/holali.co.uk\/es\/wp-json\/wp\/v2\/product\/8047","targetHints":{"allow":["GET"]}}],"collection":[{"href":"https:\/\/holali.co.uk\/es\/wp-json\/wp\/v2\/product"}],"about":[{"href":"https:\/\/holali.co.uk\/es\/wp-json\/wp\/v2\/types\/product"}],"replies":[{"embeddable":true,"href":"https:\/\/holali.co.uk\/es\/wp-json\/wp\/v2\/comments?post=8047"}],"wp:featuredmedia":[{"embeddable":true,"href":"https:\/\/holali.co.uk\/es\/wp-json\/wp\/v2\/media\/8048"}],"wp:attachment":[{"href":"https:\/\/holali.co.uk\/es\/wp-json\/wp\/v2\/media?parent=8047"}],"wp:term":[{"taxonomy":"product_brand","embeddable":true,"href":"https:\/\/holali.co.uk\/es\/wp-json\/wp\/v2\/product_brand?post=8047"},{"taxonomy":"product_cat","embeddable":true,"href":"https:\/\/holali.co.uk\/es\/wp-json\/wp\/v2\/product_cat?post=8047"},{"taxonomy":"product_tag","embeddable":true,"href":"https:\/\/holali.co.uk\/es\/wp-json\/wp\/v2\/product_tag?post=8047"}],"curies":[{"name":"wp","href":"https:\/\/api.w.org\/{rel}","templated":true}]}}