{"id":8027,"date":"2022-08-30T20:00:10","date_gmt":"2022-08-30T20:00:10","guid":{"rendered":"https:\/\/holali.local\/product\/pure-body-butter-90g-coconut-butter\/"},"modified":"2025-11-08T20:24:29","modified_gmt":"2025-11-08T20:24:29","slug":"pure-body-butter-90g-coconut-butter","status":"publish","type":"product","link":"https:\/\/holali.co.uk\/es\/product\/coconut-body-butter\/","title":{"rendered":"Mantequilla corporal de coco 90g"},"content":{"rendered":"<h2>Coconut Body Butter<\/h2>\n<p><a href=\"https:\/\/holali.co.uk\/es\/vegana\/cuidado-corporal-vegano\/?wmc-currency=EUR\">Coconut Body Butter<\/a> contains shea butter which is a fat extracted from the nut of the African shea tree.<\/p>\n<p>La manteca de karit\u00e9 es conocida por sus efectos regeneradores. Por ello, es un ingrediente de muchos cosm\u00e9ticos con efecto nutritivo y calmante.<\/p>\n<p><strong>PRESTACIONES<\/strong><\/p>\n<ul>\n<li><a href=\"https:\/\/holali.co.uk\/es\/producto\/pure-body-butter-90g-mango-butter\/?wmc-currency=EUR\" title=\"Manteca de Mango 90g\" target=\"_blank\" rel=\"noopener\"  data-wpil-monitor-id=\"1559\">reduce las arrugas y mejora la tensi\u00f3n de la piel<\/a><\/li>\n<li>alivia las irritaciones<\/li>\n<li>es un protector solar natural (SPF 5)<\/li>\n<li>regenera la piel y el cabello secos<\/li>\n<li><a href=\"https:\/\/holali.co.uk\/es\/producto\/pure-body-butter-90g-avocado-butter\/?wmc-currency=EUR\" title=\"Mantequilla corporal de aguacate 90g\" target=\"_blank\" rel=\"noopener\"  data-wpil-monitor-id=\"1553\">evita la p\u00e9rdida de agua<\/a><\/li>\n<li>reduce la celulitis y las estr\u00edas<\/li>\n<li>acelera la regeneraci\u00f3n de la piel da\u00f1ada<\/li>\n<\/ul>\n<p><strong>\u00bfC\u00d3MO USARLO?<\/strong><\/p>\n<p>Antes de la aplicaci\u00f3n, limpia la piel en una ducha o ba\u00f1o de agua caliente para ayudar a abrir los poros. Masajea suavemente una peque\u00f1a porci\u00f3n de nuestra manteca sobre la piel. Deja que la manteca se absorba durante unos minutos antes de vestirte.<\/p>","protected":false},"excerpt":{"rendered":"<p>Coconut Body Butter Coconut Body Butter contains shea butter which is a fat extracted from the nut of the African shea tree. Shea butter is known for its regenerating effects. For this reason, it is an ingredient of many cosmetics with a nourishing and soothing effect. BENEFITS reduces wrinkles and improves skin tension soothes irritations&#8230;<\/p>","protected":false},"featured_media":8028,"comment_status":"open","ping_status":"closed","template":"","meta":{"_kad_blocks_custom_css":"","_kad_blocks_head_custom_js":"","_kad_blocks_body_custom_js":"","_kad_blocks_footer_custom_js":"","_kad_post_transparent":"default","_kad_post_title":"","_kad_post_layout":"default","_kad_post_sidebar_id":"","_kad_post_content_style":"default","_kad_post_vertical_padding":"default","_kad_post_feature":"","_kad_post_feature_position":"","_kad_post_header":false,"_kad_post_footer":false,"_kad_post_classname":"","_daim_seo_power":"","_daim_enable_ail":""},"product_brand":[],"product_cat":[570,692],"product_tag":[],"class_list":{"0":"post-8027","1":"product","2":"type-product","3":"status-publish","4":"has-post-thumbnail","6":"product_cat-body-butter","7":"product_cat-vegan-body-butter","9":"first","10":"instock","11":"taxable","12":"shipping-taxable","13":"purchasable","14":"product-type-simple","15":"entry","16":"content-bg","17":"loop-entry"},"taxonomy_info":{"product_cat":[{"value":570,"label":"Body Butter"},{"value":692,"label":"Vegan Body Butter"}]},"featured_image_src_large":["https:\/\/holali.co.uk\/wp-content\/uploads\/2022\/08\/200386.jpeg",270,270,false],"author_info":[],"comment_info":0,"_links":{"self":[{"href":"https:\/\/holali.co.uk\/es\/wp-json\/wp\/v2\/product\/8027","targetHints":{"allow":["GET"]}}],"collection":[{"href":"https:\/\/holali.co.uk\/es\/wp-json\/wp\/v2\/product"}],"about":[{"href":"https:\/\/holali.co.uk\/es\/wp-json\/wp\/v2\/types\/product"}],"replies":[{"embeddable":true,"href":"https:\/\/holali.co.uk\/es\/wp-json\/wp\/v2\/comments?post=8027"}],"wp:featuredmedia":[{"embeddable":true,"href":"https:\/\/holali.co.uk\/es\/wp-json\/wp\/v2\/media\/8028"}],"wp:attachment":[{"href":"https:\/\/holali.co.uk\/es\/wp-json\/wp\/v2\/media?parent=8027"}],"wp:term":[{"taxonomy":"product_brand","embeddable":true,"href":"https:\/\/holali.co.uk\/es\/wp-json\/wp\/v2\/product_brand?post=8027"},{"taxonomy":"product_cat","embeddable":true,"href":"https:\/\/holali.co.uk\/es\/wp-json\/wp\/v2\/product_cat?post=8027"},{"taxonomy":"product_tag","embeddable":true,"href":"https:\/\/holali.co.uk\/es\/wp-json\/wp\/v2\/product_tag?post=8027"}],"curies":[{"name":"wp","href":"https:\/\/api.w.org\/{rel}","templated":true}]}}