{"id":8015,"date":"2022-08-30T20:00:08","date_gmt":"2022-08-30T20:00:08","guid":{"rendered":"https:\/\/holali.local\/product\/wild-hare-solid-shampoo-60g-aloe-vera\/"},"modified":"2025-07-18T22:09:56","modified_gmt":"2025-07-18T22:09:56","slug":"barra-de-champu-vegano-aloe-vera","status":"publish","type":"product","link":"https:\/\/holali.co.uk\/es\/product\/vegan-hair-product\/","title":{"rendered":"Mejor producto capilar vegano: Barra de champ\u00fa de aloe vera"},"content":{"rendered":"<h2>Mejor producto capilar vegano: Barra de Champ\u00fa de Aloe Vera<\/h2>\n<p>The best <a href=\"https:\/\/holali.co.uk\/es\/vegana\/cuidado-del-cabello-vegano\/champu-en-barra-vegano\/?wmc-currency=EUR\">Vegan hair product<\/a> in the market, Aloe Vera <a href=\"https:\/\/holali.co.uk\/es\/product\/white-pink-soap-bar\/\">vegan<\/a> Shampoo Bar is made from 100% pure grapeseed oil, and vegetable protein and does not contain any animal products. It also can be used as a vegan conditioner or leave-in product.<\/p>\n<p>La barra de champ\u00fa est\u00e1 hecha de ingredientes naturales y no tiene fragancias ni colores artificiales a\u00f1adidos.<\/p>\n<h5>NO HAY PELO FR\u00cdO<\/h5>\n<p>Nuestra barra de champ\u00fa y acondicionador es para aquellos que no quieren un cabello encrespado; puedes a\u00f1adirla a tu rutina de cuidado del cabello.<\/p>\n<p>Also, our solid shampoo <a href=\"https:\/\/holali.co.uk\/es\/producto\/barra-de-champu-vegana-orquidea\/?wmc-currency=EUR\" title=\"Orchid Organic Shampoo Bar para reparar y hacer crecer el cabello\"  data-wpil-monitor-id=\"352\">bar is enriched with oil-organic aloe vera<\/a> which nourishes the scalp and hair. It doesn&#8217;t come in a plastic bottle but in a cute metal box.<\/p>\n<h6>CARACTER\u00cdSTICAS DE NUESTRO PRODUCTO VEGANO<\/h6>\n<ul>\n<li>Es apto para todo tipo de cabellos, incluidos los secos, los rizados, los grasos y los te\u00f1idos<\/li>\n<li>Sin SLS, SLES ni parabenos<\/li>\n<li>Sin pl\u00e1stico, sin aceite de palma<\/li>\n<li>Barra de champ\u00fa apta para veganos y vegetarianos<\/li>\n<li>shampooing 40-60 times using our <a href=\"https:\/\/holali.co.uk\/es\/producto\/barra-de-champu-de-limon-y-jengibre\/?wmc-currency=EUR\" title=\"Barras de champ\u00fa y acondicionador de jengibre con lim\u00f3n: limpiador de cabello\"  data-wpil-monitor-id=\"487\">bar<\/a> of vegan shampoo<\/li>\n<li>Sin pruebas en animales, sin crueldad<\/li>\n<li>Funciona bien con agua caliente<\/li>\n<li>Peso: 60g<\/li>\n<\/ul>\n<p><strong>\u00bfC\u00d3MO USARLO?<\/strong><\/p>\n<p>First, wet your hair, then moisten the shampoo bar in your palms.\u00a0Rub it between the palms of your hands, or directly on your hair.\u00a0The <a href=\"https:\/\/holali.co.uk\/es\/producto\/barra-de-champu-bubblegum-ethique\/?wmc-currency=EUR\" title=\"Barras de champ\u00fa y acondicionador de chicle: la nueva normalidad\"  data-wpil-monitor-id=\"428\">bar of shampoo<\/a> will be scented with irresistible aromas.<\/p>\n<p><strong>\u00bfC\u00d3MO GUARDARLO?<\/strong><\/p>\n<p>Cons\u00e9rvese en un lugar fresco y seco. Es mejor en un <a href=\"https:\/\/holali.co.uk\/es\/productos-de-bano\/accesorios-de-bano\/jabonera-de-madera\/?wmc-currency=EUR\" target=\"_blank\" rel=\"noopener noreferrer\">jabonera<\/a> que est\u00e9 bien drenado.<\/p>\n<p>NOTA: El color o el dise\u00f1o pueden variar ligeramente de las im\u00e1genes mostradas. Si desea saber m\u00e1s sobre nuestros productos, no dude en ponerse en contacto con nosotros en cualquier momento.<\/p>","protected":false},"excerpt":{"rendered":"<p>Best Vegan Hair Product: Aloe Vera Shampoo Bar The best Vegan hair product in the market, Aloe Vera vegan Shampoo Bar is made from 100% pure grapeseed oil, and vegetable protein and does not contain any animal products. It also can be used as a vegan conditioner or leave-in product. The shampoo bar is made&#8230;<\/p>","protected":false},"featured_media":8016,"comment_status":"open","ping_status":"closed","template":"","meta":{"_kad_blocks_custom_css":"","_kad_blocks_head_custom_js":"","_kad_blocks_body_custom_js":"","_kad_blocks_footer_custom_js":"","_kad_post_transparent":"default","_kad_post_title":"","_kad_post_layout":"default","_kad_post_sidebar_id":"","_kad_post_content_style":"default","_kad_post_vertical_padding":"default","_kad_post_feature":"","_kad_post_feature_position":"","_kad_post_header":false,"_kad_post_footer":false,"_kad_post_classname":"","_daim_seo_power":"","_daim_enable_ail":""},"product_brand":[],"product_cat":[480,700],"product_tag":[],"class_list":{"0":"post-8015","1":"product","2":"type-product","3":"status-publish","4":"has-post-thumbnail","6":"product_cat-eco-friendly-shampoo-bar","7":"product_cat-friendly-shampoo-bar","9":"first","10":"instock","11":"taxable","12":"shipping-taxable","13":"purchasable","14":"product-type-simple","15":"entry","16":"content-bg","17":"loop-entry"},"taxonomy_info":{"product_cat":[{"value":480,"label":"Eco-Friendly Shampoo Bar"},{"value":700,"label":"Friendly Shampoo Bar"}]},"featured_image_src_large":["https:\/\/holali.co.uk\/wp-content\/uploads\/2022\/08\/199826-1024x1024.jpeg",1024,1024,true],"author_info":[],"comment_info":0,"_links":{"self":[{"href":"https:\/\/holali.co.uk\/es\/wp-json\/wp\/v2\/product\/8015","targetHints":{"allow":["GET"]}}],"collection":[{"href":"https:\/\/holali.co.uk\/es\/wp-json\/wp\/v2\/product"}],"about":[{"href":"https:\/\/holali.co.uk\/es\/wp-json\/wp\/v2\/types\/product"}],"replies":[{"embeddable":true,"href":"https:\/\/holali.co.uk\/es\/wp-json\/wp\/v2\/comments?post=8015"}],"wp:featuredmedia":[{"embeddable":true,"href":"https:\/\/holali.co.uk\/es\/wp-json\/wp\/v2\/media\/8016"}],"wp:attachment":[{"href":"https:\/\/holali.co.uk\/es\/wp-json\/wp\/v2\/media?parent=8015"}],"wp:term":[{"taxonomy":"product_brand","embeddable":true,"href":"https:\/\/holali.co.uk\/es\/wp-json\/wp\/v2\/product_brand?post=8015"},{"taxonomy":"product_cat","embeddable":true,"href":"https:\/\/holali.co.uk\/es\/wp-json\/wp\/v2\/product_cat?post=8015"},{"taxonomy":"product_tag","embeddable":true,"href":"https:\/\/holali.co.uk\/es\/wp-json\/wp\/v2\/product_tag?post=8015"}],"curies":[{"name":"wp","href":"https:\/\/api.w.org\/{rel}","templated":true}]}}