{"id":8013,"date":"2022-08-30T20:00:07","date_gmt":"2022-08-30T20:00:07","guid":{"rendered":"https:\/\/holali.local\/product\/wild-hare-solid-shampoo-60g-hairy-coconut\/"},"modified":"2025-07-18T22:14:11","modified_gmt":"2025-07-18T22:14:11","slug":"barra-de-champu-vegano-de-coco","status":"publish","type":"product","link":"https:\/\/holali.co.uk\/es\/product\/vegan-coconut-shampoo-bar\/","title":{"rendered":"Barra de champ\u00fa de coco para espesores y rebote"},"content":{"rendered":"<h2>Barra de champ\u00fa de coco para espesores y rebote<\/h2>\n<p>La barra de champ\u00fa de coco te cuida, es un champ\u00fa a base de coco que contiene aceite de arg\u00e1n, vitaminas y otros nutrientes para nutrir el cabello y el cuero cabelludo desde el interior, dejando a tu estilista sin esfuerzo para crear un cabello lujoso y de aspecto saludable cada vez.<\/p>\n<h6>CARACTER\u00cdSTICAS DE NUESTRO CHAMP\u00da NATURAL PARA UN CABELLO SANO<\/h6>\n<ul>\n<li>Es apto para todo tipo de cabellos, incluidos los secos, los rizados, los grasos y los te\u00f1idos<\/li>\n<li>Sin SLS, SLES ni parabenos<\/li>\n<li>Sin pl\u00e1stico, sin aceite de palma<\/li>\n<li><a href=\"https:\/\/holali.co.uk\/es\/producto\/barra-de-champu-vegano-aloe-vera\/?wmc-currency=EUR\" title=\"Mejor producto capilar vegano: Barra de champ\u00fa de aloe vera\"  data-wpil-monitor-id=\"376\">Barra de champ\u00fa para veganos y vegetarianos<\/a><\/li>\n<li>Respetuoso con el medio ambiente<\/li>\n<li>shampooing 40-60 times using our <a href=\"https:\/\/holali.co.uk\/es\/producto\/mejor-barra-de-champu-solido-de-eucalipto-para-el-cuidado-del-cabello-90g\/?wmc-currency=EUR\" title=\"Mejor Barra de Champ\u00fa S\u00f3lido de Eucalipto Para el Cuidado Del Cabello 90g\"  data-wpil-monitor-id=\"531\">bar<\/a> of <a href=\"https:\/\/holali.co.uk\/es\/product\/white-pink-soap-bar\/\">vegan<\/a> shampoo<\/li>\n<li>Sin pruebas en animales, sin crueldad<\/li>\n<li>Funciona bien con agua caliente<\/li>\n<li>Peso: 60g<\/li>\n<\/ul>\n<p><strong>\u00bfC\u00d3MO USARLO?<\/strong><\/p>\n<p>First, wet your hair, then moisten the shampoo bar in your palms.\u00a0Rub it between the palms of your hands, or directly on your hair.\u00a0The <a href=\"https:\/\/holali.co.uk\/es\/producto\/barra-de-champu-vegana-orquidea\/?wmc-currency=EUR\" title=\"Orchid Organic Shampoo Bar para reparar y hacer crecer el cabello\"  data-wpil-monitor-id=\"377\">bar of shampoo<\/a> will be scented with irresistible aromas.<\/p>\n<p><strong>\u00bfC\u00d3MO GUARDARLO?<\/strong><\/p>\n<p>Cons\u00e9rvese en un lugar fresco y seco. Es mejor en un <a href=\"https:\/\/holali.co.uk\/es\/productos-de-bano\/accesorios-de-bano\/jabonera-de-madera\/?wmc-currency=EUR\" target=\"_blank\" rel=\"noopener noreferrer\">jabonera<\/a> que est\u00e9 bien drenado.<\/p>\n<p>NOTA: El color o el dise\u00f1o pueden variar ligeramente de las im\u00e1genes mostradas. Si desea saber m\u00e1s sobre nuestros productos, no dude en ponerse en contacto con nosotros en cualquier momento.<\/p>","protected":false},"excerpt":{"rendered":"<p>Coconut Shampoo Bar For Thick &amp; Bouncy The hair cares for you, coconut shampoo bar is a coconut-based shampoo that contains argan oil, vitamins, and other nutrients to nourish the hair and scalp from the inside out, leaving your stylist effortless to create luxurious, healthy-looking hair every time. FEATURES OF OUR NATURAL SHAMPOO FOR HEALTHY&#8230;<\/p>","protected":false},"featured_media":8014,"comment_status":"open","ping_status":"closed","template":"","meta":{"_kad_blocks_custom_css":"","_kad_blocks_head_custom_js":"","_kad_blocks_body_custom_js":"","_kad_blocks_footer_custom_js":"","_kad_post_transparent":"default","_kad_post_title":"","_kad_post_layout":"default","_kad_post_sidebar_id":"","_kad_post_content_style":"default","_kad_post_vertical_padding":"default","_kad_post_feature":"","_kad_post_feature_position":"","_kad_post_header":false,"_kad_post_footer":false,"_kad_post_classname":"","_daim_seo_power":"","_daim_enable_ail":""},"product_brand":[],"product_cat":[480,700],"product_tag":[],"class_list":{"0":"post-8013","1":"product","2":"type-product","3":"status-publish","4":"has-post-thumbnail","6":"product_cat-eco-friendly-shampoo-bar","7":"product_cat-friendly-shampoo-bar","9":"first","10":"instock","11":"taxable","12":"shipping-taxable","13":"purchasable","14":"product-type-simple","15":"entry","16":"content-bg","17":"loop-entry"},"taxonomy_info":{"product_cat":[{"value":480,"label":"Eco-Friendly Shampoo Bar"},{"value":700,"label":"Friendly Shampoo Bar"}]},"featured_image_src_large":["https:\/\/holali.co.uk\/wp-content\/uploads\/2022\/08\/199822-1024x1024.jpeg",1024,1024,true],"author_info":[],"comment_info":0,"_links":{"self":[{"href":"https:\/\/holali.co.uk\/es\/wp-json\/wp\/v2\/product\/8013","targetHints":{"allow":["GET"]}}],"collection":[{"href":"https:\/\/holali.co.uk\/es\/wp-json\/wp\/v2\/product"}],"about":[{"href":"https:\/\/holali.co.uk\/es\/wp-json\/wp\/v2\/types\/product"}],"replies":[{"embeddable":true,"href":"https:\/\/holali.co.uk\/es\/wp-json\/wp\/v2\/comments?post=8013"}],"wp:featuredmedia":[{"embeddable":true,"href":"https:\/\/holali.co.uk\/es\/wp-json\/wp\/v2\/media\/8014"}],"wp:attachment":[{"href":"https:\/\/holali.co.uk\/es\/wp-json\/wp\/v2\/media?parent=8013"}],"wp:term":[{"taxonomy":"product_brand","embeddable":true,"href":"https:\/\/holali.co.uk\/es\/wp-json\/wp\/v2\/product_brand?post=8013"},{"taxonomy":"product_cat","embeddable":true,"href":"https:\/\/holali.co.uk\/es\/wp-json\/wp\/v2\/product_cat?post=8013"},{"taxonomy":"product_tag","embeddable":true,"href":"https:\/\/holali.co.uk\/es\/wp-json\/wp\/v2\/product_tag?post=8013"}],"curies":[{"name":"wp","href":"https:\/\/api.w.org\/{rel}","templated":true}]}}