{"id":8011,"date":"2022-08-30T20:00:06","date_gmt":"2022-08-30T20:00:06","guid":{"rendered":"https:\/\/holali.local\/product\/wild-hare-solid-shampoo-60g-tutti-frutti\/"},"modified":"2025-07-18T21:56:56","modified_gmt":"2025-07-18T21:56:56","slug":"barra-de-champu-vegana-tutti-frutti","status":"publish","type":"product","link":"https:\/\/holali.co.uk\/es\/product\/cruelty-free-hair-product\/","title":{"rendered":"Producto capilar libre de crueldad: Champ\u00fa en barra Tutti Frutti"},"content":{"rendered":"<h2>Producto capilar libre de crueldad: Champ\u00fa en barra Tutti Frutti<\/h2>\n<p dir=\"auto\" data-pm-slice=\"1 1 []\"><a href=\"https:\/\/holali.co.uk\/es\/vegana\/cuidado-del-cabello-vegano\/?wmc-currency=EUR\">Cruelty free hair product<\/a> like our <a href=\"https:\/\/holali.co.uk\/es\/product\/white-pink-soap-bar\/\">Vegano<\/a> <a href=\"https:\/\/holali.co.uk\/es\/product\/tutti-fruiti-bath-bomb\/\">Tutti Frutti<\/a> Shampoo Bar with vitamin E is the perfect addition to your vegan beauty routine to protect and maintain your hair.<\/p>\n<p dir=\"auto\" data-pm-slice=\"1 1 []\">La barra de champ\u00fa ecol\u00f3gica se fabrica sin pruebas en animales y es biodegradable.<\/p>\n<h6>CARACTER\u00cdSTICAS<\/h6>\n<ul>\n<li>Es apto para todo tipo de cabellos, incluidos los secos, los rizados, los grasos y los te\u00f1idos<\/li>\n<li>Sin SLS, SLES ni parabenos<\/li>\n<li>Sin pl\u00e1stico, sin aceite de palma<\/li>\n<li><a href=\"https:\/\/holali.co.uk\/es\/producto\/barra-de-champu-de-cereza-vegana\/?wmc-currency=EUR\" title=\"Cuidado del cabello vegano con la barra de champ\u00fa de bombones de cereza\" target=\"_blank\" rel=\"noopener\"  data-wpil-monitor-id=\"1232\">Barra de champ\u00fa para veganos y vegetarianos<\/a><\/li>\n<li>shampooing 40-60 times using our <a href=\"https:\/\/holali.co.uk\/es\/producto\/barato-jasmine-champu-barra-de-jabon-90g\/?wmc-currency=EUR\" title=\"Inexpensive Jasmine Shampoo Soap Bar\"  data-wpil-monitor-id=\"532\">bar<\/a> of vegan shampoo<\/li>\n<li>Sin pruebas en animales, sin crueldad<\/li>\n<li>Funciona bien con agua caliente<\/li>\n<li>Peso: 60g<\/li>\n<\/ul>\n<p><span class=\"wordai-block rewrite-block enable-highlight\" data-id=\"3\"><strong>\u00bfC\u00d3MO USARLO?<\/strong><\/span><\/p>\n<p>En primer lugar, moja tu cabello y luego humedece la barra de champ\u00fa en las palmas de las manos.\u00a0 <span class=\"wordai-block rewrite-block enable-highlight\" data-id=\"2\">Fr\u00f3telo entre las palmas de las manos o directamente sobre el cabello.<\/span>\u00a0<span class=\"wordai-block rewrite-block enable-highlight\" data-id=\"1\">El <a href=\"https:\/\/holali.co.uk\/es\/producto\/barra-de-champu-vegano-de-coco\/?wmc-currency=EUR\" title=\"Barra de champ\u00fa de coco para espesores y rebote\"  data-wpil-monitor-id=\"356\">bar of shampoo<\/a> will be scented with irresistible aromas.<\/span><\/p>\n<p><strong>\u00bfC\u00d3MO GUARDARLO?<\/strong><\/p>\n<p>Cons\u00e9rvese en un lugar fresco y seco. Es mejor en un <a href=\"https:\/\/holali.co.uk\/es\/productos-de-bano\/accesorios-de-bano\/jabonera-de-madera\/?wmc-currency=EUR\">jabonera<\/a> que est\u00e9 bien drenado.<\/p>\n<p>NOTA: El color o el dise\u00f1o pueden variar ligeramente de las im\u00e1genes mostradas. Si desea saber m\u00e1s sobre nuestros productos, no dude en ponerse en contacto con nosotros en cualquier momento.<\/p>","protected":false},"excerpt":{"rendered":"<p>Cruelty Free Hair Product: Tutti Frutti Shampoo Bar Cruelty free hair product like our Vegan Tutti Frutti Shampoo Bar with vitamin E is the perfect addition to your vegan beauty routine to protect and maintain your hair. The eco-friendly shampoo bar is made without animal testing and is biodegradable. FEATURES It\u2019s suitable for hair types&#8230;<\/p>","protected":false},"featured_media":8012,"comment_status":"open","ping_status":"closed","template":"","meta":{"_kad_blocks_custom_css":"","_kad_blocks_head_custom_js":"","_kad_blocks_body_custom_js":"","_kad_blocks_footer_custom_js":"","_kad_post_transparent":"default","_kad_post_title":"","_kad_post_layout":"default","_kad_post_sidebar_id":"","_kad_post_content_style":"default","_kad_post_vertical_padding":"default","_kad_post_feature":"","_kad_post_feature_position":"","_kad_post_header":false,"_kad_post_footer":false,"_kad_post_classname":"","_daim_seo_power":"","_daim_enable_ail":""},"product_brand":[],"product_cat":[480,700],"product_tag":[],"class_list":{"0":"post-8011","1":"product","2":"type-product","3":"status-publish","4":"has-post-thumbnail","6":"product_cat-eco-friendly-shampoo-bar","7":"product_cat-friendly-shampoo-bar","9":"first","10":"instock","11":"taxable","12":"shipping-taxable","13":"purchasable","14":"product-type-simple","15":"entry","16":"content-bg","17":"loop-entry"},"taxonomy_info":{"product_cat":[{"value":480,"label":"Eco-Friendly Shampoo Bar"},{"value":700,"label":"Friendly Shampoo Bar"}]},"featured_image_src_large":["https:\/\/holali.co.uk\/wp-content\/uploads\/2022\/08\/199818-1024x1024.jpeg",1024,1024,true],"author_info":[],"comment_info":0,"_links":{"self":[{"href":"https:\/\/holali.co.uk\/es\/wp-json\/wp\/v2\/product\/8011","targetHints":{"allow":["GET"]}}],"collection":[{"href":"https:\/\/holali.co.uk\/es\/wp-json\/wp\/v2\/product"}],"about":[{"href":"https:\/\/holali.co.uk\/es\/wp-json\/wp\/v2\/types\/product"}],"replies":[{"embeddable":true,"href":"https:\/\/holali.co.uk\/es\/wp-json\/wp\/v2\/comments?post=8011"}],"wp:featuredmedia":[{"embeddable":true,"href":"https:\/\/holali.co.uk\/es\/wp-json\/wp\/v2\/media\/8012"}],"wp:attachment":[{"href":"https:\/\/holali.co.uk\/es\/wp-json\/wp\/v2\/media?parent=8011"}],"wp:term":[{"taxonomy":"product_brand","embeddable":true,"href":"https:\/\/holali.co.uk\/es\/wp-json\/wp\/v2\/product_brand?post=8011"},{"taxonomy":"product_cat","embeddable":true,"href":"https:\/\/holali.co.uk\/es\/wp-json\/wp\/v2\/product_cat?post=8011"},{"taxonomy":"product_tag","embeddable":true,"href":"https:\/\/holali.co.uk\/es\/wp-json\/wp\/v2\/product_tag?post=8011"}],"curies":[{"name":"wp","href":"https:\/\/api.w.org\/{rel}","templated":true}]}}