{"id":8007,"date":"2022-08-30T20:00:05","date_gmt":"2022-08-30T20:00:05","guid":{"rendered":"https:\/\/holali.local\/product\/wild-hare-solid-shampoo-60g-pappaya\/"},"modified":"2025-07-18T22:06:24","modified_gmt":"2025-07-18T22:06:24","slug":"barra-de-champu-vegano-papaya","status":"publish","type":"product","link":"https:\/\/holali.co.uk\/es\/product\/cruelty-free-hair-care\/","title":{"rendered":"Cuidado del cabello sin crueldad Barra de champ\u00fa de papaya"},"content":{"rendered":"<h2>Cuidado del cabello sin crueldad Barra de champ\u00fa de papaya<\/h2>\n<p dir=\"auto\" data-pm-slice=\"1 1 []\">If you&#8217;ve been searching for a cruelty free hair care shampoo bar, this one with papaya is the perfect shampoo bar with coconut oil to soften your hair,<\/p>\n<p dir=\"auto\" data-pm-slice=\"1 1 []\">It also lessens the damage of environmental pollution and allergies and cleanses it without stripping your scalp of essential oils, then <a href=\"https:\/\/holali.co.uk\/es\/product\/white-pink-soap-bar\/\">Vegano<\/a> Papaya Shampoo Bar is just what the doctor ordered.<\/p>\n<p dir=\"auto\" data-pm-slice=\"1 1 []\">A study claims this product can cleanse at least 250 times better than a regular shampoo bar. So if you&#8217;re looking for a shampoo bar that can actually work, buy <a href=\"https:\/\/holali.co.uk\/es\/producto\/barra-de-champu-vegano-aloe-vera\/?wmc-currency=EUR\" title=\"Mejor producto capilar vegano: Barra de champ\u00fa de aloe vera\"  data-wpil-monitor-id=\"357\">Champ\u00fa vegano de papaya en barra<\/a> today and start living a very healthy life.<\/p>\n<h6>CARACTER\u00cdSTICAS<\/h6>\n<ul>\n<li>Es apto para todo tipo de cabellos, incluidos los secos, los rizados, los grasos y los te\u00f1idos<\/li>\n<li>Sin SLS, SLES ni parabenos<\/li>\n<li>Sin pl\u00e1stico, sin aceite de palma<\/li>\n<li>Barra de champ\u00fa para veganos y vegetarianos<\/li>\n<li>shampooing 40-60 times using our <a href=\"https:\/\/holali.co.uk\/es\/producto\/barra-de-champu-vegana-orquidea\/?wmc-currency=EUR\" title=\"Orchid Organic Shampoo Bar para reparar y hacer crecer el cabello\"  data-wpil-monitor-id=\"375\">bar<\/a> of vegan shampoo<\/li>\n<li>Sin pruebas en animales, sin crueldad<\/li>\n<li>Funciona bien con agua caliente<\/li>\n<li>Peso: 60g<\/li>\n<\/ul>\n<p><span class=\"wordai-block rewrite-block enable-highlight\" data-id=\"3\"><strong>\u00bfC\u00d3MO USARLO?<\/strong><\/span><\/p>\n<p>En primer lugar, moja tu cabello y luego humedece la barra de champ\u00fa en las palmas de las manos.\u00a0 <span class=\"wordai-block rewrite-block enable-highlight\" data-id=\"2\">Fr\u00f3telo entre las palmas de las manos o directamente sobre el cabello.<\/span>\u00a0<span class=\"wordai-block rewrite-block enable-highlight\" data-id=\"1\">El <a href=\"https:\/\/holali.co.uk\/es\/producto\/barra-de-champu-bubblegum-ethique\/?wmc-currency=EUR\" title=\"Barras de champ\u00fa y acondicionador de chicle: la nueva normalidad\"  data-wpil-monitor-id=\"426\">bar of shampoo<\/a> will be scented with irresistible aromas.<\/span><\/p>\n<p><strong>\u00bfC\u00d3MO GUARDARLO?<\/strong><\/p>\n<p>Cons\u00e9rvese en un lugar fresco y seco. Es mejor en un <a href=\"https:\/\/holali.co.uk\/es\/productos-de-bano\/accesorios-de-bano\/jabonera-de-madera\/?wmc-currency=EUR\">jabonera<\/a> que est\u00e9 bien drenado.<\/p>\n<p>NOTA: El color o el dise\u00f1o pueden variar ligeramente de las im\u00e1genes mostradas. Si desea saber m\u00e1s sobre nuestros productos, no dude en ponerse en contacto con nosotros en cualquier momento.<\/p>","protected":false},"excerpt":{"rendered":"<p>Cruelty Free Hair Care Papaya Shampoo Bar If you&#8217;ve been searching for a cruelty free hair care shampoo bar, this one with papaya is the perfect shampoo bar with coconut oil to soften your hair, It also lessens the damage of environmental pollution and allergies and cleanses it without stripping your scalp of essential oils,&#8230;<\/p>","protected":false},"featured_media":8008,"comment_status":"open","ping_status":"closed","template":"","meta":{"_kad_blocks_custom_css":"","_kad_blocks_head_custom_js":"","_kad_blocks_body_custom_js":"","_kad_blocks_footer_custom_js":"","_kad_post_transparent":"default","_kad_post_title":"","_kad_post_layout":"default","_kad_post_sidebar_id":"","_kad_post_content_style":"default","_kad_post_vertical_padding":"default","_kad_post_feature":"","_kad_post_feature_position":"","_kad_post_header":false,"_kad_post_footer":false,"_kad_post_classname":"","_daim_seo_power":"","_daim_enable_ail":""},"product_brand":[],"product_cat":[480,700],"product_tag":[],"class_list":{"0":"post-8007","1":"product","2":"type-product","3":"status-publish","4":"has-post-thumbnail","6":"product_cat-eco-friendly-shampoo-bar","7":"product_cat-friendly-shampoo-bar","9":"first","10":"instock","11":"taxable","12":"shipping-taxable","13":"purchasable","14":"product-type-simple","15":"entry","16":"content-bg","17":"loop-entry"},"taxonomy_info":{"product_cat":[{"value":480,"label":"Eco-Friendly Shampoo Bar"},{"value":700,"label":"Friendly Shampoo Bar"}]},"featured_image_src_large":["https:\/\/holali.co.uk\/wp-content\/uploads\/2022\/08\/199810-1024x1024.jpeg",1024,1024,true],"author_info":[],"comment_info":0,"_links":{"self":[{"href":"https:\/\/holali.co.uk\/es\/wp-json\/wp\/v2\/product\/8007","targetHints":{"allow":["GET"]}}],"collection":[{"href":"https:\/\/holali.co.uk\/es\/wp-json\/wp\/v2\/product"}],"about":[{"href":"https:\/\/holali.co.uk\/es\/wp-json\/wp\/v2\/types\/product"}],"replies":[{"embeddable":true,"href":"https:\/\/holali.co.uk\/es\/wp-json\/wp\/v2\/comments?post=8007"}],"wp:featuredmedia":[{"embeddable":true,"href":"https:\/\/holali.co.uk\/es\/wp-json\/wp\/v2\/media\/8008"}],"wp:attachment":[{"href":"https:\/\/holali.co.uk\/es\/wp-json\/wp\/v2\/media?parent=8007"}],"wp:term":[{"taxonomy":"product_brand","embeddable":true,"href":"https:\/\/holali.co.uk\/es\/wp-json\/wp\/v2\/product_brand?post=8007"},{"taxonomy":"product_cat","embeddable":true,"href":"https:\/\/holali.co.uk\/es\/wp-json\/wp\/v2\/product_cat?post=8007"},{"taxonomy":"product_tag","embeddable":true,"href":"https:\/\/holali.co.uk\/es\/wp-json\/wp\/v2\/product_tag?post=8007"}],"curies":[{"name":"wp","href":"https:\/\/api.w.org\/{rel}","templated":true}]}}