{"id":8005,"date":"2022-08-30T20:00:02","date_gmt":"2022-08-30T20:00:02","guid":{"rendered":"https:\/\/holali.local\/product\/wild-hare-solid-conditioner-lavender-tea-tree\/"},"modified":"2025-09-15T02:39:34","modified_gmt":"2025-09-15T02:39:34","slug":"barra-acondicionadora-vegana-de-lavanda-y-te","status":"publish","type":"product","link":"https:\/\/holali.co.uk\/es\/product\/vegan-lavender-tea-tree-conditioner-bar\/","title":{"rendered":"Acondicionador vegano de lavanda y \u00e1rbol del t\u00e9 en barra"},"content":{"rendered":"<h2>Acondicionador vegano de lavanda y \u00e1rbol del t\u00e9 en barra<\/h2>\n<p dir=\"auto\" data-pm-slice=\"1 1 []\"><a href=\"https:\/\/holali.co.uk\/es\/product\/white-pink-soap-bar\/\">Vegano<\/a> Lavender &amp; Tea Tree Conditioner Bar with argan oil is the perfect hair conditioner for sensitive, color-treated, chemically-treated, and brittle hair.<\/p>\n<p dir=\"auto\" data-pm-slice=\"1 1 []\">La barra dejar\u00e1 su cabello incre\u00edblemente suave, acondicionado, brillante y libre de acumulaciones. Contiene una potente mezcla de aceites esenciales.<\/p>\n<h6>CARACTER\u00cdSTICAS<\/h6>\n<ul>\n<li>Es apto para todo tipo de cabellos, incluidos los secos, los rizados, los grasos y los te\u00f1idos<\/li>\n<li>Sin SLS, SLES ni parabenos<\/li>\n<li>Sin pl\u00e1stico, sin aceite de palma<\/li>\n<li>Barra de champ\u00fa para veganos y vegetarianos<\/li>\n<li>shampooing 40-60 times using our <a href=\"https:\/\/holali.co.uk\/es\/producto\/barra-de-champu-de-cereza-vegana\/?wmc-currency=EUR\" title=\"Cuidado del cabello vegano con la barra de champ\u00fa de bombones de cereza\" target=\"_blank\" rel=\"noopener\"  data-wpil-monitor-id=\"1236\">bar<\/a> of vegan shampoo<\/li>\n<li>Sin pruebas en animales, sin crueldad<\/li>\n<li>Funciona bien con agua caliente<\/li>\n<li>Peso: 60g<\/li>\n<\/ul>\n<p><span class=\"wordai-block rewrite-block enable-highlight\" data-id=\"3\"><strong>\u00bfC\u00d3MO USARLO?<\/strong><\/span><\/p>\n<p>En primer lugar, moja tu cabello y luego humedece la barra de champ\u00fa en las palmas de las manos.\u00a0 <span class=\"wordai-block rewrite-block enable-highlight\" data-id=\"2\">Fr\u00f3telo entre las palmas de las manos o directamente sobre el cabello.<\/span>\u00a0<span class=\"wordai-block rewrite-block enable-highlight\" data-id=\"1\">La barra de champ\u00fa estar\u00e1 perfumada con aromas irresistibles.<\/span><\/p>\n<p><strong>\u00bfC\u00d3MO GUARDARLO?<\/strong><\/p>\n<p>Cons\u00e9rvese en un lugar fresco y seco. Es mejor en un <a href=\"https:\/\/holali.co.uk\/es\/productos-de-bano\/accesorios-de-bano\/jabonera-de-madera\/?wmc-currency=EUR\">jabonera<\/a> que est\u00e9 bien drenado.<\/p>\n<p>NOTA: El color o el dise\u00f1o pueden variar ligeramente de las im\u00e1genes mostradas. Si desea saber m\u00e1s sobre nuestros productos, no dude en ponerse en contacto con nosotros en cualquier momento.<\/p>","protected":false},"excerpt":{"rendered":"<p>Vegan Lavender &amp; Tea Tree Conditioner Bar Vegan Lavender &amp; Tea Tree Conditioner Bar with argan oil is the perfect hair conditioner for sensitive, color-treated, chemically-treated, and brittle hair. The bar will leave your hair incredibly soft, conditioned, shiny, and free from build-up. It contains a powerful blend of essential oils. FEATURES It\u2019s suitable for&#8230;<\/p>","protected":false},"featured_media":8006,"comment_status":"open","ping_status":"closed","template":"","meta":{"_kad_blocks_custom_css":"","_kad_blocks_head_custom_js":"","_kad_blocks_body_custom_js":"","_kad_blocks_footer_custom_js":"","_kad_post_transparent":"default","_kad_post_title":"","_kad_post_layout":"default","_kad_post_sidebar_id":"","_kad_post_content_style":"default","_kad_post_vertical_padding":"default","_kad_post_feature":"","_kad_post_feature_position":"","_kad_post_header":false,"_kad_post_footer":false,"_kad_post_classname":"","_daim_seo_power":"","_daim_enable_ail":""},"product_brand":[],"product_cat":[480,700],"product_tag":[],"class_list":{"0":"post-8005","1":"product","2":"type-product","3":"status-publish","4":"has-post-thumbnail","6":"product_cat-eco-friendly-shampoo-bar","7":"product_cat-friendly-shampoo-bar","9":"first","10":"instock","11":"taxable","12":"shipping-taxable","13":"purchasable","14":"product-type-simple","15":"entry","16":"content-bg","17":"loop-entry"},"taxonomy_info":{"product_cat":[{"value":480,"label":"Eco-Friendly Shampoo Bar"},{"value":700,"label":"Friendly Shampoo Bar"}]},"featured_image_src_large":["https:\/\/holali.co.uk\/wp-content\/uploads\/2022\/08\/200493-1024x1024.jpeg",1024,1024,true],"author_info":[],"comment_info":0,"_links":{"self":[{"href":"https:\/\/holali.co.uk\/es\/wp-json\/wp\/v2\/product\/8005","targetHints":{"allow":["GET"]}}],"collection":[{"href":"https:\/\/holali.co.uk\/es\/wp-json\/wp\/v2\/product"}],"about":[{"href":"https:\/\/holali.co.uk\/es\/wp-json\/wp\/v2\/types\/product"}],"replies":[{"embeddable":true,"href":"https:\/\/holali.co.uk\/es\/wp-json\/wp\/v2\/comments?post=8005"}],"wp:featuredmedia":[{"embeddable":true,"href":"https:\/\/holali.co.uk\/es\/wp-json\/wp\/v2\/media\/8006"}],"wp:attachment":[{"href":"https:\/\/holali.co.uk\/es\/wp-json\/wp\/v2\/media?parent=8005"}],"wp:term":[{"taxonomy":"product_brand","embeddable":true,"href":"https:\/\/holali.co.uk\/es\/wp-json\/wp\/v2\/product_brand?post=8005"},{"taxonomy":"product_cat","embeddable":true,"href":"https:\/\/holali.co.uk\/es\/wp-json\/wp\/v2\/product_cat?post=8005"},{"taxonomy":"product_tag","embeddable":true,"href":"https:\/\/holali.co.uk\/es\/wp-json\/wp\/v2\/product_tag?post=8005"}],"curies":[{"name":"wp","href":"https:\/\/api.w.org\/{rel}","templated":true}]}}