{"id":7435,"date":"2022-08-30T19:57:34","date_gmt":"2022-08-30T19:57:34","guid":{"rendered":"https:\/\/holali.local\/product\/bentonite-clay-50g\/"},"modified":"2025-07-19T07:45:57","modified_gmt":"2025-07-19T07:45:57","slug":"bentonita-arcilla-50g","status":"publish","type":"product","link":"https:\/\/holali.co.uk\/es\/product\/bentonite-clay\/","title":{"rendered":"Bentonite Clay"},"content":{"rendered":"<p>Durante siglos, la arcilla se ha utilizado con fines medicinales y cosm\u00e9ticos en muchas culturas. Hoy en d\u00eda, las mascarillas de arcilla se utilizan como uno de los tratamientos m\u00e1s eficaces para los problemas de la piel. Aqu\u00ed tenemos las m\u00e1scaras faciales de arcilla en polvo m\u00e1s populares - Arcilla Bentonita 80g.<\/p>\n<p>Bentonite Clay is renowned for its ability to draw out impurities, reduce inflammation, and promote healing. This makes it an ideal ingredient for achieving clear, glowing skin. Our <a href=\"https:\/\/holali.co.uk\/es\/producto\/bentonita-arcilla-50g\/?wmc-currency=EUR\" title=\"Bentonite Clay\"  data-wpil-monitor-id=\"382\">clay face mask<\/a> is finely milled to ensure a smooth, luxurious application, providing you with a spa-like experience at home.<\/p>\n<p>\u00bfC\u00f3mo utilizar una mascarilla de arcilla?<\/p>\n<ul>\n<li>Mix a small amount of clay with water or our Floral Water until it forms a smooth paste.<\/li>\n<li>Apply the <a href=\"https:\/\/holali.co.uk\/es\/producto\/mascara-de-arcilla-rosa-75g\/?wmc-currency=EUR\" title=\"Mascarilla de arcilla rosa 75g\"  data-wpil-monitor-id=\"809\">clay mask to the face<\/a> or body and allow it to stand for about 10 to 15 minutes, or until the paste dries.<\/li>\n<li>Rinse with lukewarm water and pat the face dry with a soft towel.<\/li>\n<li>For enhanced benefits, you can even add essential oils to the clay mask for better results.<\/li>\n<\/ul>\n<p>Experience the natural power of Bentonite and enjoy the benefits of clearer, healthier skin with our premium <a href=\"https:\/\/holali.co.uk\/es\/producto\/bentonita-arcilla-50g\/?wmc-currency=EUR\" title=\"Bentonite Clay\"  data-wpil-monitor-id=\"388\">clay face mask<\/a> powder.<\/p>","protected":false},"excerpt":{"rendered":"<p>For centuries, clay has been used for medicinal and cosmetic purposes in many cultures. Nowadays, clay face masks are used as one of the most effective treatments for skin problems. Here we have the most popular Clay Face Mask powders &#8211; Bentonite Clay 80g. Bentonite Clay is renowned for its ability to draw out impurities,&#8230;<\/p>","protected":false},"featured_media":7436,"comment_status":"open","ping_status":"closed","template":"","meta":{"_kad_blocks_custom_css":"","_kad_blocks_head_custom_js":"","_kad_blocks_body_custom_js":"","_kad_blocks_footer_custom_js":"","_kad_post_transparent":"default","_kad_post_title":"","_kad_post_layout":"default","_kad_post_sidebar_id":"","_kad_post_content_style":"default","_kad_post_vertical_padding":"default","_kad_post_feature":"","_kad_post_feature_position":"","_kad_post_header":false,"_kad_post_footer":false,"_kad_post_classname":"","_daim_seo_power":"","_daim_enable_ail":""},"product_brand":[],"product_cat":[628,693],"product_tag":[],"class_list":{"0":"post-7435","1":"product","2":"type-product","3":"status-publish","4":"has-post-thumbnail","6":"product_cat-facial-skin-care","7":"product_cat-vegan-facial-skin-care","9":"first","10":"instock","11":"sale","12":"taxable","13":"shipping-taxable","14":"purchasable","15":"product-type-simple","16":"entry","17":"content-bg","18":"loop-entry"},"taxonomy_info":{"product_cat":[{"value":628,"label":"Facial Skin Care"},{"value":693,"label":"Vegan Facial Skin Care"}]},"featured_image_src_large":["https:\/\/holali.co.uk\/wp-content\/uploads\/2022\/08\/198170-1024x1024.jpeg",1024,1024,true],"author_info":[],"comment_info":0,"_links":{"self":[{"href":"https:\/\/holali.co.uk\/es\/wp-json\/wp\/v2\/product\/7435","targetHints":{"allow":["GET"]}}],"collection":[{"href":"https:\/\/holali.co.uk\/es\/wp-json\/wp\/v2\/product"}],"about":[{"href":"https:\/\/holali.co.uk\/es\/wp-json\/wp\/v2\/types\/product"}],"replies":[{"embeddable":true,"href":"https:\/\/holali.co.uk\/es\/wp-json\/wp\/v2\/comments?post=7435"}],"wp:featuredmedia":[{"embeddable":true,"href":"https:\/\/holali.co.uk\/es\/wp-json\/wp\/v2\/media\/7436"}],"wp:attachment":[{"href":"https:\/\/holali.co.uk\/es\/wp-json\/wp\/v2\/media?parent=7435"}],"wp:term":[{"taxonomy":"product_brand","embeddable":true,"href":"https:\/\/holali.co.uk\/es\/wp-json\/wp\/v2\/product_brand?post=7435"},{"taxonomy":"product_cat","embeddable":true,"href":"https:\/\/holali.co.uk\/es\/wp-json\/wp\/v2\/product_cat?post=7435"},{"taxonomy":"product_tag","embeddable":true,"href":"https:\/\/holali.co.uk\/es\/wp-json\/wp\/v2\/product_tag?post=7435"}],"curies":[{"name":"wp","href":"https:\/\/api.w.org\/{rel}","templated":true}]}}