{"id":7287,"date":"2022-08-30T19:56:56","date_gmt":"2022-08-30T19:56:56","guid":{"rendered":"https:\/\/holali.local\/product\/love-hearts-bath-bomb-wild-flowers\/"},"modified":"2025-09-15T02:52:52","modified_gmt":"2025-09-15T02:52:52","slug":"bombas-de-corazon-con-flores-silvestres","status":"publish","type":"product","link":"https:\/\/holali.co.uk\/es\/product\/heart-bath-bombs\/","title":{"rendered":"Bombas de ba\u00f1o de coraz\u00f3n con flores silvestres"},"content":{"rendered":"<h2>Bombas de ba\u00f1o de coraz\u00f3n con flores silvestres<\/h2>\n<p>The Wild Heart <a href=\"https:\/\/holali.co.uk\/es\/productos-de-bano\/bombas-de-bano\/?wmc-currency=EUR\">Bombas De Ba\u00f1o<\/a> are so sweetly scented that they make a relaxing bath perfect for sleeping in. The scented wildflowers will be the center of your heart&#8217;s desire.<\/p>\n<p>Wildflowers are the most important thing for everyone, old or young. They have always been the symbol of love, beauty, and serenity. Wildflowers have a special meaning for us. We&#8217;ve created a magic-making <a href=\"https:\/\/holali.co.uk\/es\/productos-de-bano\/bombas-de-bano\/?wmc-currency=EUR\">bath bomb<\/a> for wildflower lovers.<\/p>\n<p>El peso es de unos 180g.<\/p>\n<p>Nuestro <a href=\"https:\/\/holali.co.uk\/es\/producto\/bomba-de-bano-de-amor-corazon-70g-fruta-de-la-pasion\/?wmc-currency=EUR\" title=\"Bombas de Ba\u00f1o Coraz\u00f3n de Amor de Fruta de la Pasi\u00f3n\"  data-wpil-monitor-id=\"244\">Bombas de Ba\u00f1o Coraz\u00f3n<\/a> are designed to transform your bath into a luxurious, aromatic escape. Infused with the delicate essence of wildflowers, these <a href=\"https:\/\/holali.co.uk\/es\/producto\/total-unwind-potion-bath-ball\/?wmc-currency=EUR\" title=\"La mejor bomba de ba\u00f1o ecol\u00f3gica para un cuerpo sano\"  data-wpil-monitor-id=\"804\">bath bombs not only relax your body<\/a> but also soothe your soul. The heart shape adds an extra touch of love and elegance to your bath experience, making it a perfect <a href=\"https:\/\/holali.co.uk\/es\/producto\/las-mejores-14-rosas-de-jabon-para-las-fiestas\/?wmc-currency=EUR\" title=\"Los 14 mejores jabones rosas para las fiestas\" target=\"_blank\" rel=\"noopener\"  data-wpil-monitor-id=\"1277\">gift for loved ones<\/a> or a special treat for yourself.<\/p>\n<p>Each <a href=\"https:\/\/holali.co.uk\/es\/producto\/bomba-de-bano-corazon-de-amor-70g-lavanda-francesa\/?wmc-currency=EUR\" title=\"Bombas de Ba\u00f1o Coraz\u00f3n de Amor de Lavanda Francesa\"  data-wpil-monitor-id=\"246\">Heart Bath Bomb<\/a> is handcrafted with care, ensuring a high-quality product that provides a burst of fragrance and a delightful fizz in your bathwater. The wildflower scent lingers in the air, creating an ambiance of tranquility and peace. Whether you&#8217;re looking to unwind after a long day or prepare for a restful night&#8217;s sleep, our Heart <a href=\"https:\/\/holali.co.uk\/es\/product\/angel-delight-bath-bomb\/\">Bombas De Ba\u00f1o<\/a> are the ideal choice.<\/p>\n<p>Embrace the calming and romantic qualities of wildflowers with every use. The Heart Bath Bombs are not just a bath accessory; they&#8217;re a ritual of self-care and a celebration of nature&#8217;s beauty. Indulge in the enchanting aroma and let the wildflowers carry your worries away.<\/p>\n<p dir=\"auto\" data-pm-slice=\"1 1 []\">\u00bfBusca una buena idea para regalar? <a href=\"https:\/\/holali.co.uk\/es\/productos-de-bano\/jabon-flores-bouquets\/jabon-flor-bouquet\/?wmc-currency=EUR\">PULSE AQU\u00cd<\/a><\/p>","protected":false},"excerpt":{"rendered":"<p>Heart Bath Bombs With Wildflowers The Wild Heart Bath Bombs are so sweetly scented that they make a relaxing bath perfect for sleeping in. The scented wildflowers will be the center of your heart&#8217;s desire. Wildflowers are the most important thing for everyone, old or young. They have always been the symbol of love, beauty,&#8230;<\/p>","protected":false},"featured_media":7288,"comment_status":"open","ping_status":"closed","template":"","meta":{"_kad_blocks_custom_css":"","_kad_blocks_head_custom_js":"","_kad_blocks_body_custom_js":"","_kad_blocks_footer_custom_js":"","_kad_post_transparent":"default","_kad_post_title":"","_kad_post_layout":"default","_kad_post_sidebar_id":"","_kad_post_content_style":"default","_kad_post_vertical_padding":"default","_kad_post_feature":"","_kad_post_feature_position":"","_kad_post_header":false,"_kad_post_footer":false,"_kad_post_classname":"","_daim_seo_power":"","_daim_enable_ail":""},"product_brand":[],"product_cat":[655],"product_tag":[],"class_list":{"0":"post-7287","1":"product","2":"type-product","3":"status-publish","4":"has-post-thumbnail","6":"product_cat-christmas-bath-bombs","8":"first","9":"instock","10":"taxable","11":"shipping-taxable","12":"purchasable","13":"product-type-simple","14":"entry","15":"content-bg","16":"loop-entry"},"taxonomy_info":{"product_cat":[{"value":655,"label":"Christmas Bath Bombs"}]},"featured_image_src_large":["https:\/\/holali.co.uk\/wp-content\/uploads\/2022\/08\/196849-1024x1024.jpeg",1024,1024,true],"author_info":[],"comment_info":0,"_links":{"self":[{"href":"https:\/\/holali.co.uk\/es\/wp-json\/wp\/v2\/product\/7287","targetHints":{"allow":["GET"]}}],"collection":[{"href":"https:\/\/holali.co.uk\/es\/wp-json\/wp\/v2\/product"}],"about":[{"href":"https:\/\/holali.co.uk\/es\/wp-json\/wp\/v2\/types\/product"}],"replies":[{"embeddable":true,"href":"https:\/\/holali.co.uk\/es\/wp-json\/wp\/v2\/comments?post=7287"}],"wp:featuredmedia":[{"embeddable":true,"href":"https:\/\/holali.co.uk\/es\/wp-json\/wp\/v2\/media\/7288"}],"wp:attachment":[{"href":"https:\/\/holali.co.uk\/es\/wp-json\/wp\/v2\/media?parent=7287"}],"wp:term":[{"taxonomy":"product_brand","embeddable":true,"href":"https:\/\/holali.co.uk\/es\/wp-json\/wp\/v2\/product_brand?post=7287"},{"taxonomy":"product_cat","embeddable":true,"href":"https:\/\/holali.co.uk\/es\/wp-json\/wp\/v2\/product_cat?post=7287"},{"taxonomy":"product_tag","embeddable":true,"href":"https:\/\/holali.co.uk\/es\/wp-json\/wp\/v2\/product_tag?post=7287"}],"curies":[{"name":"wp","href":"https:\/\/api.w.org\/{rel}","templated":true}]}}