{"id":6833,"date":"2022-08-30T19:54:51","date_gmt":"2022-08-30T19:54:51","guid":{"rendered":"https:\/\/holali.local\/product\/loofah-soap-slice-115g-rough-ready-rose\/"},"modified":"2024-10-03T20:57:56","modified_gmt":"2024-10-03T20:57:56","slug":"jabon-barra-exfoliante-de-rosa","status":"publish","type":"product","link":"https:\/\/holali.co.uk\/es\/product\/rose-exfoliating-bar-soap\/","title":{"rendered":"Jab\u00f3n exfoliante de rosas"},"content":{"rendered":"<h2 dir=\"auto\" data-pm-slice=\"1 1 []\">El mejor jab\u00f3n exfoliante de rosas para pieles sensibles<\/h2>\n<p dir=\"auto\" data-pm-slice=\"1 1 []\">El jab\u00f3n en barra exfoliante de rosas es un jab\u00f3n de esponja de empaque \u00fanico, hecho con ingredientes totalmente naturales y org\u00e1nicos y huele a rosas.<\/p>\n<p dir=\"auto\" data-pm-slice=\"1 1 []\">La lufa, un tipo de planta que se cultiva por su tallo fino y suave con muchos nudos gruesos, est\u00e1 incrustada en el jab\u00f3n y puede utilizarse como exfoliante para la piel. Es ecol\u00f3gica, biodegradable y perfecta para el uso diario.<\/p>\n<p>CARACTER\u00cdSTICAS<br \/>\nTipos: Todas las pieles<br \/>\n\u00c1rea de cuidado: Cara Cuerpo<br \/>\nPeso: 115g aproximadamente<\/p>\n<p>NOTA: Comprar jab\u00f3n hecho a mano puede ser caro, pero este es asequible y sin parabenos, sin SLS y sin crueldad. Ofrecemos una variedad de jabones exfoliantes hechos con ingredientes naturales. El color o el dise\u00f1o pueden variar ligeramente de las fotos mostradas. Si desea saber m\u00e1s sobre nuestros productos, no dude en ponerse en contacto con nosotros en cualquier momento.<\/p>\n<p>\u00bfSabes qu\u00e9 es el jab\u00f3n de papel? Si no es as\u00ed, <a href=\"https:\/\/holali.co.uk\/es\/productos-de-bano\/jabones-naturales\/?wmc-currency=EUR\">S\u00d3LO TIENE QUE HACER CLIC AQU\u00cd<\/a><\/p>","protected":false},"excerpt":{"rendered":"<p>The Best Rose Exfoliating Bar Soap for Sensitive Skin Rose Exfoliating Bar Soap is a uniquely packaged loofah soap, made of all-natural, organic ingredients and smells like roses. The loofah, a type of plant that&#8217;s grown for its thin, soft stem with many thick nodes, is embedded in the soap and can be used as&#8230;<\/p>","protected":false},"featured_media":6834,"comment_status":"open","ping_status":"closed","template":"","meta":{"_kad_blocks_custom_css":"","_kad_blocks_head_custom_js":"","_kad_blocks_body_custom_js":"","_kad_blocks_footer_custom_js":"","_kad_post_transparent":"default","_kad_post_title":"","_kad_post_layout":"default","_kad_post_sidebar_id":"","_kad_post_content_style":"default","_kad_post_vertical_padding":"default","_kad_post_feature":"","_kad_post_feature_position":"","_kad_post_header":false,"_kad_post_footer":false,"_kad_post_classname":"","_daim_seo_power":"","_daim_enable_ail":""},"product_brand":[],"product_cat":[277],"product_tag":[],"class_list":{"0":"post-6833","1":"product","2":"type-product","3":"status-publish","4":"has-post-thumbnail","6":"product_cat-exfoliating-soaps","8":"first","9":"instock","10":"taxable","11":"shipping-taxable","12":"purchasable","13":"product-type-simple","14":"entry","15":"content-bg","16":"loop-entry"},"taxonomy_info":{"product_cat":[{"value":277,"label":"Exfoliating Soaps"}]},"featured_image_src_large":["https:\/\/holali.co.uk\/wp-content\/uploads\/2022\/08\/3824-3.jpeg",500,500,false],"author_info":[],"comment_info":0,"_links":{"self":[{"href":"https:\/\/holali.co.uk\/es\/wp-json\/wp\/v2\/product\/6833","targetHints":{"allow":["GET"]}}],"collection":[{"href":"https:\/\/holali.co.uk\/es\/wp-json\/wp\/v2\/product"}],"about":[{"href":"https:\/\/holali.co.uk\/es\/wp-json\/wp\/v2\/types\/product"}],"replies":[{"embeddable":true,"href":"https:\/\/holali.co.uk\/es\/wp-json\/wp\/v2\/comments?post=6833"}],"wp:featuredmedia":[{"embeddable":true,"href":"https:\/\/holali.co.uk\/es\/wp-json\/wp\/v2\/media\/6834"}],"wp:attachment":[{"href":"https:\/\/holali.co.uk\/es\/wp-json\/wp\/v2\/media?parent=6833"}],"wp:term":[{"taxonomy":"product_brand","embeddable":true,"href":"https:\/\/holali.co.uk\/es\/wp-json\/wp\/v2\/product_brand?post=6833"},{"taxonomy":"product_cat","embeddable":true,"href":"https:\/\/holali.co.uk\/es\/wp-json\/wp\/v2\/product_cat?post=6833"},{"taxonomy":"product_tag","embeddable":true,"href":"https:\/\/holali.co.uk\/es\/wp-json\/wp\/v2\/product_tag?post=6833"}],"curies":[{"name":"wp","href":"https:\/\/api.w.org\/{rel}","templated":true}]}}