{"id":6831,"date":"2022-08-30T19:54:51","date_gmt":"2022-08-30T19:54:51","guid":{"rendered":"https:\/\/holali.local\/product\/loofah-soap-slice-115g-mighty-mango-massage\/"},"modified":"2025-09-15T02:00:02","modified_gmt":"2025-09-15T02:00:02","slug":"jabon-barra-exfoliante-de-mango","status":"publish","type":"product","link":"https:\/\/holali.co.uk\/es\/product\/mango-exfoliating-bar-soap\/","title":{"rendered":"Jab\u00f3n Exfoliante de Mango"},"content":{"rendered":"<h2 dir=\"auto\" data-pm-slice=\"1 1 []\">Jab\u00f3n Exfoliante de Mango - Natural y sin qu\u00edmicos<\/h2>\n<p dir=\"auto\" data-pm-slice=\"1 1 []\">Es hora de deshacerse de su viejo jab\u00f3n y empezar a usar el Jab\u00f3n Exfoliante de Mango.<\/p>\n<p dir=\"auto\" data-pm-slice=\"1 1 []\">Fabricado con ingredientes puros 100%, este jab\u00f3n es la combinaci\u00f3n perfecta de esponja vegetal y jab\u00f3n. El lado de la esponja es ideal para fregar la suciedad y la grasa, mientras que el lado del jab\u00f3n hidrata la piel. Adem\u00e1s, huele muy bien.<\/p>\n<p>CARACTER\u00cdSTICAS<br \/>\nTipos: Todas las pieles<br \/>\n\u00c1rea de cuidado: Cara Cuerpo<br \/>\nPeso: 115g aproximadamente<\/p>\n<p>NOTE: Buying handmade soap can be expensive, but this one is affordable and paraben-free, SLS-free, and cruelty-free! We offer a variety of exfoliating <a href=\"https:\/\/holali.co.uk\/es\/producto\/fig-cassis-soap-bar-100g\/?wmc-currency=EUR\" title=\"Fig Soap Bar, Luscious Scent, 100% Natural\" target=\"_blank\" rel=\"noopener\"  data-wpil-monitor-id=\"1168\">soaps made with natural ingredients<\/a>. El color o el dise\u00f1o pueden variar ligeramente de las im\u00e1genes mostradas. Si desea saber m\u00e1s sobre nuestros productos, no dude en ponerse en contacto con nosotros en cualquier momento.<\/p>\n<p>\u00bfSabes qu\u00e9 es el jab\u00f3n de papel? Si no es as\u00ed, <a href=\"https:\/\/holali.co.uk\/es\/productos-de-bano\/jabones-naturales\/?wmc-currency=EUR\">S\u00d3LO TIENE QUE HACER CLIC AQU\u00cd<\/a><\/p>","protected":false},"excerpt":{"rendered":"<p>Mango Exfoliating Bar Soap &#8211; Natural &amp; Chemical Free It&#8217;s time to get rid of your old soap and start using Mango Exfoliating Bar Soap. Made with 100% pure ingredients, this soap is the perfect combination of a loofah and soap. The loofah side is great for scrubbing off dirt and oil, while the soap&#8230;<\/p>","protected":false},"featured_media":6832,"comment_status":"open","ping_status":"closed","template":"","meta":{"_kad_blocks_custom_css":"","_kad_blocks_head_custom_js":"","_kad_blocks_body_custom_js":"","_kad_blocks_footer_custom_js":"","_kad_post_transparent":"default","_kad_post_title":"","_kad_post_layout":"default","_kad_post_sidebar_id":"","_kad_post_content_style":"default","_kad_post_vertical_padding":"default","_kad_post_feature":"","_kad_post_feature_position":"","_kad_post_header":false,"_kad_post_footer":false,"_kad_post_classname":"","_daim_seo_power":"","_daim_enable_ail":""},"product_brand":[],"product_cat":[277],"product_tag":[],"class_list":{"0":"post-6831","1":"product","2":"type-product","3":"status-publish","4":"has-post-thumbnail","6":"product_cat-exfoliating-soaps","8":"first","9":"instock","10":"taxable","11":"shipping-taxable","12":"purchasable","13":"product-type-simple","14":"entry","15":"content-bg","16":"loop-entry"},"taxonomy_info":{"product_cat":[{"value":277,"label":"Exfoliating Soaps"}]},"featured_image_src_large":["https:\/\/holali.co.uk\/wp-content\/uploads\/2022\/08\/3822-3.jpeg",500,500,false],"author_info":[],"comment_info":0,"_links":{"self":[{"href":"https:\/\/holali.co.uk\/es\/wp-json\/wp\/v2\/product\/6831","targetHints":{"allow":["GET"]}}],"collection":[{"href":"https:\/\/holali.co.uk\/es\/wp-json\/wp\/v2\/product"}],"about":[{"href":"https:\/\/holali.co.uk\/es\/wp-json\/wp\/v2\/types\/product"}],"replies":[{"embeddable":true,"href":"https:\/\/holali.co.uk\/es\/wp-json\/wp\/v2\/comments?post=6831"}],"wp:featuredmedia":[{"embeddable":true,"href":"https:\/\/holali.co.uk\/es\/wp-json\/wp\/v2\/media\/6832"}],"wp:attachment":[{"href":"https:\/\/holali.co.uk\/es\/wp-json\/wp\/v2\/media?parent=6831"}],"wp:term":[{"taxonomy":"product_brand","embeddable":true,"href":"https:\/\/holali.co.uk\/es\/wp-json\/wp\/v2\/product_brand?post=6831"},{"taxonomy":"product_cat","embeddable":true,"href":"https:\/\/holali.co.uk\/es\/wp-json\/wp\/v2\/product_cat?post=6831"},{"taxonomy":"product_tag","embeddable":true,"href":"https:\/\/holali.co.uk\/es\/wp-json\/wp\/v2\/product_tag?post=6831"}],"curies":[{"name":"wp","href":"https:\/\/api.w.org\/{rel}","templated":true}]}}