{"id":6829,"date":"2022-08-30T19:54:50","date_gmt":"2022-08-30T19:54:50","guid":{"rendered":"https:\/\/holali.local\/product\/loofah-soap-slice-115g-lime-tyme-toughy\/"},"modified":"2025-11-08T20:14:03","modified_gmt":"2025-11-08T20:14:03","slug":"jabon-barra-exfoliante-de-cal","status":"publish","type":"product","link":"https:\/\/holali.co.uk\/es\/product\/tymes-exfoliating-bar-soap\/","title":{"rendered":"Jab\u00f3n en barra exfoliante de Lime and Tyme"},"content":{"rendered":"<h2 dir=\"auto\" data-pm-slice=\"1 1 []\">Jab\u00f3n exfoliante en barra de Lime and Tyme - Jab\u00f3n de lufa<\/h2>\n<p dir=\"auto\" data-pm-slice=\"1 1 []\">\u00a1Has estado usando el jab\u00f3n equivocado todo este tiempo! Es hora de limpiarse o exfoliarse bien. Deshazte de los productos qu\u00edmicos para siempre con el jab\u00f3n exfoliante en barra de Lime and Tyme.<\/p>\n<p dir=\"auto\" data-pm-slice=\"1 1 []\">Our loofah <a href=\"https:\/\/holali.co.uk\/es\/producto\/14-rosas-de-jabon-rojo-la-forma-perfecta-de-demostrar-tu-amor\/?wmc-currency=EUR\" title=\"14 Rosas rojas de jab\u00f3n: La forma perfecta de demostrar su amor\"  data-wpil-monitor-id=\"226\">soap is the perfect way<\/a> to get rid of those pesky dry patches and leaves you feeling refreshed and moisturized.<\/p>\n<p>CARACTER\u00cdSTICAS<br \/>\nTipos: Todas las pieles<br \/>\n\u00c1rea de cuidado: Cara Cuerpo<br \/>\nPeso: 115g aproximadamente<\/p>\n<p>NOTE: Buying handmade soap can be expensive, but this one is affordable and paraben-free, SLS-free, and cruelty-free! We offer a variety of exfoliating <a href=\"https:\/\/holali.co.uk\/es\/producto\/mango-jabon-en-una-cuerda\/?wmc-currency=EUR\" title=\"Jab\u00f3n de mango en una cuerda\" target=\"_blank\" rel=\"noopener\"  data-wpil-monitor-id=\"1357\">soaps made with natural ingredients<\/a>. El color o el dise\u00f1o pueden variar ligeramente de las im\u00e1genes mostradas. Si desea saber m\u00e1s sobre nuestros productos, no dude en ponerse en contacto con nosotros en cualquier momento.<\/p>\n<p>\u00bfSabes qu\u00e9 es el jab\u00f3n de papel? Si no es as\u00ed, <a href=\"https:\/\/holali.co.uk\/es\/productos-de-bano\/jabones-naturales\/?wmc-currency=EUR\">S\u00d3LO TIENE QUE HACER CLIC AQU\u00cd<\/a><\/p>","protected":false},"excerpt":{"rendered":"<p>Lime and Tyme&#8217;s Exfoliating Bar Soap &#8211; Loofah Soap You&#8217;ve been using the wrong soap all this time! It&#8217;s time to get clean or scrub well. Ditch the chemicals forever with Lime and Tyme&#8217;s exfoliating bar soap. Our loofah soap is the perfect way to get rid of those pesky dry patches and leaves you&#8230;<\/p>","protected":false},"featured_media":6830,"comment_status":"open","ping_status":"closed","template":"","meta":{"_kad_blocks_custom_css":"","_kad_blocks_head_custom_js":"","_kad_blocks_body_custom_js":"","_kad_blocks_footer_custom_js":"","_kad_post_transparent":"default","_kad_post_title":"","_kad_post_layout":"default","_kad_post_sidebar_id":"","_kad_post_content_style":"default","_kad_post_vertical_padding":"default","_kad_post_feature":"","_kad_post_feature_position":"","_kad_post_header":false,"_kad_post_footer":false,"_kad_post_classname":"","_daim_seo_power":"","_daim_enable_ail":""},"product_brand":[],"product_cat":[277],"product_tag":[],"class_list":{"0":"post-6829","1":"product","2":"type-product","3":"status-publish","4":"has-post-thumbnail","6":"product_cat-exfoliating-soaps","8":"first","9":"instock","10":"taxable","11":"shipping-taxable","12":"purchasable","13":"product-type-simple","14":"entry","15":"content-bg","16":"loop-entry"},"taxonomy_info":{"product_cat":[{"value":277,"label":"Exfoliating Soaps"}]},"featured_image_src_large":["https:\/\/holali.co.uk\/wp-content\/uploads\/2022\/08\/3820-3.jpeg",500,500,false],"author_info":[],"comment_info":0,"_links":{"self":[{"href":"https:\/\/holali.co.uk\/es\/wp-json\/wp\/v2\/product\/6829","targetHints":{"allow":["GET"]}}],"collection":[{"href":"https:\/\/holali.co.uk\/es\/wp-json\/wp\/v2\/product"}],"about":[{"href":"https:\/\/holali.co.uk\/es\/wp-json\/wp\/v2\/types\/product"}],"replies":[{"embeddable":true,"href":"https:\/\/holali.co.uk\/es\/wp-json\/wp\/v2\/comments?post=6829"}],"wp:featuredmedia":[{"embeddable":true,"href":"https:\/\/holali.co.uk\/es\/wp-json\/wp\/v2\/media\/6830"}],"wp:attachment":[{"href":"https:\/\/holali.co.uk\/es\/wp-json\/wp\/v2\/media?parent=6829"}],"wp:term":[{"taxonomy":"product_brand","embeddable":true,"href":"https:\/\/holali.co.uk\/es\/wp-json\/wp\/v2\/product_brand?post=6829"},{"taxonomy":"product_cat","embeddable":true,"href":"https:\/\/holali.co.uk\/es\/wp-json\/wp\/v2\/product_cat?post=6829"},{"taxonomy":"product_tag","embeddable":true,"href":"https:\/\/holali.co.uk\/es\/wp-json\/wp\/v2\/product_tag?post=6829"}],"curies":[{"name":"wp","href":"https:\/\/api.w.org\/{rel}","templated":true}]}}