{"id":6827,"date":"2022-08-30T19:54:50","date_gmt":"2022-08-30T19:54:50","guid":{"rendered":"https:\/\/holali.local\/product\/loofah-soap-slice-115g-a-right-raspberry-rub\/"},"modified":"2024-10-03T20:57:56","modified_gmt":"2024-10-03T20:57:56","slug":"jabon-barra-exfoliante-frambuesa","status":"publish","type":"product","link":"https:\/\/holali.co.uk\/es\/product\/raspberry-exfoliating-bar-soap\/","title":{"rendered":"Jab\u00f3n exfoliante de frambuesa"},"content":{"rendered":"<h2 dir=\"auto\" data-pm-slice=\"1 1 []\">Jab\u00f3n exfoliante en barra de frambuesa - Consigue un tono de piel m\u00e1s luminoso y radiante<\/h2>\n<p dir=\"auto\" data-pm-slice=\"1 1 []\">Raspberry Exfoliating Bar Soap es un jab\u00f3n multiusos. Es un jab\u00f3n esponjoso que exfolia suavemente y calma la piel. Estimula la circulaci\u00f3n sangu\u00ednea, limpia los poros y reduce la inflamaci\u00f3n.<\/p>\n<p dir=\"auto\" data-pm-slice=\"1 1 []\">Le encantar\u00e1 la sensaci\u00f3n de suavidad y tersura que deja en la piel, sin sequedad ni irritaci\u00f3n. Junto con el lavado facial y la crema hidratante adecuados, dejar\u00e1 tu piel sana y revitalizada.<\/p>\n<p>CARACTER\u00cdSTICAS<br \/>\nTipos: Todas las pieles<br \/>\n\u00c1rea de cuidado: Cara Cuerpo<br \/>\nPeso: 115g aproximadamente<\/p>\n<p>NOTA: Comprar jab\u00f3n hecho a mano puede ser caro, pero este es asequible y sin parabenos, sin SLS y sin crueldad. Ofrecemos una variedad de jabones exfoliantes hechos con ingredientes naturales. El color o el dise\u00f1o pueden variar ligeramente de las fotos mostradas. Si desea saber m\u00e1s sobre nuestros productos, no dude en ponerse en contacto con nosotros en cualquier momento.<\/p>\n<p>\u00bfSabes qu\u00e9 es el jab\u00f3n de papel? Si no es as\u00ed, <a href=\"https:\/\/holali.co.uk\/es\/categoria-de-producto\/cuidado-del-cuerpo\/productos-para-el-cuidado-de-la-piel\/paper-soap\/?wmc-currency=EUR\">S\u00d3LO TIENE QUE HACER CLIC AQU\u00cd<\/a><\/p>","protected":false},"excerpt":{"rendered":"<p>Raspberry Exfoliating Bar Soap &#8211; Get a Brighter and Radiant Skin Tone Raspberry Exfoliating Bar Soap is a multipurpose soap. It&#8217;s a loofah soap that gently exfoliates and soothes skin. It stimulates blood circulation, clears pores, and reduces inflammation! You&#8217;ll love how it leaves your skin feeling soft and smooth without any dryness or irritation&#8230;.<\/p>","protected":false},"featured_media":6828,"comment_status":"open","ping_status":"closed","template":"","meta":{"_kad_blocks_custom_css":"","_kad_blocks_head_custom_js":"","_kad_blocks_body_custom_js":"","_kad_blocks_footer_custom_js":"","_kad_post_transparent":"default","_kad_post_title":"","_kad_post_layout":"default","_kad_post_sidebar_id":"","_kad_post_content_style":"default","_kad_post_vertical_padding":"default","_kad_post_feature":"","_kad_post_feature_position":"","_kad_post_header":false,"_kad_post_footer":false,"_kad_post_classname":"","_daim_seo_power":"","_daim_enable_ail":""},"product_brand":[],"product_cat":[277],"product_tag":[],"class_list":{"0":"post-6827","1":"product","2":"type-product","3":"status-publish","4":"has-post-thumbnail","6":"product_cat-exfoliating-soaps","8":"first","9":"instock","10":"taxable","11":"shipping-taxable","12":"purchasable","13":"product-type-simple","14":"entry","15":"content-bg","16":"loop-entry"},"taxonomy_info":{"product_cat":[{"value":277,"label":"Exfoliating Soaps"}]},"featured_image_src_large":["https:\/\/holali.co.uk\/wp-content\/uploads\/2022\/08\/3818-3.jpeg",500,500,false],"author_info":[],"comment_info":0,"_links":{"self":[{"href":"https:\/\/holali.co.uk\/es\/wp-json\/wp\/v2\/product\/6827","targetHints":{"allow":["GET"]}}],"collection":[{"href":"https:\/\/holali.co.uk\/es\/wp-json\/wp\/v2\/product"}],"about":[{"href":"https:\/\/holali.co.uk\/es\/wp-json\/wp\/v2\/types\/product"}],"replies":[{"embeddable":true,"href":"https:\/\/holali.co.uk\/es\/wp-json\/wp\/v2\/comments?post=6827"}],"wp:featuredmedia":[{"embeddable":true,"href":"https:\/\/holali.co.uk\/es\/wp-json\/wp\/v2\/media\/6828"}],"wp:attachment":[{"href":"https:\/\/holali.co.uk\/es\/wp-json\/wp\/v2\/media?parent=6827"}],"wp:term":[{"taxonomy":"product_brand","embeddable":true,"href":"https:\/\/holali.co.uk\/es\/wp-json\/wp\/v2\/product_brand?post=6827"},{"taxonomy":"product_cat","embeddable":true,"href":"https:\/\/holali.co.uk\/es\/wp-json\/wp\/v2\/product_cat?post=6827"},{"taxonomy":"product_tag","embeddable":true,"href":"https:\/\/holali.co.uk\/es\/wp-json\/wp\/v2\/product_tag?post=6827"}],"curies":[{"name":"wp","href":"https:\/\/api.w.org\/{rel}","templated":true}]}}