{"id":6817,"date":"2022-08-30T19:54:48","date_gmt":"2022-08-30T19:54:48","guid":{"rendered":"https:\/\/holali.local\/product\/loofah-soap-slice-100g-lavender\/"},"modified":"2025-09-15T02:12:10","modified_gmt":"2025-09-15T02:12:10","slug":"jabon-exfoliante-de-lavanda","status":"publish","type":"product","link":"https:\/\/holali.co.uk\/es\/product\/lavender-exfoliating-soap\/","title":{"rendered":"Jab\u00f3n exfoliante de lavanda"},"content":{"rendered":"<h2 dir=\"auto\" data-pm-slice=\"1 1 []\">Jab\u00f3n exfoliante casero de lavanda<\/h2>\n<p dir=\"auto\" data-pm-slice=\"1 1 []\">Nuestro jab\u00f3n exfoliante de lavanda ayuda a eliminar las c\u00e9lulas muertas y a mejorar la textura de la piel, al tiempo que elimina el exceso de grasa del rostro.<\/p>\n<p dir=\"auto\" data-pm-slice=\"1 1 []\">Es lo suficientemente suave como para usarlo en todo el cuerpo y no lo despojar\u00e1 de sus aceites naturales, as\u00ed que puedes usarlo tan a menudo como quieras.<\/p>\n<p>El jab\u00f3n de lufa es una forma estupenda de exfoliar la piel. La fibra de lufa procede de la planta luffa, que es de la familia del pepino. Una vez que est\u00e1 completamente limpia, la fibra puede secarse.<\/p>\n<p>CARACTER\u00cdSTICAS<br \/>\nTipos: Todas las pieles<br \/>\n\u00c1rea de cuidado: Cara Cuerpo<br \/>\nPeso: 100g aproximadamente<\/p>\n<p>NOTE: Buying handmade soap can be expensive, but this one is affordable and paraben-free, and cruelty-free! We offer a variety of <a href=\"https:\/\/holali.co.uk\/es\/producto\/jabon-exfoliante-de-uva\/?wmc-currency=EUR\" title=\"Jab\u00f3n exfoliante de uva\" target=\"_blank\" rel=\"noopener\"  data-wpil-monitor-id=\"1207\">exfoliating soaps made with natural ingredients<\/a>. El color o el dise\u00f1o pueden variar ligeramente de las im\u00e1genes mostradas. Si desea saber m\u00e1s sobre nuestros productos, no dude en ponerse en contacto con nosotros en cualquier momento.<\/p>\n<p>\u00bfSabes qu\u00e9 es el jab\u00f3n de papel? Si no es as\u00ed, <a href=\"https:\/\/holali.co.uk\/es\/categoria-de-producto\/cuidado-del-cuerpo\/productos-para-el-cuidado-de-la-piel\/paper-soap\/?wmc-currency=EUR\">S\u00d3LO TIENE QUE HACER CLIC AQU\u00cd<\/a><\/p>","protected":false},"excerpt":{"rendered":"<p>Home-Made Lavender Exfoliating Soap Our lavender exfoliating soap helps remove dead skin cells and improve the texture of your skin while removing any excess oils on your face. It&#8217;s gentle enough to use on your entire body and won&#8217;t strip it of its natural oils, so you can use it as often as you like!&#8230;<\/p>","protected":false},"featured_media":6818,"comment_status":"open","ping_status":"closed","template":"","meta":{"_kad_blocks_custom_css":"","_kad_blocks_head_custom_js":"","_kad_blocks_body_custom_js":"","_kad_blocks_footer_custom_js":"","_kad_post_transparent":"default","_kad_post_title":"","_kad_post_layout":"default","_kad_post_sidebar_id":"","_kad_post_content_style":"default","_kad_post_vertical_padding":"default","_kad_post_feature":"","_kad_post_feature_position":"","_kad_post_header":false,"_kad_post_footer":false,"_kad_post_classname":"","_daim_seo_power":"","_daim_enable_ail":""},"product_brand":[],"product_cat":[277],"product_tag":[],"class_list":{"0":"post-6817","1":"product","2":"type-product","3":"status-publish","4":"has-post-thumbnail","6":"product_cat-exfoliating-soaps","8":"first","9":"instock","10":"taxable","11":"shipping-taxable","12":"purchasable","13":"product-type-simple","14":"entry","15":"content-bg","16":"loop-entry"},"taxonomy_info":{"product_cat":[{"value":277,"label":"Exfoliating Soaps"}]},"featured_image_src_large":["https:\/\/holali.co.uk\/wp-content\/uploads\/2022\/08\/189504-1.jpeg",572,572,false],"author_info":[],"comment_info":0,"_links":{"self":[{"href":"https:\/\/holali.co.uk\/es\/wp-json\/wp\/v2\/product\/6817","targetHints":{"allow":["GET"]}}],"collection":[{"href":"https:\/\/holali.co.uk\/es\/wp-json\/wp\/v2\/product"}],"about":[{"href":"https:\/\/holali.co.uk\/es\/wp-json\/wp\/v2\/types\/product"}],"replies":[{"embeddable":true,"href":"https:\/\/holali.co.uk\/es\/wp-json\/wp\/v2\/comments?post=6817"}],"wp:featuredmedia":[{"embeddable":true,"href":"https:\/\/holali.co.uk\/es\/wp-json\/wp\/v2\/media\/6818"}],"wp:attachment":[{"href":"https:\/\/holali.co.uk\/es\/wp-json\/wp\/v2\/media?parent=6817"}],"wp:term":[{"taxonomy":"product_brand","embeddable":true,"href":"https:\/\/holali.co.uk\/es\/wp-json\/wp\/v2\/product_brand?post=6817"},{"taxonomy":"product_cat","embeddable":true,"href":"https:\/\/holali.co.uk\/es\/wp-json\/wp\/v2\/product_cat?post=6817"},{"taxonomy":"product_tag","embeddable":true,"href":"https:\/\/holali.co.uk\/es\/wp-json\/wp\/v2\/product_tag?post=6817"}],"curies":[{"name":"wp","href":"https:\/\/api.w.org\/{rel}","templated":true}]}}