{"id":6815,"date":"2022-08-30T19:54:48","date_gmt":"2022-08-30T19:54:48","guid":{"rendered":"https:\/\/holali.local\/product\/loofah-soap-slice-100g-grape\/"},"modified":"2024-10-03T20:57:56","modified_gmt":"2024-10-03T20:57:56","slug":"jabon-exfoliante-de-uva","status":"publish","type":"product","link":"https:\/\/holali.co.uk\/es\/product\/grape-exfoliating-soap\/","title":{"rendered":"Jab\u00f3n exfoliante de uva"},"content":{"rendered":"<h2 dir=\"auto\" data-pm-slice=\"1 1 []\">Lujoso jab\u00f3n exfoliante de uva para todo tipo de pieles<\/h2>\n<p dir=\"auto\" data-pm-slice=\"1 1 []\">\u00a1Prep\u00e1rate para el exfoliante que estabas esperando! El jab\u00f3n exfoliante de uva elimina suavemente las c\u00e9lulas muertas de la piel, dej\u00e1ndola fresca y suave. Con ingredientes naturales como el aceite de semilla de uva y el extracto de pomelo, este jab\u00f3n est\u00e1 hecho para un estilo de vida saludable.<\/p>\n<p>Esponja vegetal <a href=\"https:\/\/holali.co.uk\/es\/producto\/jabon-barra-exfoliante-de-rosa\/?wmc-currency=EUR\" title=\"Jab\u00f3n exfoliante de rosas\"  data-wpil-monitor-id=\"418\">soap is a great way to exfoliate<\/a> your skin. The loofah fiber is from the luffa plant, which is in the cucumber family. Once it is completely clean, the fiber can be dried out.<\/p>\n<p>CARACTER\u00cdSTICAS<br \/>\nTipos: Todas las pieles<br \/>\n\u00c1rea de cuidado: Cara Cuerpo<br \/>\nPeso: 100g aproximadamente<\/p>\n<p>NOTA: Comprar jab\u00f3n hecho a mano puede ser caro, pero este es asequible y est\u00e1 libre de parabenos, \u00a1y de crueldad! Ofrecemos una variedad de jabones exfoliantes hechos con ingredientes naturales. El color o el dise\u00f1o pueden variar ligeramente de las fotos mostradas. Si desea saber m\u00e1s sobre nuestros productos, no dude en ponerse en contacto con nosotros en cualquier momento.<\/p>\n<p>\u00bfSabes qu\u00e9 es el jab\u00f3n de papel? Si no es as\u00ed, <a href=\"https:\/\/holali.co.uk\/es\/categoria-de-producto\/cuidado-del-cuerpo\/productos-para-el-cuidado-de-la-piel\/paper-soap\/?wmc-currency=EUR\">S\u00d3LO TIENE QUE HACER CLIC AQU\u00cd<\/a><\/p>","protected":false},"excerpt":{"rendered":"<p>Luxurious Grape Exfoliating Soap for All Skin Types Get ready for the scrub you&#8217;ve been waiting for! Grape Exfoliating Soap gently removes dead skin cells, leaving your skin feeling fresh and smooth. With natural ingredients like grapeseed oil and grapefruit extract, this soap is made for a healthy lifestyle. Loofah soap is a great way&#8230;<\/p>","protected":false},"featured_media":6816,"comment_status":"open","ping_status":"closed","template":"","meta":{"_kad_blocks_custom_css":"","_kad_blocks_head_custom_js":"","_kad_blocks_body_custom_js":"","_kad_blocks_footer_custom_js":"","_kad_post_transparent":"default","_kad_post_title":"","_kad_post_layout":"default","_kad_post_sidebar_id":"","_kad_post_content_style":"default","_kad_post_vertical_padding":"default","_kad_post_feature":"","_kad_post_feature_position":"","_kad_post_header":false,"_kad_post_footer":false,"_kad_post_classname":"","_daim_seo_power":"","_daim_enable_ail":""},"product_brand":[],"product_cat":[277],"product_tag":[],"class_list":{"0":"post-6815","1":"product","2":"type-product","3":"status-publish","4":"has-post-thumbnail","6":"product_cat-exfoliating-soaps","8":"first","9":"instock","10":"taxable","11":"shipping-taxable","12":"purchasable","13":"product-type-simple","14":"entry","15":"content-bg","16":"loop-entry"},"taxonomy_info":{"product_cat":[{"value":277,"label":"Exfoliating Soaps"}]},"featured_image_src_large":["https:\/\/holali.co.uk\/wp-content\/uploads\/2022\/08\/189503-1.jpeg",577,576,false],"author_info":[],"comment_info":0,"_links":{"self":[{"href":"https:\/\/holali.co.uk\/es\/wp-json\/wp\/v2\/product\/6815","targetHints":{"allow":["GET"]}}],"collection":[{"href":"https:\/\/holali.co.uk\/es\/wp-json\/wp\/v2\/product"}],"about":[{"href":"https:\/\/holali.co.uk\/es\/wp-json\/wp\/v2\/types\/product"}],"replies":[{"embeddable":true,"href":"https:\/\/holali.co.uk\/es\/wp-json\/wp\/v2\/comments?post=6815"}],"wp:featuredmedia":[{"embeddable":true,"href":"https:\/\/holali.co.uk\/es\/wp-json\/wp\/v2\/media\/6816"}],"wp:attachment":[{"href":"https:\/\/holali.co.uk\/es\/wp-json\/wp\/v2\/media?parent=6815"}],"wp:term":[{"taxonomy":"product_brand","embeddable":true,"href":"https:\/\/holali.co.uk\/es\/wp-json\/wp\/v2\/product_brand?post=6815"},{"taxonomy":"product_cat","embeddable":true,"href":"https:\/\/holali.co.uk\/es\/wp-json\/wp\/v2\/product_cat?post=6815"},{"taxonomy":"product_tag","embeddable":true,"href":"https:\/\/holali.co.uk\/es\/wp-json\/wp\/v2\/product_tag?post=6815"}],"curies":[{"name":"wp","href":"https:\/\/api.w.org\/{rel}","templated":true}]}}