{"id":6811,"date":"2022-08-30T19:54:47","date_gmt":"2022-08-30T19:54:47","guid":{"rendered":"https:\/\/holali.local\/product\/loofah-soap-slice-100g-strawberry\/"},"modified":"2025-09-15T02:12:11","modified_gmt":"2025-09-15T02:12:11","slug":"jabon-exfoliante-de-fresa","status":"publish","type":"product","link":"https:\/\/holali.co.uk\/es\/product\/strawberry-exfoliating-soap\/","title":{"rendered":"Jab\u00f3n exfoliante de fresa"},"content":{"rendered":"<h2 dir=\"auto\" data-pm-slice=\"1 1 []\">Actualiza tu rutina de belleza con el jab\u00f3n exfoliante de fresa<\/h2>\n<p dir=\"auto\" data-pm-slice=\"1 1 []\">Las fresas son un elemento b\u00e1sico en la mayor\u00eda de los postres helados del mundo, y ahora tambi\u00e9n se est\u00e1n convirtiendo en las favoritas de la ducha.<\/p>\n<p dir=\"auto\" data-pm-slice=\"1 1 []\">Nuestro jab\u00f3n exfoliante de fresa le dejar\u00e1 una piel suave y un dulce aroma. Nuestro jab\u00f3n est\u00e1 mezclado con extractos naturales y los aceites de la planta de la fresa para que experimentes todos los beneficios que ofrecen las fresas.<\/p>\n<p>Loofah soap is a <a href=\"https:\/\/holali.co.uk\/es\/producto\/jabon-exfoliante-de-uva\/?wmc-currency=EUR\" title=\"Jab\u00f3n exfoliante de uva\" target=\"_blank\" rel=\"noopener\"  data-wpil-monitor-id=\"1210\">great way to exfoliate<\/a> your skin. The loofah fiber is from the luffa plant, which is in the cucumber family. Once it is completely clean, the fiber can be dried out.<\/p>\n<p>CARACTER\u00cdSTICAS<br \/>\nTipos: Todas las pieles<br \/>\n\u00c1rea de cuidado: Cara Cuerpo<br \/>\nPeso: 100g aproximadamente<\/p>\n<p>NOTE: Buying handmade soap can be expensive, but this one is affordable and paraben-free, and cruelty-free! We offer a variety of exfoliating <a href=\"https:\/\/holali.co.uk\/es\/producto\/jabones-hechos-a-mano-con-fresa\/?wmc-currency=EUR\" title=\"Jabones hechos a mano con fresa\" target=\"_blank\" rel=\"noopener\"  data-wpil-monitor-id=\"1195\">soaps made with natural ingredients<\/a>. El color o el dise\u00f1o pueden variar ligeramente de las im\u00e1genes mostradas. Si desea saber m\u00e1s sobre nuestros productos, no dude en ponerse en contacto con nosotros en cualquier momento.<\/p>\n<p>\u00bfSabes qu\u00e9 es el jab\u00f3n de papel? Si no es as\u00ed, <a href=\"https:\/\/holali.co.uk\/es\/categoria-de-producto\/cuidado-del-cuerpo\/productos-para-el-cuidado-de-la-piel\/paper-soap\/?wmc-currency=EUR\">S\u00d3LO TIENE QUE HACER CLIC AQU\u00cd<\/a><\/p>","protected":false},"excerpt":{"rendered":"<p>Upgrade your Beauty Routine with Strawberry Exfoliating Soap Strawberries are a staple in most of the world&#8217;s iced desserts, and now they&#8217;re also turning out to be a favorite in your shower. Our Strawberry Exfoliating Soap will leave you with smooth skin and a sweet scent. Our soap is blended with natural extracts and the&#8230;<\/p>","protected":false},"featured_media":6812,"comment_status":"open","ping_status":"closed","template":"","meta":{"_kad_blocks_custom_css":"","_kad_blocks_head_custom_js":"","_kad_blocks_body_custom_js":"","_kad_blocks_footer_custom_js":"","_kad_post_transparent":"default","_kad_post_title":"","_kad_post_layout":"default","_kad_post_sidebar_id":"","_kad_post_content_style":"default","_kad_post_vertical_padding":"default","_kad_post_feature":"","_kad_post_feature_position":"","_kad_post_header":false,"_kad_post_footer":false,"_kad_post_classname":"","_daim_seo_power":"","_daim_enable_ail":""},"product_brand":[],"product_cat":[277],"product_tag":[],"class_list":{"0":"post-6811","1":"product","2":"type-product","3":"status-publish","4":"has-post-thumbnail","6":"product_cat-exfoliating-soaps","8":"first","9":"instock","10":"taxable","11":"shipping-taxable","12":"purchasable","13":"product-type-simple","14":"entry","15":"content-bg","16":"loop-entry"},"taxonomy_info":{"product_cat":[{"value":277,"label":"Exfoliating Soaps"}]},"featured_image_src_large":["https:\/\/holali.co.uk\/wp-content\/uploads\/2022\/08\/189502-1.jpeg",607,607,false],"author_info":[],"comment_info":0,"_links":{"self":[{"href":"https:\/\/holali.co.uk\/es\/wp-json\/wp\/v2\/product\/6811","targetHints":{"allow":["GET"]}}],"collection":[{"href":"https:\/\/holali.co.uk\/es\/wp-json\/wp\/v2\/product"}],"about":[{"href":"https:\/\/holali.co.uk\/es\/wp-json\/wp\/v2\/types\/product"}],"replies":[{"embeddable":true,"href":"https:\/\/holali.co.uk\/es\/wp-json\/wp\/v2\/comments?post=6811"}],"wp:featuredmedia":[{"embeddable":true,"href":"https:\/\/holali.co.uk\/es\/wp-json\/wp\/v2\/media\/6812"}],"wp:attachment":[{"href":"https:\/\/holali.co.uk\/es\/wp-json\/wp\/v2\/media?parent=6811"}],"wp:term":[{"taxonomy":"product_brand","embeddable":true,"href":"https:\/\/holali.co.uk\/es\/wp-json\/wp\/v2\/product_brand?post=6811"},{"taxonomy":"product_cat","embeddable":true,"href":"https:\/\/holali.co.uk\/es\/wp-json\/wp\/v2\/product_cat?post=6811"},{"taxonomy":"product_tag","embeddable":true,"href":"https:\/\/holali.co.uk\/es\/wp-json\/wp\/v2\/product_tag?post=6811"}],"curies":[{"name":"wp","href":"https:\/\/api.w.org\/{rel}","templated":true}]}}