{"id":6743,"date":"2022-08-30T19:54:31","date_gmt":"2022-08-30T19:54:31","guid":{"rendered":"https:\/\/holali.local\/product\/solid-shampoo-bar-60g-rhubarb\/"},"modified":"2025-07-18T22:06:24","modified_gmt":"2025-07-18T22:06:24","slug":"barra-de-champu-de-ruibarbo-etique","status":"publish","type":"product","link":"https:\/\/holali.co.uk\/es\/product\/solid-shampoo-and-conditioner\/","title":{"rendered":"Champ\u00fa y acondicionador s\u00f3lidos para un cabello sano"},"content":{"rendered":"<h2>Champ\u00fa y acondicionador s\u00f3lidos para un cabello sano<\/h2>\n<p>El champ\u00fa y el acondicionador de ruibarbo s\u00f3lidos son imprescindibles para el cuidado del cabello. Nuestro champ\u00fa acondicionador de ruibarbo hace que su cabello sea suave, brillante y tambi\u00e9n desprovisto de acumulaci\u00f3n.<\/p>\n<p>Asimismo, refuerza el cabello, as\u00ed como observar\u00e1 que no necesita lavarse el pelo con un acondicionador, y tambi\u00e9n es lo suficientemente ligero para viajar.<\/p>\n<p>Un estudio reciente ha descubierto que los productos s\u00f3lidos de champ\u00fa y acondicionador pueden ser m\u00e1s beneficiosos que los l\u00edquidos.<\/p>\n<p>The study was conducted by a group of scientists from the University of Southern California who set out to test the efficacy of solid <a href=\"https:\/\/holali.co.uk\/es\/producto\/barra-de-champu-de-moras-negras-y-eticas\/?wmc-currency=EUR\" title=\"Barras de champ\u00fa y acondicionador de frambuesa negra incre\u00edbles\"  data-wpil-monitor-id=\"427\">shampoo and solid conditioner bars<\/a>.<\/p>\n<p>Descubrieron que estos productos eran m\u00e1s eficaces para tratar la ca\u00edda del cabello y los problemas del cuero cabelludo, como la caspa, as\u00ed como para mejorar la calidad del cabello.<\/p>\n<p>Los investigadores tambi\u00e9n descubrieron que las barras de champ\u00fa eran capaces de penetrar profundamente en el cuero cabelludo, lo que llev\u00f3 a una mejor tasa de absorci\u00f3n de ambos ingredientes.<\/p>\n<h6>CARACTER\u00cdSTICAS DE NUESTRO CHAMP\u00da DE RUIBARBO<\/h6>\n<ul>\n<li>Es apto para todo tipo de cabellos, incluidos los secos, los rizados, los grasos y los te\u00f1idos<\/li>\n<li>Funciona bien con agua caliente<\/li>\n<li>Sin SLS, SLES ni parabenos<\/li>\n<li>Eco-Friendly<\/li>\n<li>Los veganos y los vegetarianos tambi\u00e9n pueden disfrutarlo.<\/li>\n<li>pruebas en contra de los animales<\/li>\n<li>Sin crueldad<\/li>\n<li>Sin pl\u00e1stico<\/li>\n<li>Peso: 60g<\/li>\n<\/ul>\n<p>NOTA: El color o el dise\u00f1o pueden variar ligeramente de las im\u00e1genes mostradas. Si desea saber m\u00e1s sobre nuestros productos, no dude en ponerse en contacto con nosotros en cualquier momento.<\/p>\n<p>\u00bfBuscando una gran idea? <a href=\"https:\/\/holali.co.uk\/es\/categoria-de-producto\/cuidado-del-cuerpo\/productos-para-el-cuidado-de-la-piel\/paper-soap\/?wmc-currency=EUR\" target=\"_blank\" rel=\"noopener noreferrer\">S\u00d3LO TIENE QUE HACER CLIC AQU\u00cd<\/a><\/p>","protected":false},"excerpt":{"rendered":"<p>Solid Shampoo and Conditioner For Healthy Hair Rhubarb Solid shampoo and conditioner\u00a0it&#8217;s the must-have for hair care. Our Rhubarb conditioner soap shampoo makes your hair smooth, shiny, and also devoid of build-up. It likewise reinforces your hair, as well as you&#8217;ll observe that you don&#8217;t need to wash your hair with a conditioner, and also&#8230;<\/p>","protected":false},"featured_media":6744,"comment_status":"open","ping_status":"closed","template":"","meta":{"_kad_blocks_custom_css":"","_kad_blocks_head_custom_js":"","_kad_blocks_body_custom_js":"","_kad_blocks_footer_custom_js":"","_kad_post_transparent":"default","_kad_post_title":"","_kad_post_layout":"default","_kad_post_sidebar_id":"","_kad_post_content_style":"default","_kad_post_vertical_padding":"default","_kad_post_feature":"","_kad_post_feature_position":"","_kad_post_header":false,"_kad_post_footer":false,"_kad_post_classname":"","_daim_seo_power":"","_daim_enable_ail":""},"product_brand":[],"product_cat":[480,700],"product_tag":[],"class_list":{"0":"post-6743","1":"product","2":"type-product","3":"status-publish","4":"has-post-thumbnail","6":"product_cat-eco-friendly-shampoo-bar","7":"product_cat-friendly-shampoo-bar","9":"first","10":"instock","11":"taxable","12":"shipping-taxable","13":"purchasable","14":"product-type-simple","15":"entry","16":"content-bg","17":"loop-entry"},"taxonomy_info":{"product_cat":[{"value":480,"label":"Eco-Friendly Shampoo Bar"},{"value":700,"label":"Friendly Shampoo Bar"}]},"featured_image_src_large":["https:\/\/holali.co.uk\/wp-content\/uploads\/2022\/08\/196458.jpeg",828,828,false],"author_info":[],"comment_info":0,"_links":{"self":[{"href":"https:\/\/holali.co.uk\/es\/wp-json\/wp\/v2\/product\/6743","targetHints":{"allow":["GET"]}}],"collection":[{"href":"https:\/\/holali.co.uk\/es\/wp-json\/wp\/v2\/product"}],"about":[{"href":"https:\/\/holali.co.uk\/es\/wp-json\/wp\/v2\/types\/product"}],"replies":[{"embeddable":true,"href":"https:\/\/holali.co.uk\/es\/wp-json\/wp\/v2\/comments?post=6743"}],"wp:featuredmedia":[{"embeddable":true,"href":"https:\/\/holali.co.uk\/es\/wp-json\/wp\/v2\/media\/6744"}],"wp:attachment":[{"href":"https:\/\/holali.co.uk\/es\/wp-json\/wp\/v2\/media?parent=6743"}],"wp:term":[{"taxonomy":"product_brand","embeddable":true,"href":"https:\/\/holali.co.uk\/es\/wp-json\/wp\/v2\/product_brand?post=6743"},{"taxonomy":"product_cat","embeddable":true,"href":"https:\/\/holali.co.uk\/es\/wp-json\/wp\/v2\/product_cat?post=6743"},{"taxonomy":"product_tag","embeddable":true,"href":"https:\/\/holali.co.uk\/es\/wp-json\/wp\/v2\/product_tag?post=6743"}],"curies":[{"name":"wp","href":"https:\/\/api.w.org\/{rel}","templated":true}]}}