{"id":6741,"date":"2022-08-30T19:54:30","date_gmt":"2022-08-30T19:54:30","guid":{"rendered":"https:\/\/holali.local\/product\/solid-shampoo-bar-60g-black-raspberry\/"},"modified":"2024-10-03T20:57:56","modified_gmt":"2024-10-03T20:57:56","slug":"barra-de-champu-de-moras-negras-y-eticas","status":"publish","type":"product","link":"https:\/\/holali.co.uk\/es\/product\/black-raspberry-shampoo-and-conditioner-bars\/","title":{"rendered":"Barras de champ\u00fa y acondicionador de frambuesa negra incre\u00edbles"},"content":{"rendered":"<h2>Barras de champ\u00fa y acondicionador de frambuesa negra<\/h2>\n<p>Nuestras Barras de Champ\u00fa y Acondicionador de Frambuesa Negra han sido dise\u00f1adas con una mezcla de Frambuesa negra, para tener el mejor cuidado del cabello manteniendo la suavidad del mismo, y la de su cuero cabelludo.<\/p>\n<p>Nuestro champ\u00fa para el cabello, as\u00ed como el acondicionador para el cabello, le proporcionar\u00e1 un cabello brillante y libre de acumulaciones, protege su cabello de los efectos del medio ambiente y le dejar\u00e1 con un aspecto saludable y vanguardista.<\/p>\n<h3>No es necesario utilizar productos capilares adicionales como los acondicionadores sin aclarado.<\/h3>\n<p>Con nuestra barra de champ\u00fa acondicionador de frambuesa negra, tendr\u00e1s un producto 1 en 2<\/p>\n<ol>\n<li>acondicionador, as\u00ed como el champ\u00fa<\/li>\n<li>que te da m\u00e1s espacio en tu bolsa de aseo<\/li>\n<li>y lo hace lo suficientemente ligero para viajar.<\/li>\n<\/ol>\n<h6>CARACTER\u00cdSTICAS DE NUESTRO CHAMP\u00da-ACONDICIONADOR ECOL\u00d3GICO<\/h6>\n<ul>\n<li>Es apto para todo tipo de cabellos, incluidos los secos, los rizados, los grasos y los te\u00f1idos<\/li>\n<li>Funciona bien con agua caliente<\/li>\n<li>Sin SLS, SLES ni parabenos<\/li>\n<li>Eco-Friendly<\/li>\n<li>Los veganos y los vegetarianos tambi\u00e9n pueden disfrutarlo.<\/li>\n<li>pruebas en contra de los animales<\/li>\n<li>Sin crueldad<\/li>\n<li>Sin pl\u00e1stico<\/li>\n<li>Peso: 60g<\/li>\n<\/ul>\n<p>NOTA: El color o el dise\u00f1o pueden variar ligeramente de las im\u00e1genes mostradas. Si desea saber m\u00e1s sobre nuestros productos, no dude en ponerse en contacto con nosotros en cualquier momento.<\/p>\n<p>\u00bfBuscando una gran idea? <a href=\"https:\/\/holali.co.uk\/es\/categoria-de-producto\/cuidado-del-cuerpo\/productos-para-el-cuidado-de-la-piel\/paper-soap\/?wmc-currency=EUR\" target=\"_blank\" rel=\"noopener noreferrer\">S\u00d3LO TIENE QUE HACER CLIC AQU\u00cd<\/a><\/p>","protected":false},"excerpt":{"rendered":"<p>Black Raspberry Shampoo and Conditioner Bars Our Black Raspberry Shampoo and Conditioner Bars have been designed with a blend of black Raspberry, to have the best hair care by maintaining the softness of your hair, and that of your scalp. Our hair shampoo as well as hair conditioner will give you shiny hair and free&#8230;<\/p>","protected":false},"featured_media":6742,"comment_status":"open","ping_status":"closed","template":"","meta":{"_kad_blocks_custom_css":"","_kad_blocks_head_custom_js":"","_kad_blocks_body_custom_js":"","_kad_blocks_footer_custom_js":"","_kad_post_transparent":"default","_kad_post_title":"","_kad_post_layout":"default","_kad_post_sidebar_id":"","_kad_post_content_style":"default","_kad_post_vertical_padding":"default","_kad_post_feature":"","_kad_post_feature_position":"","_kad_post_header":false,"_kad_post_footer":false,"_kad_post_classname":"","_daim_seo_power":"","_daim_enable_ail":""},"product_brand":[],"product_cat":[480,700],"product_tag":[],"class_list":{"0":"post-6741","1":"product","2":"type-product","3":"status-publish","4":"has-post-thumbnail","6":"product_cat-eco-friendly-shampoo-bar","7":"product_cat-friendly-shampoo-bar","9":"first","10":"instock","11":"taxable","12":"shipping-taxable","13":"purchasable","14":"product-type-simple","15":"entry","16":"content-bg","17":"loop-entry"},"taxonomy_info":{"product_cat":[{"value":480,"label":"Eco-Friendly Shampoo Bar"},{"value":700,"label":"Friendly Shampoo Bar"}]},"featured_image_src_large":["https:\/\/holali.co.uk\/wp-content\/uploads\/2022\/08\/196457.jpeg",775,775,false],"author_info":[],"comment_info":0,"_links":{"self":[{"href":"https:\/\/holali.co.uk\/es\/wp-json\/wp\/v2\/product\/6741","targetHints":{"allow":["GET"]}}],"collection":[{"href":"https:\/\/holali.co.uk\/es\/wp-json\/wp\/v2\/product"}],"about":[{"href":"https:\/\/holali.co.uk\/es\/wp-json\/wp\/v2\/types\/product"}],"replies":[{"embeddable":true,"href":"https:\/\/holali.co.uk\/es\/wp-json\/wp\/v2\/comments?post=6741"}],"wp:featuredmedia":[{"embeddable":true,"href":"https:\/\/holali.co.uk\/es\/wp-json\/wp\/v2\/media\/6742"}],"wp:attachment":[{"href":"https:\/\/holali.co.uk\/es\/wp-json\/wp\/v2\/media?parent=6741"}],"wp:term":[{"taxonomy":"product_brand","embeddable":true,"href":"https:\/\/holali.co.uk\/es\/wp-json\/wp\/v2\/product_brand?post=6741"},{"taxonomy":"product_cat","embeddable":true,"href":"https:\/\/holali.co.uk\/es\/wp-json\/wp\/v2\/product_cat?post=6741"},{"taxonomy":"product_tag","embeddable":true,"href":"https:\/\/holali.co.uk\/es\/wp-json\/wp\/v2\/product_tag?post=6741"}],"curies":[{"name":"wp","href":"https:\/\/api.w.org\/{rel}","templated":true}]}}