{"id":6739,"date":"2022-08-30T19:54:30","date_gmt":"2022-08-30T19:54:30","guid":{"rendered":"https:\/\/holali.local\/product\/solid-shampoo-bar-60g-crazy-mango\/"},"modified":"2025-07-18T22:06:24","modified_gmt":"2025-07-18T22:06:24","slug":"barra-de-champu-de-mango","status":"publish","type":"product","link":"https:\/\/holali.co.uk\/es\/product\/the-best-shampoo-and-conditioner-bars\/","title":{"rendered":"Las mejores barras de champ\u00fa y acondicionador para el cabello"},"content":{"rendered":"<h2>Las mejores barras de champ\u00fa y acondicionador para el cabello<\/h2>\n<p>Has llegado al final de tu botella de champ\u00fa. Ha llegado el momento de comprar una nueva barra de champ\u00fa para el cabello. Has probado todas las marcas m\u00e1s vendidas, pero nada ha funcionado tan bien como las mejores barras de champ\u00fa y acondicionador con mango.<\/p>\n<p>Our mango <a href=\"https:\/\/holali.co.uk\/es\/producto\/barra-de-champu-vegano-aloe-vera\/?wmc-currency=EUR\" title=\"Mejor producto capilar vegano: Barra de champ\u00fa de aloe vera\"  data-wpil-monitor-id=\"360\">shampoo bar also conditioned your hair<\/a>, so you will\u00a0certainly see\u00a0that you do not need to make use of conditioner as well as an easy-to-travel hair shampoo <a href=\"https:\/\/holali.co.uk\/es\/product\/white-pink-soap-bar\/\">soap bar<\/a>.<\/p>\n<h4>IR A LA VERDE<\/h4>\n<p>There are many ways to go green when it comes to your beauty routine, and the best <a href=\"https:\/\/holali.co.uk\/es\/producto\/barra-de-champu-de-moras-negras-y-eticas\/?wmc-currency=EUR\" title=\"Barras de champ\u00fa y acondicionador de frambuesa negra incre\u00edbles\"  data-wpil-monitor-id=\"425\">shampoo and conditioner bars<\/a> are a great way to do so.<\/p>\n<p><a href=\"https:\/\/holali.co.uk\/es\/producto\/barra-de-champu-bubblegum-ethique\/?wmc-currency=EUR\" title=\"Barras de champ\u00fa y acondicionador de chicle: la nueva normalidad\"  data-wpil-monitor-id=\"424\">Shampoo and solid conditioner bars<\/a> are a great way to go green in the beauty routine. They use less packaging material, they don&#8217;t have any harmful ingredients, and they can last up to six months.<\/p>\n<p>El <a href=\"https:\/\/holali.co.uk\/es\/producto\/mejor-barra-de-champu-solido-de-eucalipto-para-el-cuidado-del-cabello-90g\/?wmc-currency=EUR\" title=\"Mejor Barra de Champ\u00fa S\u00f3lido de Eucalipto Para el Cuidado Del Cabello 90g\"  data-wpil-monitor-id=\"530\">solid shampoo bars<\/a> are especially good for those with sensitive scalps who have issues with regular liquid shampoo.<\/p>\n<h6>CARACTER\u00cdSTICAS DE NUESTRO CHAMP\u00da VEGANO EN BARRA<\/h6>\n<ul>\n<li>Es apto para todo tipo de cabellos, incluidos los secos, los rizados, los grasos y los te\u00f1idos<\/li>\n<li>Funciona bien con agua caliente<\/li>\n<li>Sin SLS, SLES ni parabenos<\/li>\n<li>Eco-Friendly<\/li>\n<li>Los veganos y los vegetarianos tambi\u00e9n pueden disfrutarlo.<\/li>\n<li>pruebas en contra de los animales<\/li>\n<li>Sin crueldad<\/li>\n<li>Sin pl\u00e1stico<\/li>\n<li>Peso: 60g<\/li>\n<\/ul>\n<p>NOTA: El color o el dise\u00f1o pueden variar ligeramente de las im\u00e1genes mostradas. Si desea saber m\u00e1s sobre nuestros productos, no dude en ponerse en contacto con nosotros en cualquier momento.<\/p>\n<p>\u00bfBuscando una gran idea? <a href=\"https:\/\/holali.co.uk\/es\/categoria-de-producto\/cuidado-del-cuerpo\/productos-para-el-cuidado-de-la-piel\/paper-soap\/?wmc-currency=EUR\" target=\"_blank\" rel=\"noopener noreferrer\">S\u00d3LO TIENE QUE HACER CLIC AQU\u00cd<\/a><\/p>","protected":false},"excerpt":{"rendered":"<p>The Best Shampoo and Conditioner Bars For Your Hair You&#8217;ve reached the end of your bottle of shampoo. The time has come for a new hair shampoo bar. You&#8217;ve tried all the top-selling brands, but nothing&#8217;s worked as well as the best shampoo and conditioner bars with mango. Our mango shampoo bar also conditioned your&#8230;<\/p>","protected":false},"featured_media":6740,"comment_status":"open","ping_status":"closed","template":"","meta":{"_kad_blocks_custom_css":"","_kad_blocks_head_custom_js":"","_kad_blocks_body_custom_js":"","_kad_blocks_footer_custom_js":"","_kad_post_transparent":"default","_kad_post_title":"","_kad_post_layout":"default","_kad_post_sidebar_id":"","_kad_post_content_style":"default","_kad_post_vertical_padding":"default","_kad_post_feature":"","_kad_post_feature_position":"","_kad_post_header":false,"_kad_post_footer":false,"_kad_post_classname":"","_daim_seo_power":"","_daim_enable_ail":""},"product_brand":[],"product_cat":[480,700],"product_tag":[],"class_list":{"0":"post-6739","1":"product","2":"type-product","3":"status-publish","4":"has-post-thumbnail","6":"product_cat-eco-friendly-shampoo-bar","7":"product_cat-friendly-shampoo-bar","9":"first","10":"instock","11":"sale","12":"taxable","13":"shipping-taxable","14":"purchasable","15":"product-type-simple","16":"entry","17":"content-bg","18":"loop-entry"},"taxonomy_info":{"product_cat":[{"value":480,"label":"Eco-Friendly Shampoo Bar"},{"value":700,"label":"Friendly Shampoo Bar"}]},"featured_image_src_large":["https:\/\/holali.co.uk\/wp-content\/uploads\/2022\/08\/196456.jpeg",828,828,false],"author_info":[],"comment_info":0,"_links":{"self":[{"href":"https:\/\/holali.co.uk\/es\/wp-json\/wp\/v2\/product\/6739","targetHints":{"allow":["GET"]}}],"collection":[{"href":"https:\/\/holali.co.uk\/es\/wp-json\/wp\/v2\/product"}],"about":[{"href":"https:\/\/holali.co.uk\/es\/wp-json\/wp\/v2\/types\/product"}],"replies":[{"embeddable":true,"href":"https:\/\/holali.co.uk\/es\/wp-json\/wp\/v2\/comments?post=6739"}],"wp:featuredmedia":[{"embeddable":true,"href":"https:\/\/holali.co.uk\/es\/wp-json\/wp\/v2\/media\/6740"}],"wp:attachment":[{"href":"https:\/\/holali.co.uk\/es\/wp-json\/wp\/v2\/media?parent=6739"}],"wp:term":[{"taxonomy":"product_brand","embeddable":true,"href":"https:\/\/holali.co.uk\/es\/wp-json\/wp\/v2\/product_brand?post=6739"},{"taxonomy":"product_cat","embeddable":true,"href":"https:\/\/holali.co.uk\/es\/wp-json\/wp\/v2\/product_cat?post=6739"},{"taxonomy":"product_tag","embeddable":true,"href":"https:\/\/holali.co.uk\/es\/wp-json\/wp\/v2\/product_tag?post=6739"}],"curies":[{"name":"wp","href":"https:\/\/api.w.org\/{rel}","templated":true}]}}